{"id":5302,"date":"2026-01-14T13:11:55","date_gmt":"2026-01-14T13:11:55","guid":{"rendered":"https:\/\/fourseasons-vilamoura.com\/offers\/staylonger-savemore-thissummer\/"},"modified":"2026-05-08T13:51:42","modified_gmt":"2026-05-08T12:51:42","slug":"longaestadia-poupemais-esteverao","status":"publish","type":"page","link":"https:\/\/fourseasons-vilamoura.com\/pt-pt\/offers\/longaestadia-poupemais-esteverao\/","title":{"rendered":"Prolongue a Sua Estadia e Poupe Este Ver\u00e3o"},"content":{"rendered":"<div id=\"pl-5302\"  class=\"panel-layout\" ><div id=\"pg-5302-0\"  class=\"panel-grid panel-has-style\" ><div class=\"c-row--valign-default c-row--widget-default c-row--margin-default c-row--column-none c-row--booking-form-hero-short siteorigin-panels-stretch panel-row-style panel-row-style-for-5302-0\" data-stretch-type=\"full-width-stretch\" ><div id=\"pgc-5302-0-0\"  class=\"panel-grid-cell\" ><div id=\"panel-5302-0-0-0\" class=\"so-panel widget widget_cn-core-hero-widget panel-first-child\" data-index=\"0\" ><div\n\t\t\t\n\t\t\tclass=\"so-widget-cn-core-hero-widget so-widget-cn-core-hero-widget-base\"\n\t\t\t\n\t\t><section class=\"c-hero c-hero--short\">\n    <div class=\"c-hero__inner\">\n        \n        <div class=\"c-hero__content\">\n\n                            <h1 class=\"c-hero__heading\">\n                    Ofertas exclusivas para a sua estadia no Algarve                <\/h1>\n            \n                            <p class=\"c-hero__subheading\">\n                    Prolongue a Sua Estadia e Poupe Este Ver\u00e3o                <\/p>\n                    <\/div>\n\n        \n    <\/div>\n\n\n\n    \n    \n    <div data-src=\"https:\/\/hotelcms-production.imgix.net\/fourseasons-vilamoura.com\/wp-content\/uploads\/2026\/03\/IMG-20260312-WA0015.jpg\" data-crop=\"\" class=\"imgix-fluid  crop \/ c-hero__background\"><\/div><noscript><div style=\"background-image: url(https:\/\/hotelcms-production.imgix.net\/fourseasons-vilamoura.com\/wp-content\/uploads\/2026\/03\/IMG-20260312-WA0015.jpg);\" class=\"crop \/ c-hero__background\" ><\/div><\/noscript>\n    \n    <\/section>\n<\/div><\/div><div id=\"panel-5302-0-0-1\" class=\"so-panel widget widget_cn-booking-form-widget panel-last-child\" data-index=\"1\" ><div\n\t\t\t\n\t\t\tclass=\"so-widget-cn-booking-form-widget so-widget-cn-booking-form-widget-base\"\n\t\t\t\n\t\t>\n<form\n    method=\"GET\"\n    action=\"https:\/\/booking.profitroom.com\/en\/fourseasonsvilamoura\/pricelist\/rooms\/\"\n    class=\"c-booking-form  js-booking-form \"\n    data-module=\"classic-booking-form\"\n    data-module-options='{\"datepickerContainer\":\"body\"}'\n    data-adapter=\"profitroom\"\n>\n    <div class=\"c-booking-form__inner\">\n        \n        \n        <div class=\"c-booking-form__fields\">\n            \n            <label for=\"\" class=\"c-booking-form__field c-booking-form__field--check-in\">\n                <span class=\"c-booking-form__label\">Check-in<\/span>\n\n                <input\n                    type=\"date\"\n                    name=\"checkInDate\"\n                    class=\"c-booking-form__input  js-booking-form-check-in\"\n                    placeholder= \"Check-in\">\n            <\/label>\n\n            <label for=\"\" class=\"c-booking-form__field c-booking-form__field--check-out\">\n                <span class=\"c-booking-form__label\">Check-out<\/span>\n\n                <input\n                    type=\"date\"\n                    name=\"checkOutDate\"\n                    class=\"c-booking-form__input  js-booking-form-check-out\"\n                    placeholder=\"Check-out\"\n                >\n            <\/label>\n\n            \n            \n                            <label class=\"c-booking-form__field c-booking-form__field--adults  js-booking-form-stepper\">\n                    <span class=\"c-booking-form__label\">Adults<\/span>\n\n                    <select\n                        class=\"c-booking-form__input  js-booking-form-input\"\n                        name=\"adults\"\n                        min=\"1\"\n                        max=\"10\"\n                    >\n                                                    <option value=\"1\" selected>\n                                1 adult                            <\/option>\n                                                    <option value=\"2\">\n                                2 adults                            <\/option>\n                                                    <option value=\"3\">\n                                3 adults                            <\/option>\n                                                    <option value=\"4\">\n                                4 adults                            <\/option>\n                                                    <option value=\"5\">\n                                5 adults                            <\/option>\n                                                    <option value=\"6\">\n                                6 adults                            <\/option>\n                                                    <option value=\"7\">\n                                7 adults                            <\/option>\n                                                    <option value=\"8\">\n                                8 adults                            <\/option>\n                                                    <option value=\"9\">\n                                9 adults                            <\/option>\n                                                    <option value=\"10\">\n                                10 adults                            <\/option>\n                                            <\/select>\n\n                    <button\n                        type=\"button\"\n                        class=\"c-booking-form__step c-booking-form__step--decrement  js-booking-form-step-decrement\"\n                    >\n                        <svg width=\"15\" height=\"15\" viewBox=\"0 0 15 15\" xmlns=\"http:\/\/www.w3.org\/2000\/svg\"><path fill=\"none\" stroke=\"#000\" stroke-miterlimit=\"10\" d=\"M15 7.5H0\"\/><\/svg>\n                    <\/button>\n\n                    <span class=\"c-booking-form__value  js-booking-form-value\">1<\/span>\n\n                    <button\n                        type=\"button\"\n                        class=\"c-booking-form__step c-booking-form__step--increment  js-booking-form-step-increment\"\n                    >\n                        <svg width=\"15\" height=\"15\" viewBox=\"0 0 15 15\" xmlns=\"http:\/\/www.w3.org\/2000\/svg\"><path d=\"M7.5 7.5H15 7.5v-7 7zm0 0v7.225V7.5H0h7.5z\" fill-rule=\"nonzero\" fill=\"none\" stroke=\"#000\" stroke-linecap=\"square\"\/><\/svg>\n                    <\/button>\n                <\/label>\n            \n                            <label class=\"c-booking-form__field c-booking-form__field--children  js-booking-form-stepper\">\n                    <span class=\"c-booking-form__label\">Children<\/span>\n\n                    <select\n                        class=\"c-booking-form__input  js-booking-form-input\"\n                        name=\"children\"\n                        min=\"0\"\n                        max=\"4\"\n                    >\n                                                    <option value=\"0\" selected>\n                                0 children                            <\/option>\n                                                    <option value=\"1\">\n                                1 child                            <\/option>\n                                                    <option value=\"2\">\n                                2 children                            <\/option>\n                                                    <option value=\"3\">\n                                3 children                            <\/option>\n                                                    <option value=\"4\">\n                                4 children                            <\/option>\n                                            <\/select>\n\n                    <button\n                        type=\"button\"\n                        class=\"c-booking-form__step c-booking-form__step--decrement  js-booking-form-step-decrement\"\n                    >\n                        <svg width=\"15\" height=\"15\" viewBox=\"0 0 15 15\" xmlns=\"http:\/\/www.w3.org\/2000\/svg\"><path fill=\"none\" stroke=\"#000\" stroke-miterlimit=\"10\" d=\"M15 7.5H0\"\/><\/svg>\n                    <\/button>\n\n                    <span class=\"c-booking-form__value  js-booking-form-value\">0<\/span>\n\n                    <button\n                        type=\"button\"\n                        class=\"c-booking-form__step c-booking-form__step--increment  js-booking-form-step-increment\"\n                    >\n                        <svg width=\"15\" height=\"15\" viewBox=\"0 0 15 15\" xmlns=\"http:\/\/www.w3.org\/2000\/svg\"><path d=\"M7.5 7.5H15 7.5v-7 7zm0 0v7.225V7.5H0h7.5z\" fill-rule=\"nonzero\" fill=\"none\" stroke=\"#000\" stroke-linecap=\"square\"\/><\/svg>\n                    <\/button>\n                <\/label>\n                    <\/div>\n\n        <div class=\"c-booking-form__submit\">\n            <button type=\"submit\" class=\"c-button  c-booking-form__button  js-booking-form-button\">\n                Ver disponibilidade            <\/button>\n        <\/div>\n    <\/div>\n\n    \n    \n    <\/form>\n<\/div><\/div><\/div><\/div><\/div><div id=\"pg-5302-1\"  class=\"panel-grid panel-has-style\" ><div class=\"c-row--valign-default c-row--widget-default c-row--margin-small c-row--column-default c-row--leaf-background-left siteorigin-panels-stretch panel-row-style panel-row-style-for-5302-1\" data-stretch-type=\"full-width-stretch\" ><div id=\"pgc-5302-1-0\"  class=\"panel-grid-cell\" ><div id=\"panel-5302-1-0-0\" class=\"so-panel widget widget_cn-core-media-widget panel-first-child panel-last-child\" data-index=\"2\" ><div\n\t\t\t\n\t\t\tclass=\"so-widget-cn-core-media-widget so-widget-cn-core-media-widget-base\"\n\t\t\t\n\t\t>\n<section\n    class=\"c-media c-media--layout-content-right c-media--light-pattern-bottom-right stack-media-first\"\n    data-module-options='{\"actionImageBehaviour\":\"replace_on_hover\"}'\n>\n    <article class=\"c-media__content\">\n        <div class=\"c-media__inner\">\n\n            \n                            <div class=\"c-media__headings\">\n                                            <p class=\"c-media__preheading\">\n                            Reserve diretamente e poupe                        <\/p>\n                    \n                    \n                                    <\/div>\n            \n                            <div class=\"c-media__text  s-entry\">\n                    <h2 data-section-id=\"3h36y2\" data-start=\"116\" data-end=\"160\">Prolongue a Sua Estadia e Poupe Este Ver\u00e3o<\/h2>\n<p data-start=\"162\" data-end=\"388\">Aproveite ao m\u00e1ximo a sua escapadinha de ver\u00e3o com um pouco mais de tempo para relaxar, explorar e descontrair. Quer esteja a sonhar com manh\u00e3s tranquilas, passeios \u00e0 beira-mar ou simplesmente em desligar da rotina, esta oferta exclusiva recompensa-o por ficar mais tempo.<\/p>\n<p data-start=\"390\" data-end=\"439\">Desfrute de 12% de desconto ao reservar 7 noites ou mais.<\/p>\n<p data-start=\"441\" data-end=\"609\">Escolha entre os nossos est\u00fadios confort\u00e1veis, espa\u00e7osos apartamentos T1 ou as op\u00e7\u00f5es familiares em apartamentos T2, dispon\u00edveis em regime de <strong>S\u00f3 Alojamento ou Alojamento e Pequeno-Almo\u00e7o.<\/strong><\/p>\n<hr data-start=\"611\" data-end=\"614\" \/>\n<h3 data-section-id=\"86xahg\" data-start=\"616\" data-end=\"639\"><span role=\"text\"><strong data-start=\"620\" data-end=\"639\"> Detalhes da Oferta<\/strong><\/span><\/h3>\n<ul data-start=\"640\" data-end=\"895\">\n<li data-section-id=\"k3s7uv\" data-start=\"640\" data-end=\"689\"><strong>12% de desconto em estadias de 7 noites ou mais<\/strong><\/li>\n<li data-section-id=\"gqmtpg\" data-start=\"690\" data-end=\"736\"><b data-path-to-node=\"8,1,0\" data-index-in-node=\"0\">Datas da estadia:<\/b> De agora at\u00e9 6 de agosto de 2026<\/li>\n<li><b data-path-to-node=\"8,2,0\" data-index-in-node=\"0\">Per\u00edodo de reserva:<\/b> At\u00e9 31 de maio<\/li>\n<li data-section-id=\"eedp9n\" data-start=\"776\" data-end=\"841\"><b data-path-to-node=\"8,3,0\" data-index-in-node=\"0\">Dispon\u00edvel em:<\/b> Est\u00fadio, Apartamento T1 e Apartamento T2<\/li>\n<li data-section-id=\"t90z9\" data-start=\"842\" data-end=\"895\"><b data-path-to-node=\"8,4,0\" data-index-in-node=\"0\">Regime:<\/b> S\u00f3 alojamento ou Alojamento e pequeno-almo\u00e7o<\/li>\n<\/ul>\n<hr data-start=\"897\" data-end=\"900\" \/>\n<h3 data-section-id=\"1rhqe94\" data-start=\"902\" data-end=\"924\">Como Reservar<\/h3>\n<p data-start=\"925\" data-end=\"1003\">Basta inserir o c\u00f3digo promocional <b data-path-to-node=\"9\" data-index-in-node=\"49\">SAVE7PLUS<\/b> no momento da reserva para aplicar o seu desconto.<\/p>\n<hr data-start=\"1005\" data-end=\"1008\" \/>\n<h3 data-section-id=\"fhgb0s\" data-start=\"1010\" data-end=\"1039\">Termos e Condi\u00e7\u00f5es<\/h3>\n<ul data-start=\"1040\" data-end=\"1146\">\n<li data-section-id=\"1i7iz0i\" data-start=\"1040\" data-end=\"1076\">Aplica-se uma estadia m\u00ednima de 7 noites<\/li>\n<li data-section-id=\"2db4so\" data-start=\"1077\" data-end=\"1121\">Pagamento integral exigido no ato da reserva<\/li>\n<li data-section-id=\"19yykk6\" data-start=\"1122\" data-end=\"1146\">Oferta n\u00e3o reembols\u00e1vel<\/li>\n<li data-section-id=\"19yykk6\" data-start=\"1122\" data-end=\"1146\">Apenas para novas reservas<\/li>\n<li data-section-id=\"19yykk6\" data-start=\"1122\" data-end=\"1146\">N\u00e3o acumul\u00e1vel com outras ofertas ou promo\u00e7\u00f5es em vigor<\/li>\n<\/ul>\n                <\/div>\n            \n            \n            \n                            <div class=\"c-media__buttons\">\n                    <a class=\"c-button  c-media__button c-button--conversion\" target=\"_blank\" href=\"https:\/\/booking.profitroom.com\/en\/fourseasonsvilamoura\/pricelist\/rooms\/?currency=EUR\" rel=\"noopener\">\n    Book Now<\/a>\n\n\n                <\/div>\n            \n            \n        <\/div>\n    <\/article>\n\n            <aside class=\"c-media__item\">\n            <div data-src=\"https:\/\/hotelcms-production.imgix.net\/fourseasons-vilamoura.com\/wp-content\/uploads\/2026\/03\/IMG-20260312-WA0005.jpg\" data-crop=\"\" class=\"imgix-fluid  crop  c-media__image\"><\/div><noscript><div style=\"background-image: url(https:\/\/hotelcms-production.imgix.net\/fourseasons-vilamoura.com\/wp-content\/uploads\/2026\/03\/IMG-20260312-WA0005.jpg);\" class=\"crop  c-media__image\" ><\/div><\/noscript>        <\/aside>\n    \n    \n            <a href=\"https:\/\/booking.profitroom.com\/en\/fourseasonsvilamoura\/pricelist\/rooms\/?currency=EUR\" class=\"c-media__anchor\" aria-hidden=\"true\" target=\"_blank\" rel=\"noopener\"><\/a>\n    <\/section>\n<\/div><\/div><\/div><\/div><\/div><\/div>","protected":false},"excerpt":{"rendered":"<p>Ofertas exclusivas para a sua estadia no Algarve Prolongue a Sua Estadia e Poupe Este Ver\u00e3o Check-in Check-out Adults 1 adult 2 adults 3 adults 4 adults 5 adults 6 adults 7 adults 8 adults 9 adults 10 adults 1 Children 0 children 1 child 2 children 3 children 4 children 0 Ver disponibilidade Reserve &hellip;<\/p>\n","protected":false},"author":4,"featured_media":0,"parent":1472,"menu_order":0,"comment_status":"closed","ping_status":"closed","template":"","meta":{"_acf_changed":false,"footnotes":""},"class_list":["post--5302","post--page","post--type-page","post--status-publish","post--hentry"],"acf":[],"_links":{"self":[{"href":"https:\/\/fourseasons-vilamoura.com\/pt-pt\/wp-json\/wp\/v2\/pages\/5302","targetHints":{"allow":["GET"]}}],"collection":[{"href":"https:\/\/fourseasons-vilamoura.com\/pt-pt\/wp-json\/wp\/v2\/pages"}],"about":[{"href":"https:\/\/fourseasons-vilamoura.com\/pt-pt\/wp-json\/wp\/v2\/types\/page"}],"author":[{"embeddable":true,"href":"https:\/\/fourseasons-vilamoura.com\/pt-pt\/wp-json\/wp\/v2\/users\/4"}],"replies":[{"embeddable":true,"href":"https:\/\/fourseasons-vilamoura.com\/pt-pt\/wp-json\/wp\/v2\/comments?post=5302"}],"version-history":[{"count":5,"href":"https:\/\/fourseasons-vilamoura.com\/pt-pt\/wp-json\/wp\/v2\/pages\/5302\/revisions"}],"predecessor-version":[{"id":5309,"href":"https:\/\/fourseasons-vilamoura.com\/pt-pt\/wp-json\/wp\/v2\/pages\/5302\/revisions\/5309"}],"up":[{"embeddable":true,"href":"https:\/\/fourseasons-vilamoura.com\/pt-pt\/wp-json\/wp\/v2\/pages\/1472"}],"wp:attachment":[{"href":"https:\/\/fourseasons-vilamoura.com\/pt-pt\/wp-json\/wp\/v2\/media?parent=5302"}],"curies":[{"name":"wp","href":"https:\/\/api.w.org\/{rel}","templated":true}]}}