{"id":5031,"date":"2026-01-14T12:54:38","date_gmt":"2026-01-14T12:54:38","guid":{"rendered":"https:\/\/fourseasons-vilamoura.com\/summer-2026\/"},"modified":"2026-02-17T12:10:34","modified_gmt":"2026-02-17T12:10:34","slug":"summer-2026","status":"publish","type":"page","link":"https:\/\/fourseasons-vilamoura.com\/pt-pt\/offers\/summer-2026\/","title":{"rendered":"Ver\u00e3o 2026"},"content":{"rendered":"<div id=\"pl-5031\"  class=\"panel-layout\" ><div id=\"pg-5031-0\"  class=\"panel-grid panel-has-style\" ><div class=\"c-row--valign-default c-row--widget-default c-row--margin-default c-row--column-none c-row--booking-form-hero-short siteorigin-panels-stretch panel-row-style panel-row-style-for-5031-0\" data-stretch-type=\"full-width-stretch\" ><div id=\"pgc-5031-0-0\"  class=\"panel-grid-cell\" ><div id=\"panel-5031-0-0-0\" class=\"so-panel widget widget_cn-core-hero-widget panel-first-child\" data-index=\"0\" ><div\n\t\t\t\n\t\t\tclass=\"so-widget-cn-core-hero-widget so-widget-cn-core-hero-widget-base\"\n\t\t\t\n\t\t><section class=\"c-hero c-hero--short\">\n    <div class=\"c-hero__inner\">\n        \n        <div class=\"c-hero__content\">\n\n                            <h1 class=\"c-hero__heading\">\n                    Reserve as suas f\u00e9rias de 2026                <\/h1>\n            \n                            <p class=\"c-hero__subheading\">\n                    Ver\u00e3o no Algarve                <\/p>\n                    <\/div>\n\n        \n    <\/div>\n\n\n\n    \n    \n    <div data-src=\"https:\/\/hotelcms-production.imgix.net\/fourseasons-vilamoura.com\/wp-content\/uploads\/2024\/05\/shutterstock_1976021822.jpg\" data-crop=\"\" class=\"imgix-fluid  crop \/ c-hero__background\"><\/div><noscript><div style=\"background-image: url(https:\/\/hotelcms-production.imgix.net\/fourseasons-vilamoura.com\/wp-content\/uploads\/2024\/05\/shutterstock_1976021822.jpg);\" class=\"crop \/ c-hero__background\" ><\/div><\/noscript>\n    \n    <\/section>\n<\/div><\/div><div id=\"panel-5031-0-0-1\" class=\"so-panel widget widget_cn-booking-form-widget panel-last-child\" data-index=\"1\" ><div\n\t\t\t\n\t\t\tclass=\"so-widget-cn-booking-form-widget so-widget-cn-booking-form-widget-base\"\n\t\t\t\n\t\t>\n<form\n    method=\"GET\"\n    action=\"https:\/\/booking.profitroom.com\/en\/fourseasonsvilamoura\/pricelist\/rooms\/\"\n    class=\"c-booking-form  js-booking-form \"\n    data-module=\"classic-booking-form\"\n    data-module-options='{\"datepickerContainer\":\"body\"}'\n    data-adapter=\"profitroom\"\n>\n    <div class=\"c-booking-form__inner\">\n        \n        \n        <div class=\"c-booking-form__fields\">\n            \n            <label for=\"\" class=\"c-booking-form__field c-booking-form__field--check-in\">\n                <span class=\"c-booking-form__label\">Check-in<\/span>\n\n                <input\n                    type=\"date\"\n                    name=\"checkInDate\"\n                    class=\"c-booking-form__input  js-booking-form-check-in\"\n                    placeholder= \"Check-in\">\n            <\/label>\n\n            <label for=\"\" class=\"c-booking-form__field c-booking-form__field--check-out\">\n                <span class=\"c-booking-form__label\">Check-out<\/span>\n\n                <input\n                    type=\"date\"\n                    name=\"checkOutDate\"\n                    class=\"c-booking-form__input  js-booking-form-check-out\"\n                    placeholder=\"Check-out\"\n                >\n            <\/label>\n\n            \n            \n                            <label class=\"c-booking-form__field c-booking-form__field--adults  js-booking-form-stepper\">\n                    <span class=\"c-booking-form__label\">Adults<\/span>\n\n                    <select\n                        class=\"c-booking-form__input  js-booking-form-input\"\n                        name=\"adults\"\n                        min=\"1\"\n                        max=\"10\"\n                    >\n                                                    <option value=\"1\" selected>\n                                1 adult                            <\/option>\n                                                    <option value=\"2\">\n                                2 adults                            <\/option>\n                                                    <option value=\"3\">\n                                3 adults                            <\/option>\n                                                    <option value=\"4\">\n                                4 adults                            <\/option>\n                                                    <option value=\"5\">\n                                5 adults                            <\/option>\n                                                    <option value=\"6\">\n                                6 adults                            <\/option>\n                                                    <option value=\"7\">\n                                7 adults                            <\/option>\n                                                    <option value=\"8\">\n                                8 adults                            <\/option>\n                                                    <option value=\"9\">\n                                9 adults                            <\/option>\n                                                    <option value=\"10\">\n                                10 adults                            <\/option>\n                                            <\/select>\n\n                    <button\n                        type=\"button\"\n                        class=\"c-booking-form__step c-booking-form__step--decrement  js-booking-form-step-decrement\"\n                    >\n                        <svg width=\"15\" height=\"15\" viewBox=\"0 0 15 15\" xmlns=\"http:\/\/www.w3.org\/2000\/svg\"><path fill=\"none\" stroke=\"#000\" stroke-miterlimit=\"10\" d=\"M15 7.5H0\"\/><\/svg>\n                    <\/button>\n\n                    <span class=\"c-booking-form__value  js-booking-form-value\">1<\/span>\n\n                    <button\n                        type=\"button\"\n                        class=\"c-booking-form__step c-booking-form__step--increment  js-booking-form-step-increment\"\n                    >\n                        <svg width=\"15\" height=\"15\" viewBox=\"0 0 15 15\" xmlns=\"http:\/\/www.w3.org\/2000\/svg\"><path d=\"M7.5 7.5H15 7.5v-7 7zm0 0v7.225V7.5H0h7.5z\" fill-rule=\"nonzero\" fill=\"none\" stroke=\"#000\" stroke-linecap=\"square\"\/><\/svg>\n                    <\/button>\n                <\/label>\n            \n                            <label class=\"c-booking-form__field c-booking-form__field--children  js-booking-form-stepper\">\n                    <span class=\"c-booking-form__label\">Children<\/span>\n\n                    <select\n                        class=\"c-booking-form__input  js-booking-form-input\"\n                        name=\"children\"\n                        min=\"0\"\n                        max=\"4\"\n                    >\n                                                    <option value=\"0\" selected>\n                                0 children                            <\/option>\n                                                    <option value=\"1\">\n                                1 child                            <\/option>\n                                                    <option value=\"2\">\n                                2 children                            <\/option>\n                                                    <option value=\"3\">\n                                3 children                            <\/option>\n                                                    <option value=\"4\">\n                                4 children                            <\/option>\n                                            <\/select>\n\n                    <button\n                        type=\"button\"\n                        class=\"c-booking-form__step c-booking-form__step--decrement  js-booking-form-step-decrement\"\n                    >\n                        <svg width=\"15\" height=\"15\" viewBox=\"0 0 15 15\" xmlns=\"http:\/\/www.w3.org\/2000\/svg\"><path fill=\"none\" stroke=\"#000\" stroke-miterlimit=\"10\" d=\"M15 7.5H0\"\/><\/svg>\n                    <\/button>\n\n                    <span class=\"c-booking-form__value  js-booking-form-value\">0<\/span>\n\n                    <button\n                        type=\"button\"\n                        class=\"c-booking-form__step c-booking-form__step--increment  js-booking-form-step-increment\"\n                    >\n                        <svg width=\"15\" height=\"15\" viewBox=\"0 0 15 15\" xmlns=\"http:\/\/www.w3.org\/2000\/svg\"><path d=\"M7.5 7.5H15 7.5v-7 7zm0 0v7.225V7.5H0h7.5z\" fill-rule=\"nonzero\" fill=\"none\" stroke=\"#000\" stroke-linecap=\"square\"\/><\/svg>\n                    <\/button>\n                <\/label>\n                    <\/div>\n\n        <div class=\"c-booking-form__submit\">\n            <button type=\"submit\" class=\"c-button  c-booking-form__button  js-booking-form-button\">\n                Verificar disponibilidade            <\/button>\n        <\/div>\n    <\/div>\n\n    \n    \n    <\/form>\n<\/div><\/div><\/div><\/div><\/div><div id=\"pg-5031-1\"  class=\"panel-grid panel-has-style\" ><div class=\"c-row--valign-default c-row--widget-default c-row--margin-small c-row--column-default c-row--leaf-background-left siteorigin-panels-stretch panel-row-style panel-row-style-for-5031-1\" data-stretch-type=\"full-width-stretch\" ><div id=\"pgc-5031-1-0\"  class=\"panel-grid-cell\" ><div id=\"panel-5031-1-0-0\" class=\"so-panel widget widget_cn-core-media-widget panel-first-child panel-last-child\" data-index=\"2\" ><div\n\t\t\t\n\t\t\tclass=\"so-widget-cn-core-media-widget so-widget-cn-core-media-widget-base\"\n\t\t\t\n\t\t>\n<section\n    class=\"c-media c-media--layout-content-right c-media--light-pattern-bottom-right stack-media-first\"\n    data-module-options='{\"actionImageBehaviour\":\"replace_on_hover\"}'\n>\n    <article class=\"c-media__content\">\n        <div class=\"c-media__inner\">\n\n            \n                            <div class=\"c-media__headings\">\n                                            <p class=\"c-media__preheading\">\n                            Calor de ver\u00e3o e piscinas refrescantes                        <\/p>\n                    \n                                            <h1 class=\"c-media__heading\">\n                            Torne o seu ver\u00e3o especial no FSVR                        <\/h1>\n                    \n                                    <\/div>\n            \n                            <div class=\"c-media__text  s-entry\">\n                    <p><strong>O ver\u00e3o no Algarve redesenhado<\/strong> espera por si no Four Seasons Vilamoura, onde os dias ensolarados se fundem com noites amenas repletas de risos, aventura e pura magia de f\u00e9rias.<\/p>\n<h4 data-start=\"461\" data-end=\"508\">Sol, divers\u00e3o e atividades para todos<\/h4>\n<p data-start=\"509\" data-end=\"648\">De <strong>meados de junho a setembro<\/strong>, o nosso resort fervilha com energia e entusiasmo para todas as idades e interesses. Mergulhe em dias repletos de:<\/p>\n<ul data-start=\"650\" data-end=\"1040\">\n<li data-start=\"650\" data-end=\"867\">\n<p data-start=\"652\" data-end=\"867\"><strong>Festas na piscina e m\u00fasica ao vivo<\/strong>: mergulhe nas nossas piscinas exteriores cintilantes ou participe numa das nossas lend\u00e1rias festas na piscina, com DJs e atua\u00e7\u00f5es ao vivo que mant\u00eam a boa vibra\u00e7\u00e3o durante toda a tarde.<\/p>\n<\/li>\n<li data-start=\"868\" data-end=\"1040\">\n<p data-start=\"870\" data-end=\"1040\"><strong>Entretenimento noturno:<\/strong> desde experi\u00eancias gastron\u00f3micas tem\u00e1ticas a m\u00fasica ao p\u00f4r do sol e bandas ao vivo, h\u00e1 sempre algo a acontecer sob o c\u00e9u de Vilamoura.<\/p>\n<\/li>\n<\/ul>\n                <\/div>\n            \n            \n            \n            \n            \n        <\/div>\n    <\/article>\n\n            <aside class=\"c-media__item\">\n            <div data-src=\"https:\/\/hotelcms-production.imgix.net\/fourseasons-vilamoura.com\/wp-content\/uploads\/2026\/01\/shutterstock_1701250429.jpg\" data-crop=\"\" class=\"imgix-fluid  crop  c-media__image\"><\/div><noscript><div style=\"background-image: url(https:\/\/hotelcms-production.imgix.net\/fourseasons-vilamoura.com\/wp-content\/uploads\/2026\/01\/shutterstock_1701250429.jpg);\" class=\"crop  c-media__image\" ><\/div><\/noscript>        <\/aside>\n    \n    \n    <\/section>\n<\/div><\/div><\/div><\/div><\/div><div id=\"pg-5031-2\"  class=\"panel-grid panel-has-style\" ><div class=\"c-row--valign-default c-row--widget-default c-row--margin-default c-row--column-default panel-row-style panel-row-style-for-5031-2\" ><div id=\"pgc-5031-2-0\"  class=\"panel-grid-cell\" ><div id=\"panel-5031-2-0-0\" class=\"so-panel widget widget_cn-core-media-widget panel-first-child panel-last-child\" data-index=\"3\" ><div\n\t\t\t\n\t\t\tclass=\"so-widget-cn-core-media-widget so-widget-cn-core-media-widget-base\"\n\t\t\t\n\t\t>\n<section\n    class=\"c-media c-media--layout-content-left c-media--light-pattern-bottom-right stack-media-first\"\n    data-module-options='{\"actionImageBehaviour\":\"replace_on_hover\"}'\n>\n    <article class=\"c-media__content\">\n        <div class=\"c-media__inner\">\n\n            \n                            <div class=\"c-media__headings\">\n                    \n                                            <h1 class=\"c-media__heading\">\n                            Divers\u00e3o em fam\u00edlia e zona de aventura para crian\u00e7as                        <\/h1>\n                    \n                                    <\/div>\n            \n                            <div class=\"c-media__text  s-entry\">\n                    <p data-start=\"1087\" data-end=\"1212\">O ver\u00e3o \u00e9 sin\u00f3nimo de mem\u00f3rias em fam\u00edlia, e prepar\u00e1mos o nosso calend\u00e1rio com experi\u00eancias divertidas tamb\u00e9m para os pequenos turistas:<\/p>\n<ul data-start=\"1214\" data-end=\"1655\">\n<li data-start=\"1214\" data-end=\"1365\">\n<p data-start=\"1216\" data-end=\"1365\"><strong>Zona Infantil:<\/strong> Trabalhos manuais criativos, ca\u00e7as ao tesouro, jogos, pintura, percursos de obst\u00e1culos e muito mais num espa\u00e7o supervisionado e seguro, onde a imagina\u00e7\u00e3o pode voar livremente.<\/p>\n<\/li>\n<li data-start=\"1366\" data-end=\"1526\">\n<p data-start=\"1368\" data-end=\"1526\"><strong>Programas de atividades semanais:<\/strong> A divers\u00e3o continua com eventos tem\u00e1ticos, corridas na piscina e dias especiais concebidos para despertar sorrisos e risos.<\/p>\n<\/li>\n<li data-start=\"1527\" data-end=\"1655\">\n<p data-start=\"1529\" data-end=\"1655\"><strong>Parques infantis e zonas aqu\u00e1ticas:<\/strong> Os mais pequenos podem brincar na \u00e1gua, explorar e fazer novos amigos enquanto relaxa com um cocktail e os observa de perto.<\/p>\n<\/li>\n<\/ul>\n                <\/div>\n            \n            \n            \n            \n            \n        <\/div>\n    <\/article>\n\n            <aside class=\"c-media__item\">\n            <div data-src=\"https:\/\/hotelcms-production.imgix.net\/fourseasons-vilamoura.com\/wp-content\/uploads\/2025\/11\/DSC05202.jpg\" data-crop=\"\" class=\"imgix-fluid  crop  c-media__image\"><\/div><noscript><div style=\"background-image: url(https:\/\/hotelcms-production.imgix.net\/fourseasons-vilamoura.com\/wp-content\/uploads\/2025\/11\/DSC05202.jpg);\" class=\"crop  c-media__image\" ><\/div><\/noscript>        <\/aside>\n    \n    \n    <\/section>\n<\/div><\/div><\/div><\/div><\/div><div id=\"pg-5031-3\"  class=\"panel-grid panel-has-style\" ><div class=\"c-row--valign-default c-row--widget-default c-row--margin-default c-row--column-default panel-row-style panel-row-style-for-5031-3\" ><div id=\"pgc-5031-3-0\"  class=\"panel-grid-cell\" ><div id=\"panel-5031-3-0-0\" class=\"so-panel widget widget_cn-core-media-widget panel-first-child panel-last-child\" data-index=\"4\" ><div\n\t\t\t\n\t\t\tclass=\"so-widget-cn-core-media-widget so-widget-cn-core-media-widget-base\"\n\t\t\t\n\t\t>\n<section\n    class=\"c-media c-media--layout-content-right c-media--light-pattern-bottom-right stack-media-first\"\n    data-module-options='{\"actionImageBehaviour\":\"replace_on_hover\"}'\n>\n    <article class=\"c-media__content\">\n        <div class=\"c-media__inner\">\n\n            \n                            <div class=\"c-media__headings\">\n                    \n                                            <h1 class=\"c-media__heading\">\n                            Dias ativos e bem-estar nos seus padr\u00f5es                        <\/h1>\n                    \n                                    <\/div>\n            \n                            <div class=\"c-media__text  s-entry\">\n                    <ul>\n<li data-start=\"1754\" data-end=\"1902\">\n<p data-start=\"1756\" data-end=\"1902\"><strong>Aulas de Zumba Aqu\u00e1tica e Fitness:<\/strong> Junte-se aos amigos e familiares para sess\u00f5es revigorantes e animadas que combinam fitness e divers\u00e3o na \u00e1gua.<\/p>\n<\/li>\n<li data-start=\"1903\" data-end=\"2039\">\n<p data-start=\"1905\" data-end=\"2039\"><strong>Yoga e Momentos de Bem-Estar:<\/strong> Encontre o seu equil\u00edbrio com sess\u00f5es de yoga ao nascer do sol, o ant\u00eddoto perfeito para a brisa salgada do mar e as manh\u00e3s quentes.<\/p>\n<\/li>\n<li data-start=\"2040\" data-end=\"2226\">\n<p data-start=\"2042\" data-end=\"2226\"><strong>Aventura e Excurs\u00f5es:<\/strong> Explore al\u00e9m do resort com as nossas excurs\u00f5es organizadas pela FSVR, passeios pela marina, viagens panor\u00e2micas de barco e aventuras costeiras que tornar\u00e3o as suas f\u00e9rias inesquec\u00edveis.<\/p>\n<\/li>\n<\/ul>\n                <\/div>\n            \n            \n            \n            \n            \n        <\/div>\n    <\/article>\n\n            <aside class=\"c-media__item\">\n            <div data-src=\"https:\/\/hotelcms-production.imgix.net\/fourseasons-vilamoura.com\/wp-content\/uploads\/2026\/01\/Screenshot_20250618_075807_WhatsApp.jpg\" data-crop=\"\" class=\"imgix-fluid  crop  c-media__image\"><\/div><noscript><div style=\"background-image: url(https:\/\/hotelcms-production.imgix.net\/fourseasons-vilamoura.com\/wp-content\/uploads\/2026\/01\/Screenshot_20250618_075807_WhatsApp.jpg);\" class=\"crop  c-media__image\" ><\/div><\/noscript>        <\/aside>\n    \n    \n    <\/section>\n<\/div><\/div><\/div><\/div><\/div><div id=\"pg-5031-4\"  class=\"panel-grid panel-has-style\" ><div class=\"c-row--valign-default c-row--widget-default c-row--margin-default c-row--column-default panel-row-style panel-row-style-for-5031-4\" ><div id=\"pgc-5031-4-0\"  class=\"panel-grid-cell\" ><div id=\"panel-5031-4-0-0\" class=\"so-panel widget widget_cn-core-media-widget panel-first-child panel-last-child\" data-index=\"5\" ><div\n\t\t\t\n\t\t\tclass=\"so-widget-cn-core-media-widget so-widget-cn-core-media-widget-base\"\n\t\t\t\n\t\t>\n<section\n    class=\"c-media c-media--layout-content-left c-media--light-pattern-bottom-right stack-media-first\"\n    data-module-options='{\"actionImageBehaviour\":\"replace_on_hover\"}'\n>\n    <article class=\"c-media__content\">\n        <div class=\"c-media__inner\">\n\n            \n                            <div class=\"c-media__headings\">\n                    \n                                            <h1 class=\"c-media__heading\">\n                            Pratos deliciosos e refei\u00e7\u00f5es ao ar livre                        <\/h1>\n                    \n                                    <\/div>\n            \n                            <div class=\"c-media__text  s-entry\">\n                    <ul>\n<li><strong>Jantar ao ar livre:<\/strong> Delicie-se sob o sol ou as estrelas com frutos do mar frescos, cl\u00e1ssicos mediterr\u00e2neos e pratos do dia que celebram os ingredientes locais<\/li>\n<li><strong>Momentos de cocktail:<\/strong> Desfrute de cocktails personalizados no bar da piscina ou no terra\u00e7o, onde cada bebida \u00e9 uma celebra\u00e7\u00e3o.<\/li>\n<li><strong>Noites tem\u00e1ticas:<\/strong> De noites brasileiras a banquetes italianos, os nossos jantares tem\u00e1ticos trazem sabores globais para a sua mesa de f\u00e9rias.<\/li>\n<\/ul>\n                <\/div>\n            \n            \n            \n            \n            \n        <\/div>\n    <\/article>\n\n            <aside class=\"c-media__item\">\n            <div data-src=\"https:\/\/hotelcms-production.imgix.net\/fourseasons-vilamoura.com\/wp-content\/uploads\/2023\/06\/Buffet-Still-Life_0034-scaled.jpg\" data-crop=\"\" class=\"imgix-fluid  crop  c-media__image\"><\/div><noscript><div style=\"background-image: url(https:\/\/hotelcms-production.imgix.net\/fourseasons-vilamoura.com\/wp-content\/uploads\/2023\/06\/Buffet-Still-Life_0034-scaled.jpg);\" class=\"crop  c-media__image\" ><\/div><\/noscript>        <\/aside>\n    \n    \n    <\/section>\n<\/div><\/div><\/div><\/div><\/div><div id=\"pg-5031-5\"  class=\"panel-grid panel-has-style\" ><div class=\"c-row--valign-default c-row--widget-default c-row--margin-default c-row--column-default panel-row-style panel-row-style-for-5031-5\" ><div id=\"pgc-5031-5-0\"  class=\"panel-grid-cell\" ><div id=\"panel-5031-5-0-0\" class=\"so-panel widget widget_cn-core-media-widget panel-first-child panel-last-child\" data-index=\"6\" ><div\n\t\t\t\n\t\t\tclass=\"so-widget-cn-core-media-widget so-widget-cn-core-media-widget-base\"\n\t\t\t\n\t\t>\n<section\n    class=\"c-media no-layout no-variation stack-media-first\"\n    data-module-options='{\"actionImageBehaviour\":\"replace_on_hover\"}'\n>\n    <article class=\"c-media__content\">\n        <div class=\"c-media__inner\">\n\n            \n            \n                            <div class=\"c-media__text  s-entry\">\n                    <p><strong>Ver\u00e3o infinito, mem\u00f3rias infinitas<\/strong><\/p>\n<p>Quer seja a sua primeira visita ou a sua tradi\u00e7\u00e3o anual de ver\u00e3o, o Four Seasons Vilamoura Resort transforma cada estadia numa experi\u00eancia que ir\u00e1 guardar para sempre, relaxante, alegre e absolutamente inesquec\u00edvel. Cada semana oferece algo diferente, por isso, informe-se sobre as datas das atividades que lhe interessam. Reserve hoje mesmo a sua<strong> escapadela de ver\u00e3o<\/strong> e comece a contagem decrescente para o sol, os sorrisos e a felicidade \u00e0 beira-mar.<\/p>\n                <\/div>\n            \n            \n            \n                            <div class=\"c-media__buttons\">\n                    <a class=\"c-button  c-media__button c-button--conversion\" target=\"_blank\" href=\"https:\/\/booking.profitroom.com\/en\/fourseasonsvilamoura\/pricelist\/rooms\/?\" rel=\"noopener\">\n    BOOK YOUR SUMMER 2026 ESCAPE<\/a>\n\n\n                <\/div>\n            \n            \n        <\/div>\n    <\/article>\n\n    \n    \n            <a href=\"https:\/\/booking.profitroom.com\/en\/fourseasonsvilamoura\/pricelist\/rooms\/?\" class=\"c-media__anchor\" aria-hidden=\"true\" target=\"_blank\" rel=\"noopener\"><\/a>\n    <\/section>\n<\/div><\/div><\/div><\/div><\/div><\/div>","protected":false},"excerpt":{"rendered":"<p>Reserve as suas f\u00e9rias de 2026 Ver\u00e3o no Algarve Check-in Check-out Adults 1 adult 2 adults 3 adults 4 adults 5 adults 6 adults 7 adults 8 adults 9 adults 10 adults 1 Children 0 children 1 child 2 children 3 children 4 children 0 Verificar disponibilidade Calor de ver\u00e3o e piscinas refrescantes Torne o &hellip;<\/p>\n","protected":false},"author":4,"featured_media":0,"parent":1472,"menu_order":3,"comment_status":"closed","ping_status":"closed","template":"","meta":{"_acf_changed":false,"footnotes":""},"class_list":["post--5031","post--page","post--type-page","post--status-publish","post--hentry"],"acf":[],"_links":{"self":[{"href":"https:\/\/fourseasons-vilamoura.com\/pt-pt\/wp-json\/wp\/v2\/pages\/5031","targetHints":{"allow":["GET"]}}],"collection":[{"href":"https:\/\/fourseasons-vilamoura.com\/pt-pt\/wp-json\/wp\/v2\/pages"}],"about":[{"href":"https:\/\/fourseasons-vilamoura.com\/pt-pt\/wp-json\/wp\/v2\/types\/page"}],"author":[{"embeddable":true,"href":"https:\/\/fourseasons-vilamoura.com\/pt-pt\/wp-json\/wp\/v2\/users\/4"}],"replies":[{"embeddable":true,"href":"https:\/\/fourseasons-vilamoura.com\/pt-pt\/wp-json\/wp\/v2\/comments?post=5031"}],"version-history":[{"count":5,"href":"https:\/\/fourseasons-vilamoura.com\/pt-pt\/wp-json\/wp\/v2\/pages\/5031\/revisions"}],"predecessor-version":[{"id":5085,"href":"https:\/\/fourseasons-vilamoura.com\/pt-pt\/wp-json\/wp\/v2\/pages\/5031\/revisions\/5085"}],"up":[{"embeddable":true,"href":"https:\/\/fourseasons-vilamoura.com\/pt-pt\/wp-json\/wp\/v2\/pages\/1472"}],"wp:attachment":[{"href":"https:\/\/fourseasons-vilamoura.com\/pt-pt\/wp-json\/wp\/v2\/media?parent=5031"}],"curies":[{"name":"wp","href":"https:\/\/api.w.org\/{rel}","templated":true}]}}