{"id":4610,"date":"2023-08-08T14:17:27","date_gmt":"2023-08-08T13:17:27","guid":{"rendered":"https:\/\/fourseasons-vilamoura.com\/offers\/christmas-2025\/"},"modified":"2025-11-27T12:00:46","modified_gmt":"2025-11-27T12:00:46","slug":"christmas-2025","status":"publish","type":"page","link":"https:\/\/fourseasons-vilamoura.com\/pt-pt\/offers\/christmas-2025\/","title":{"rendered":"Natal 2025"},"content":{"rendered":"<div id=\"pl-4610\"  class=\"panel-layout\" ><div id=\"pg-4610-0\"  class=\"panel-grid panel-has-style\" ><div class=\"c-row--valign-default c-row--widget-default c-row--margin-default c-row--column-none c-row--booking-form-hero-short siteorigin-panels-stretch panel-row-style panel-row-style-for-4610-0\" data-stretch-type=\"full-width-stretch\" ><div id=\"pgc-4610-0-0\"  class=\"panel-grid-cell\" ><div id=\"panel-4610-0-0-0\" class=\"so-panel widget widget_cn-core-hero-widget panel-first-child\" data-index=\"0\" ><div\n\t\t\t\n\t\t\tclass=\"so-widget-cn-core-hero-widget so-widget-cn-core-hero-widget-base\"\n\t\t\t\n\t\t><section class=\"c-hero c-hero--short\">\n    <div class=\"c-hero__inner\">\n        \n        <div class=\"c-hero__content\">\n\n                            <h1 class=\"c-hero__heading\">\n                    OFERTAS ESPECIAIS PARA ESTADIAS NO ALGARVE                <\/h1>\n            \n                            <p class=\"c-hero__subheading\">\n                    Natal e Passagem de Ano de 2025                <\/p>\n                    <\/div>\n\n        \n    <\/div>\n\n\n\n    \n    \n    <div data-src=\"https:\/\/hotelcms-production.imgix.net\/fourseasons-vilamoura.com\/wp-content\/uploads\/2023\/08\/hotel-53_46924088415_o-2.jpg\" data-crop=\"\" class=\"imgix-fluid  crop \/ c-hero__background\"><\/div><noscript><div style=\"background-image: url(https:\/\/hotelcms-production.imgix.net\/fourseasons-vilamoura.com\/wp-content\/uploads\/2023\/08\/hotel-53_46924088415_o-2.jpg);\" class=\"crop \/ c-hero__background\" ><\/div><\/noscript>\n    \n    <\/section>\n<\/div><\/div><div id=\"panel-4610-0-0-1\" class=\"so-panel widget widget_cn-booking-form-widget panel-last-child\" data-index=\"1\" ><div\n\t\t\t\n\t\t\tclass=\"so-widget-cn-booking-form-widget so-widget-cn-booking-form-widget-base\"\n\t\t\t\n\t\t>\n<form\n    method=\"GET\"\n    action=\"https:\/\/booking.profitroom.com\/en\/fourseasonsvilamoura\/pricelist\/rooms\/\"\n    class=\"c-booking-form  js-booking-form \"\n    data-module=\"classic-booking-form\"\n    data-module-options='{\"datepickerContainer\":\"body\"}'\n    data-adapter=\"profitroom\"\n>\n    <div class=\"c-booking-form__inner\">\n        \n        \n        <div class=\"c-booking-form__fields\">\n            \n            <label for=\"\" class=\"c-booking-form__field c-booking-form__field--check-in\">\n                <span class=\"c-booking-form__label\">Check-in<\/span>\n\n                <input\n                    type=\"date\"\n                    name=\"checkInDate\"\n                    class=\"c-booking-form__input  js-booking-form-check-in\"\n                    placeholder= \"Check-in\">\n            <\/label>\n\n            <label for=\"\" class=\"c-booking-form__field c-booking-form__field--check-out\">\n                <span class=\"c-booking-form__label\">Check-out<\/span>\n\n                <input\n                    type=\"date\"\n                    name=\"checkOutDate\"\n                    class=\"c-booking-form__input  js-booking-form-check-out\"\n                    placeholder=\"Check-out\"\n                >\n            <\/label>\n\n            \n            \n                            <label class=\"c-booking-form__field c-booking-form__field--adults  js-booking-form-stepper\">\n                    <span class=\"c-booking-form__label\">Adults<\/span>\n\n                    <select\n                        class=\"c-booking-form__input  js-booking-form-input\"\n                        name=\"adults\"\n                        min=\"1\"\n                        max=\"10\"\n                    >\n                                                    <option value=\"1\" selected>\n                                1 adult                            <\/option>\n                                                    <option value=\"2\">\n                                2 adults                            <\/option>\n                                                    <option value=\"3\">\n                                3 adults                            <\/option>\n                                                    <option value=\"4\">\n                                4 adults                            <\/option>\n                                                    <option value=\"5\">\n                                5 adults                            <\/option>\n                                                    <option value=\"6\">\n                                6 adults                            <\/option>\n                                                    <option value=\"7\">\n                                7 adults                            <\/option>\n                                                    <option value=\"8\">\n                                8 adults                            <\/option>\n                                                    <option value=\"9\">\n                                9 adults                            <\/option>\n                                                    <option value=\"10\">\n                                10 adults                            <\/option>\n                                            <\/select>\n\n                    <button\n                        type=\"button\"\n                        class=\"c-booking-form__step c-booking-form__step--decrement  js-booking-form-step-decrement\"\n                    >\n                        <svg width=\"15\" height=\"15\" viewBox=\"0 0 15 15\" xmlns=\"http:\/\/www.w3.org\/2000\/svg\"><path fill=\"none\" stroke=\"#000\" stroke-miterlimit=\"10\" d=\"M15 7.5H0\"\/><\/svg>\n                    <\/button>\n\n                    <span class=\"c-booking-form__value  js-booking-form-value\">1<\/span>\n\n                    <button\n                        type=\"button\"\n                        class=\"c-booking-form__step c-booking-form__step--increment  js-booking-form-step-increment\"\n                    >\n                        <svg width=\"15\" height=\"15\" viewBox=\"0 0 15 15\" xmlns=\"http:\/\/www.w3.org\/2000\/svg\"><path d=\"M7.5 7.5H15 7.5v-7 7zm0 0v7.225V7.5H0h7.5z\" fill-rule=\"nonzero\" fill=\"none\" stroke=\"#000\" stroke-linecap=\"square\"\/><\/svg>\n                    <\/button>\n                <\/label>\n            \n                            <label class=\"c-booking-form__field c-booking-form__field--children  js-booking-form-stepper\">\n                    <span class=\"c-booking-form__label\">Children<\/span>\n\n                    <select\n                        class=\"c-booking-form__input  js-booking-form-input\"\n                        name=\"children\"\n                        min=\"0\"\n                        max=\"4\"\n                    >\n                                                    <option value=\"0\" selected>\n                                0 children                            <\/option>\n                                                    <option value=\"1\">\n                                1 child                            <\/option>\n                                                    <option value=\"2\">\n                                2 children                            <\/option>\n                                                    <option value=\"3\">\n                                3 children                            <\/option>\n                                                    <option value=\"4\">\n                                4 children                            <\/option>\n                                            <\/select>\n\n                    <button\n                        type=\"button\"\n                        class=\"c-booking-form__step c-booking-form__step--decrement  js-booking-form-step-decrement\"\n                    >\n                        <svg width=\"15\" height=\"15\" viewBox=\"0 0 15 15\" xmlns=\"http:\/\/www.w3.org\/2000\/svg\"><path fill=\"none\" stroke=\"#000\" stroke-miterlimit=\"10\" d=\"M15 7.5H0\"\/><\/svg>\n                    <\/button>\n\n                    <span class=\"c-booking-form__value  js-booking-form-value\">0<\/span>\n\n                    <button\n                        type=\"button\"\n                        class=\"c-booking-form__step c-booking-form__step--increment  js-booking-form-step-increment\"\n                    >\n                        <svg width=\"15\" height=\"15\" viewBox=\"0 0 15 15\" xmlns=\"http:\/\/www.w3.org\/2000\/svg\"><path d=\"M7.5 7.5H15 7.5v-7 7zm0 0v7.225V7.5H0h7.5z\" fill-rule=\"nonzero\" fill=\"none\" stroke=\"#000\" stroke-linecap=\"square\"\/><\/svg>\n                    <\/button>\n                <\/label>\n                    <\/div>\n\n        <div class=\"c-booking-form__submit\">\n            <button type=\"submit\" class=\"c-button  c-booking-form__button  js-booking-form-button\">\n                Consultar disponibilidade            <\/button>\n        <\/div>\n    <\/div>\n\n    \n    \n    <\/form>\n<\/div><\/div><\/div><\/div><\/div><div id=\"pg-4610-1\"  class=\"panel-grid panel-has-style\" ><div class=\"c-row--valign-default c-row--widget-default c-row--margin-small c-row--column-default c-row--leaf-background-left siteorigin-panels-stretch panel-row-style panel-row-style-for-4610-1\" data-stretch-type=\"full-width-stretch\" ><div id=\"pgc-4610-1-0\"  class=\"panel-grid-cell\" ><div id=\"panel-4610-1-0-0\" class=\"so-panel widget widget_cn-core-media-widget panel-first-child panel-last-child\" data-index=\"2\" ><div\n\t\t\t\n\t\t\tclass=\"so-widget-cn-core-media-widget so-widget-cn-core-media-widget-base\"\n\t\t\t\n\t\t>\n<section\n    class=\"c-media no-layout c-media--light-pattern-bottom-right stack-media-first\"\n    data-module-options='{\"actionImageBehaviour\":\"replace_on_hover\"}'\n>\n    <article class=\"c-media__content\">\n        <div class=\"c-media__inner\">\n\n            \n                            <div class=\"c-media__headings\">\n                                            <p class=\"c-media__preheading\">\n                            Natal no Four Seasons Vilamoura Resort                        <\/p>\n                    \n                                            <h1 class=\"c-media__heading\">\n                            Aproveite as celebra\u00e7\u00f5es de fim de ano com uma experi\u00eancia gastron\u00f3mica especial inclu\u00edda!                        <\/h1>\n                    \n                                    <\/div>\n            \n                            <div class=\"c-media__text  s-entry\">\n                    <p>Aproveite as festas de fim de ano com uma experi\u00eancia gastron\u00f3mica especial inclu\u00edda e m\u00fasica ao vivo!<\/p>\n<p><strong>H\u00f3spedes adicionais<\/strong>: h\u00f3spedes extras que compartilham um apartamento devem pagar um suplemento e pagar\u00e3o separadamente pelas refei\u00e7\u00f5es com base na idade e na escolha da refei\u00e7\u00e3o (apenas jantar ou jantar + pequeno-almo\u00e7o). Para saber os pre\u00e7os, siga o link e escolha as datas.<\/p>\n<table border=\"0\" cellspacing=\"0\" cellpadding=\"0\">\n<tbody>\n<tr>\n<td valign=\"top\"><span lang=\"en-GB\" data-olk-copy-source=\"MessageBody\">Package 3 Noites\u00a0<\/span><\/td>\n<td valign=\"top\"><span lang=\"en-GB\">Pre\u00e7o<\/span><\/td>\n<\/tr>\n<tr>\n<td valign=\"top\">T0<\/td>\n<td valign=\"top\">\n<p align=\"right\">613\u20ac<\/p>\n<\/td>\n<\/tr>\n<tr>\n<td valign=\"top\">T1<\/td>\n<td valign=\"top\">\n<p align=\"right\">687\u20ac<\/p>\n<\/td>\n<\/tr>\n<tr>\n<td valign=\"top\">T2<\/td>\n<td valign=\"top\">\n<p align=\"right\">928\u20ac<\/p>\n<\/td>\n<\/tr>\n<\/tbody>\n<\/table>\n<p><span lang=\"en-GB\">Termos &amp; Condi\u00e7\u00f5es<\/span><\/p>\n<p>As 3 noites devem incluir a noite de 25 de dezembro;<\/p>\n<p>O pre\u00e7o \u00e9 para 2 adultos num T0, 2 adultos num T1 quarto e 2 adultos + 1 crian\u00e7a num T2.<\/p>\n<p>Pagamento no momento da reserva. N\u00e3o reembols\u00e1vel.<\/p>\n<p>Custo extra por adulto: 91 \u20ac<\/p>\n<p>Custo extra por crian\u00e7a: 58 \u20ac<\/p>\n<p>Inclui entretenimento.<\/p>\n<p>Escolha entre os nossos pacotes Apenas Quarto (RO), Alojamento e Pequeno-almo\u00e7o (BB) ou Meia Pens\u00e3o (HB) atrav\u00e9s da reserva direta no nosso site.<\/p>\n                <\/div>\n            \n            \n\n<ol class=\"c-accordion  c-media__accordion c-media__accordion--expanded-items\" role=\"tablist\">\n            <li id=\"69df0e28e54b2\" class=\"c-accordion__item \">\n            <a\n                href=\"#acc-69df0e28e54b2\"\n                role=\"tab\"\n                data-module=\"class-toggle\"\n                data-module-options='{\"target\": \"#69df0e28e54b2\", \"class\":\"is-active\"}'\n                class=\"c-accordion__anchor\"\n                id=\"acc-69df0e28e54b2-heading\"\n                aria-controls=\"acc-69df0e28e54b2\"\n            >\n                Menu da Consoada de 2025            <\/a>\n\n            <div\n                id=\"acc-69df0e28e54b2\"\n                class=\"c-accordion__content\"\n                role=\"tabpanel\"\n                aria-labelledby=\"acc-69df0e28e54b2-heading\"\n            >\n                <div class=\"s-entry  c-accordion__text\">\n                    <p><a href=\"https:\/\/hotelcms-production.imgix.net\/fourseasons-vilamoura.com\/wp-content\/uploads\/2025\/11\/2025-12-24-Vespera-de-Natal-menus-adulto-e-crianca.pdf?fm=pdf\">2025-12-24 - V\u00e9spera de Natal (menus adulto e crian\u00e7a)<\/a><\/p>\n                <\/div>\n            <\/div>\n        <\/li>\n            <li id=\"69df0e28e54e2\" class=\"c-accordion__item \">\n            <a\n                href=\"#acc-69df0e28e54e2\"\n                role=\"tab\"\n                data-module=\"class-toggle\"\n                data-module-options='{\"target\": \"#69df0e28e54e2\", \"class\":\"is-active\"}'\n                class=\"c-accordion__anchor\"\n                id=\"acc-69df0e28e54e2-heading\"\n                aria-controls=\"acc-69df0e28e54e2\"\n            >\n                Menu do dia de Natal 2025            <\/a>\n\n            <div\n                id=\"acc-69df0e28e54e2\"\n                class=\"c-accordion__content\"\n                role=\"tabpanel\"\n                aria-labelledby=\"acc-69df0e28e54e2-heading\"\n            >\n                <div class=\"s-entry  c-accordion__text\">\n                    <p><a href=\"https:\/\/hotelcms-production.imgix.net\/fourseasons-vilamoura.com\/wp-content\/uploads\/2025\/11\/2025-12-25-Dia-de-Natal-menus-adulto-e-crianca.pdf?fm=pdf\">2025-12-25 - Dia de Natal (menus adulto e crian\u00e7a)<\/a><\/p>\n                <\/div>\n            <\/div>\n        <\/li>\n            <li id=\"69df0e28e5508\" class=\"c-accordion__item \">\n            <a\n                href=\"#acc-69df0e28e5508\"\n                role=\"tab\"\n                data-module=\"class-toggle\"\n                data-module-options='{\"target\": \"#69df0e28e5508\", \"class\":\"is-active\"}'\n                class=\"c-accordion__anchor\"\n                id=\"acc-69df0e28e5508-heading\"\n                aria-controls=\"acc-69df0e28e5508\"\n            >\n                Menu de Natal para crian\u00e7as 2025            <\/a>\n\n            <div\n                id=\"acc-69df0e28e5508\"\n                class=\"c-accordion__content\"\n                role=\"tabpanel\"\n                aria-labelledby=\"acc-69df0e28e5508-heading\"\n            >\n                <div class=\"s-entry  c-accordion__text\">\n                    <p><a href=\"https:\/\/hotelcms-production.imgix.net\/fourseasons-vilamoura.com\/wp-content\/uploads\/2025\/11\/2025-12-25-Dia-de-Natal-menus-adulto-e-crianca.pdf?fm=pdf\">2025-12-25 - Dia de Natal (menus adulto e crian\u00e7a)<\/a><\/p>\n                <\/div>\n            <\/div>\n        <\/li>\n    <\/ol>\n\n            <ol class=\"c-media__actions\">\n        \n            <li\n            class=\"c-media__action\"\n            data-image-id=\"\"\n            data-action-label=\"See more\"\n        >\n            <a class=\"c-button  c-media__button no-variation\" target=\"_blank\" href=\"https:\/\/booking.profitroom.com\/en\/fourseasonsvilamoura\/pricelist\/rooms\/?check-in=2025-12-24&#038;check-out=2025-12-27&#038;currency=EUR&#038;r1_adults=2&#038;_gl=1%2A1vzl5uc%2A_gcl_au%2AMTAxODA5NTQ2Ny4xNzU3MzI5OTU3%2A_ga%2AMTQ3NzQ2MTY1Ny4xNzExMzgxMTQw%2A_ga_EGNGGCZLDE%2AczE3NTg1NTA4NTQkbzI1MCRnMSR0MTc1ODU1MjExNSRqNjAkbDAkaDA.\" rel=\"noopener\">\n    Reservar agora<\/a>\n\n\n        <\/li>\n    <\/ol>\n\n            \n            \n        <\/div>\n    <\/article>\n\n            <aside class=\"c-media__item\">\n                    <\/aside>\n    \n    \n            <a href=\"https:\/\/booking.profitroom.com\/en\/fourseasonsvilamoura\/pricelist\/rooms\/104562\/?check-in=2022-12-23&#038;check-out=2022-12-24&#038;currency=EUR&#038;r1_adults=2\" class=\"c-media__anchor\" aria-hidden=\"true\" target=\"_blank\" rel=\"noopener\"><\/a>\n    <\/section>\n<\/div><\/div><\/div><\/div><\/div><\/div>","protected":false},"excerpt":{"rendered":"<p>OFERTAS ESPECIAIS PARA ESTADIAS NO ALGARVE Natal e Passagem de Ano de 2025 Check-in Check-out Adults 1 adult 2 adults 3 adults 4 adults 5 adults 6 adults 7 adults 8 adults 9 adults 10 adults 1 Children 0 children 1 child 2 children 3 children 4 children 0 Consultar disponibilidade Natal no Four Seasons &hellip;<\/p>\n","protected":false},"author":1,"featured_media":0,"parent":1472,"menu_order":6,"comment_status":"closed","ping_status":"closed","template":"","meta":{"_acf_changed":false,"footnotes":""},"class_list":["post--4610","post--page","post--type-page","post--status-publish","post--hentry"],"acf":[],"_links":{"self":[{"href":"https:\/\/fourseasons-vilamoura.com\/pt-pt\/wp-json\/wp\/v2\/pages\/4610","targetHints":{"allow":["GET"]}}],"collection":[{"href":"https:\/\/fourseasons-vilamoura.com\/pt-pt\/wp-json\/wp\/v2\/pages"}],"about":[{"href":"https:\/\/fourseasons-vilamoura.com\/pt-pt\/wp-json\/wp\/v2\/types\/page"}],"author":[{"embeddable":true,"href":"https:\/\/fourseasons-vilamoura.com\/pt-pt\/wp-json\/wp\/v2\/users\/1"}],"replies":[{"embeddable":true,"href":"https:\/\/fourseasons-vilamoura.com\/pt-pt\/wp-json\/wp\/v2\/comments?post=4610"}],"version-history":[{"count":5,"href":"https:\/\/fourseasons-vilamoura.com\/pt-pt\/wp-json\/wp\/v2\/pages\/4610\/revisions"}],"predecessor-version":[{"id":4861,"href":"https:\/\/fourseasons-vilamoura.com\/pt-pt\/wp-json\/wp\/v2\/pages\/4610\/revisions\/4861"}],"up":[{"embeddable":true,"href":"https:\/\/fourseasons-vilamoura.com\/pt-pt\/wp-json\/wp\/v2\/pages\/1472"}],"wp:attachment":[{"href":"https:\/\/fourseasons-vilamoura.com\/pt-pt\/wp-json\/wp\/v2\/media?parent=4610"}],"curies":[{"name":"wp","href":"https:\/\/api.w.org\/{rel}","templated":true}]}}