{"id":3882,"date":"2025-02-18T11:32:39","date_gmt":"2025-02-18T11:32:39","guid":{"rendered":"https:\/\/fourseasons-vilamoura.com\/?page_id=3882"},"modified":"2025-02-18T11:40:05","modified_gmt":"2025-02-18T11:40:05","slug":"rgpc","status":"publish","type":"page","link":"https:\/\/fourseasons-vilamoura.com\/pt-pt\/rgpc\/","title":{"rendered":"RGPC"},"content":{"rendered":"<div id=\"pl-3882\"  class=\"panel-layout\" ><div id=\"pg-3882-0\"  class=\"panel-grid panel-has-style\" ><div class=\"c-row--valign-default c-row--widget-default c-row--margin-default c-row--column-none siteorigin-panels-stretch panel-row-style panel-row-style-for-3882-0\" data-stretch-type=\"full-width-stretch\" ><div id=\"pgc-3882-0-0\"  class=\"panel-grid-cell\" ><div id=\"panel-3882-0-0-0\" class=\"so-panel widget widget_cn-core-hero-widget panel-first-child panel-last-child\" data-index=\"0\" ><div\n\t\t\t\n\t\t\tclass=\"so-widget-cn-core-hero-widget so-widget-cn-core-hero-widget-base\"\n\t\t\t\n\t\t><section class=\"c-hero c-hero--illustration\">\n    <div class=\"c-hero__inner\">\n        \n        <div class=\"c-hero__content\">\n\n            \n                            <p class=\"c-hero__subheading\">\n                    RGPC                <\/p>\n                    <\/div>\n\n        \n    <\/div>\n\n\n\n    \n    \n    \n    \n    <\/section>\n<\/div><\/div><\/div><\/div><\/div><div id=\"pg-3882-1\"  class=\"panel-grid panel-has-style\" ><div class=\"c-row--valign-default c-row--widget-default c-row--margin-none c-row--column-mobile panel-row-style panel-row-style-for-3882-1\" ><div id=\"pgc-3882-1-0\"  class=\"panel-grid-cell\" ><div id=\"panel-3882-1-0-0\" class=\"so-panel widget widget_cn-core-media-widget panel-first-child panel-last-child\" data-index=\"1\" ><div\n\t\t\t\n\t\t\tclass=\"so-widget-cn-core-media-widget so-widget-cn-core-media-widget-base\"\n\t\t\t\n\t\t>\n<section\n    class=\"c-media no-layout no-variation stack-media-first\"\n    data-module-options='{\"actionImageBehaviour\":\"replace_on_hover\"}'\n>\n    <article class=\"c-media__content\">\n        <div class=\"c-media__inner\">\n\n            \n            \n                            <div class=\"c-media__text  s-entry\">\n                    <ul>\n<li><a href=\"https:\/\/hotelcms-production.imgix.net\/fourseasons-vilamoura.com\/wp-content\/uploads\/2025\/02\/001-Plano-de-prevencao-de-riscos-de-corrupcao-e-infracoes-conexas-20250212PL.pdf?fm=pdf\" target=\"_blank\">oo1 - Plano de preven\u00e7\u00e3o de riscos decorrup\u00e7\u00e3o e infra\u00e7\u00f5es conexas<\/a><\/li>\n<li><a href=\"https:\/\/hotelcms-production.imgix.net\/fourseasons-vilamoura.com\/wp-content\/uploads\/2025\/02\/002-Codigo-de-conduta-20250212PL.pdf?fm=pdf\" target=\"_blank\">002 - C\u00f3digo de Conduta<\/a><\/li>\n<\/ul>\n                <\/div>\n            \n            \n            \n            \n            \n        <\/div>\n    <\/article>\n\n    \n    \n    <\/section>\n<\/div><\/div><\/div><\/div><\/div><\/div>","protected":false},"excerpt":{"rendered":"<p>RGPC oo1 &#8211; Plano de preven\u00e7\u00e3o de riscos decorrup\u00e7\u00e3o e infra\u00e7\u00f5es conexas 002 &#8211; C\u00f3digo de Conduta<\/p>\n","protected":false},"author":6,"featured_media":0,"parent":0,"menu_order":2,"comment_status":"closed","ping_status":"closed","template":"","meta":{"_acf_changed":false,"footnotes":""},"class_list":["post--3882","post--page","post--type-page","post--status-publish","post--hentry"],"acf":[],"_links":{"self":[{"href":"https:\/\/fourseasons-vilamoura.com\/pt-pt\/wp-json\/wp\/v2\/pages\/3882","targetHints":{"allow":["GET"]}}],"collection":[{"href":"https:\/\/fourseasons-vilamoura.com\/pt-pt\/wp-json\/wp\/v2\/pages"}],"about":[{"href":"https:\/\/fourseasons-vilamoura.com\/pt-pt\/wp-json\/wp\/v2\/types\/page"}],"author":[{"embeddable":true,"href":"https:\/\/fourseasons-vilamoura.com\/pt-pt\/wp-json\/wp\/v2\/users\/6"}],"replies":[{"embeddable":true,"href":"https:\/\/fourseasons-vilamoura.com\/pt-pt\/wp-json\/wp\/v2\/comments?post=3882"}],"version-history":[{"count":4,"href":"https:\/\/fourseasons-vilamoura.com\/pt-pt\/wp-json\/wp\/v2\/pages\/3882\/revisions"}],"predecessor-version":[{"id":3890,"href":"https:\/\/fourseasons-vilamoura.com\/pt-pt\/wp-json\/wp\/v2\/pages\/3882\/revisions\/3890"}],"wp:attachment":[{"href":"https:\/\/fourseasons-vilamoura.com\/pt-pt\/wp-json\/wp\/v2\/media?parent=3882"}],"curies":[{"name":"wp","href":"https:\/\/api.w.org\/{rel}","templated":true}]}}