{"id":1974,"date":"2023-08-29T12:22:14","date_gmt":"2023-08-29T11:22:14","guid":{"rendered":"https:\/\/fourseasons-villamoura.testingcreative.co.uk\/?page_id=1974"},"modified":"2025-06-19T13:42:24","modified_gmt":"2025-06-19T12:42:24","slug":"careers","status":"publish","type":"page","link":"https:\/\/fourseasons-vilamoura.com\/pt-pt\/careers\/","title":{"rendered":"Carreiras"},"content":{"rendered":"<div id=\"pl-1974\"  class=\"panel-layout\" ><div id=\"pg-1974-0\"  class=\"panel-grid panel-has-style\" ><div class=\"c-row--valign-default c-row--widget-default c-row--margin-default c-row--column-none siteorigin-panels-stretch panel-row-style panel-row-style-for-1974-0\" data-stretch-type=\"full-width-stretch\" ><div id=\"pgc-1974-0-0\"  class=\"panel-grid-cell\" ><div id=\"panel-1974-0-0-0\" class=\"so-panel widget widget_cn-core-hero-widget panel-first-child panel-last-child\" data-index=\"0\" ><div\n\t\t\t\n\t\t\tclass=\"so-widget-cn-core-hero-widget so-widget-cn-core-hero-widget-base\"\n\t\t\t\n\t\t><section class=\"c-hero c-hero--illustration\">\n    <div class=\"c-hero__inner\">\n        \n        <div class=\"c-hero__content\">\n\n                            <h1 class=\"c-hero__heading\">\n                    Carreiras                <\/h1>\n            \n                            <p class=\"c-hero__subheading\">\n                    Quer trabalhar connosco?                <\/p>\n                    <\/div>\n\n        \n    <\/div>\n\n\n\n    \n    \n    <div data-src=\"https:\/\/hotelcms-production.imgix.net\/fourseasons-vilamoura.com\/wp-content\/uploads\/2023\/08\/B1_9769-scaled.jpg\" data-crop=\"\" class=\"imgix-fluid  crop \/ c-hero__background\"><\/div><noscript><div style=\"background-image: url(https:\/\/hotelcms-production.imgix.net\/fourseasons-vilamoura.com\/wp-content\/uploads\/2023\/08\/B1_9769-scaled.jpg);\" class=\"crop \/ c-hero__background\" ><\/div><\/noscript>\n    \n    <\/section>\n<\/div><\/div><\/div><\/div><\/div><div id=\"pg-1974-1\"  class=\"panel-grid panel-has-style\" ><div class=\"c-row--valign-default c-row--widget-default c-row--margin-none c-row--column-mobile panel-row-style panel-row-style-for-1974-1\" ><div id=\"pgc-1974-1-0\"  class=\"panel-grid-cell\" ><div id=\"panel-1974-1-0-0\" class=\"so-panel widget widget_cn-core-media-widget panel-first-child panel-last-child\" data-index=\"1\" ><div\n\t\t\t\n\t\t\tclass=\"so-widget-cn-core-media-widget so-widget-cn-core-media-widget-base\"\n\t\t\t\n\t\t>\n<section\n    class=\"c-media no-layout no-variation stack-media-first\"\n    data-module-options='{\"actionImageBehaviour\":\"replace_on_hover\"}'\n>\n    <article class=\"c-media__content\">\n        <div class=\"c-media__inner\">\n\n            \n            \n                            <div class=\"c-media__text  s-entry\">\n                    <p>Quer seja uma pessoa simp\u00e1tica e soci\u00e1vel atr\u00e1s do bar, quer tenha talento para cozinhar ou para o entretenimento de crian\u00e7as, ou esteja simplesmente \u00e0 procura de um novo desafio, temos muitas vezes fun\u00e7\u00f5es dispon\u00edveis em \u00e1reas diversas.<\/p>\n<p>Desde o acolhimento at\u00e9 ao servi\u00e7o de limpeza e muitos muitos mais. Para al\u00e9m de nos concentrarmos fortemente na forma\u00e7\u00e3o e no desenvolvimento, oferecemos sal\u00e1rios competitivos, oportunidades de progress\u00e3o e v\u00e1rios benef\u00edcios para os funcion\u00e1rios.<\/p>\n<p>Procuramos pessoas para integrar uma equipa esfor\u00e7ada e empenhada em dar experi\u00eancias memor\u00e1veis aos nossos h\u00f3spedes.<\/p>\n<p>Basta enviar o seu CV para\u00a0 <a href=\"mailto:recursoshumanos@fourseasons-vilamoura.com\">recursoshumanos@fourseasons-vilamoura.com<\/a><\/p>\n<p>Vagas a que estamos a recrutar:<\/p>\n<p>Rececionista<\/p>\n<p>Polivalente de manuten\u00e7\u00e3o<\/p>\n<p>Electricista<\/p>\n<p>Tratador de Piscinas, Supervisor de Piscinas e Lazer<\/p>\n<p>Empregado(a) de Andares<\/p>\n<p>Cozinheiro(a)<\/p>\n<p>Copeiro<\/p>\n<p>&nbsp;<\/p>\n                <\/div>\n            \n            \n            \n            \n            \n        <\/div>\n    <\/article>\n\n    \n    \n    <\/section>\n<\/div><\/div><\/div><\/div><\/div><\/div>","protected":false},"excerpt":{"rendered":"<p>Carreiras Quer trabalhar connosco? Quer seja uma pessoa simp\u00e1tica e soci\u00e1vel atr\u00e1s do bar, quer tenha talento para cozinhar ou para o entretenimento de crian\u00e7as, ou esteja simplesmente \u00e0 procura de um novo desafio, temos muitas vezes fun\u00e7\u00f5es dispon\u00edveis em \u00e1reas diversas. Desde o acolhimento at\u00e9 ao servi\u00e7o de limpeza e muitos muitos mais. Para &hellip;<\/p>\n","protected":false},"author":4,"featured_media":0,"parent":0,"menu_order":0,"comment_status":"closed","ping_status":"closed","template":"","meta":{"_acf_changed":false,"footnotes":""},"class_list":["post--1974","post--page","post--type-page","post--status-publish","post--hentry"],"acf":[],"_links":{"self":[{"href":"https:\/\/fourseasons-vilamoura.com\/pt-pt\/wp-json\/wp\/v2\/pages\/1974","targetHints":{"allow":["GET"]}}],"collection":[{"href":"https:\/\/fourseasons-vilamoura.com\/pt-pt\/wp-json\/wp\/v2\/pages"}],"about":[{"href":"https:\/\/fourseasons-vilamoura.com\/pt-pt\/wp-json\/wp\/v2\/types\/page"}],"author":[{"embeddable":true,"href":"https:\/\/fourseasons-vilamoura.com\/pt-pt\/wp-json\/wp\/v2\/users\/4"}],"replies":[{"embeddable":true,"href":"https:\/\/fourseasons-vilamoura.com\/pt-pt\/wp-json\/wp\/v2\/comments?post=1974"}],"version-history":[{"count":5,"href":"https:\/\/fourseasons-vilamoura.com\/pt-pt\/wp-json\/wp\/v2\/pages\/1974\/revisions"}],"predecessor-version":[{"id":4405,"href":"https:\/\/fourseasons-vilamoura.com\/pt-pt\/wp-json\/wp\/v2\/pages\/1974\/revisions\/4405"}],"wp:attachment":[{"href":"https:\/\/fourseasons-vilamoura.com\/pt-pt\/wp-json\/wp\/v2\/media?parent=1974"}],"curies":[{"name":"wp","href":"https:\/\/api.w.org\/{rel}","templated":true}]}}