{"id":1967,"date":"2023-08-29T12:15:23","date_gmt":"2023-08-29T11:15:23","guid":{"rendered":"https:\/\/fourseasons-villamoura.testingcreative.co.uk\/?page_id=1967"},"modified":"2023-08-31T14:59:17","modified_gmt":"2023-08-31T13:59:17","slug":"termos-e-condicoes","status":"publish","type":"page","link":"https:\/\/fourseasons-vilamoura.com\/pt-pt\/termos-e-condicoes\/","title":{"rendered":"Termos e Condi\u00e7\u00f5es"},"content":{"rendered":"<div id=\"pl-1967\"  class=\"panel-layout\" ><div id=\"pg-1967-0\"  class=\"panel-grid panel-has-style\" ><div class=\"c-row--valign-default c-row--widget-default c-row--margin-default c-row--column-none siteorigin-panels-stretch panel-row-style panel-row-style-for-1967-0\" data-stretch-type=\"full-stretched\" ><div id=\"pgc-1967-0-0\"  class=\"panel-grid-cell\" ><div id=\"panel-1967-0-0-0\" class=\"so-panel widget widget_cn-core-hero-widget panel-first-child panel-last-child\" data-index=\"0\" ><div\n\t\t\t\n\t\t\tclass=\"so-widget-cn-core-hero-widget so-widget-cn-core-hero-widget-base\"\n\t\t\t\n\t\t><section class=\"c-hero c-hero--illustration\">\n    <div class=\"c-hero__inner\">\n        \n        <div class=\"c-hero__content\">\n\n                            <h1 class=\"c-hero__heading\">\n                    Termos e Condi\u00e7\u00f5es                <\/h1>\n            \n                    <\/div>\n\n        \n    <\/div>\n\n\n\n    \n    \n    \n    \n    <\/section>\n<\/div><\/div><\/div><\/div><\/div><div id=\"pg-1967-1\"  class=\"panel-grid panel-has-style\" ><div class=\"c-row--valign-default c-row--widget-default c-row--margin-none c-row--column-mobile panel-row-style panel-row-style-for-1967-1\" ><div id=\"pgc-1967-1-0\"  class=\"panel-grid-cell\" ><div id=\"panel-1967-1-0-0\" class=\"so-panel widget widget_cn-core-media-widget panel-first-child panel-last-child\" data-index=\"1\" ><div\n\t\t\t\n\t\t\tclass=\"so-widget-cn-core-media-widget so-widget-cn-core-media-widget-base\"\n\t\t\t\n\t\t>\n<section\n    class=\"c-media no-layout no-variation stack-media-first\"\n    data-module-options='{\"actionImageBehaviour\":\"replace_on_hover\"}'\n>\n    <article class=\"c-media__content\">\n        <div class=\"c-media__inner\">\n\n            \n            \n                            <div class=\"c-media__text  s-entry\">\n                    <p>Termos e Condi\u00e7\u00f5es gerais de todas as ofertas.<\/p>\n                <\/div>\n            \n            \n            \n            \n            \n        <\/div>\n    <\/article>\n\n    \n    \n    <\/section>\n<\/div><\/div><\/div><\/div><\/div><div id=\"pg-1967-2\"  class=\"panel-grid panel-has-style\" ><div class=\"c-row--valign-default c-row--widget-default c-row--margin-default c-row--column-mobile panel-row-style panel-row-style-for-1967-2\" ><div id=\"pgc-1967-2-0\"  class=\"panel-grid-cell\" ><div id=\"panel-1967-2-0-0\" class=\"so-panel widget widget_cn-core-media-widget panel-first-child panel-last-child\" data-index=\"2\" ><div\n\t\t\t\n\t\t\tclass=\"so-widget-cn-core-media-widget so-widget-cn-core-media-widget-base\"\n\t\t\t\n\t\t>\n<section\n    class=\"c-media no-layout no-variation stack-media-first\"\n    data-module-options='{\"actionImageBehaviour\":\"replace_on_hover\"}'\n>\n    <article class=\"c-media__content\">\n        <div class=\"c-media__inner\">\n\n            \n            \n            \n            \n            \n                            <div class=\"c-media__buttons\">\n                    <a  class=\"c-button  c-media__button c-button--underline\" target=\"_blank\" href=\"https:\/\/hotelcms-production.imgix.net\/fourseasons-vilamoura.com\/wp-content\/uploads\/2023\/08\/TandCs-PT.pdf?fm=pdf\">\n    Ler Mais<\/a>\n\n\n                <\/div>\n            \n            \n        <\/div>\n    <\/article>\n\n    \n    \n            <a\n            href=\"https:\/\/fourseasons-vilamoura.com\/front-page-3\/\"\n            class=\"c-media__anchor\"\n            aria-hidden=\"true\"\n\n             target=\"_blank\"        ><\/a>\n    <\/section>\n<\/div><\/div><\/div><\/div><\/div><\/div>","protected":false},"excerpt":{"rendered":"<p>Termos e Condi\u00e7\u00f5es Termos e Condi\u00e7\u00f5es gerais de todas as ofertas. Ler Mais<\/p>\n","protected":false},"author":4,"featured_media":0,"parent":0,"menu_order":3,"comment_status":"closed","ping_status":"closed","template":"","meta":{"_acf_changed":false,"footnotes":""},"class_list":["post--1967","post--page","post--type-page","post--status-publish","post--hentry"],"acf":[],"_links":{"self":[{"href":"https:\/\/fourseasons-vilamoura.com\/pt-pt\/wp-json\/wp\/v2\/pages\/1967","targetHints":{"allow":["GET"]}}],"collection":[{"href":"https:\/\/fourseasons-vilamoura.com\/pt-pt\/wp-json\/wp\/v2\/pages"}],"about":[{"href":"https:\/\/fourseasons-vilamoura.com\/pt-pt\/wp-json\/wp\/v2\/types\/page"}],"author":[{"embeddable":true,"href":"https:\/\/fourseasons-vilamoura.com\/pt-pt\/wp-json\/wp\/v2\/users\/4"}],"replies":[{"embeddable":true,"href":"https:\/\/fourseasons-vilamoura.com\/pt-pt\/wp-json\/wp\/v2\/comments?post=1967"}],"version-history":[{"count":5,"href":"https:\/\/fourseasons-vilamoura.com\/pt-pt\/wp-json\/wp\/v2\/pages\/1967\/revisions"}],"predecessor-version":[{"id":2036,"href":"https:\/\/fourseasons-vilamoura.com\/pt-pt\/wp-json\/wp\/v2\/pages\/1967\/revisions\/2036"}],"wp:attachment":[{"href":"https:\/\/fourseasons-vilamoura.com\/pt-pt\/wp-json\/wp\/v2\/media?parent=1967"}],"curies":[{"name":"wp","href":"https:\/\/api.w.org\/{rel}","templated":true}]}}