{"id":1481,"date":"2023-05-22T15:09:12","date_gmt":"2023-05-22T14:09:12","guid":{"rendered":"https:\/\/fourseasons-villamoura.testingcreative.co.uk\/newsletter\/newsletter-thank-you\/"},"modified":"2023-08-03T16:43:35","modified_gmt":"2023-08-03T15:43:35","slug":"newsletter-thank-you","status":"publish","type":"page","link":"https:\/\/fourseasons-vilamoura.com\/pt-pt\/newsletter\/newsletter-thank-you\/","title":{"rendered":"Newsletter | Thank you"},"content":{"rendered":"<div id=\"pl-1481\"  class=\"panel-layout\" ><div id=\"pg-1481-0\"  class=\"panel-grid panel-has-style\" ><div class=\"c-row--valign-default c-row--widget-default c-row--margin-none c-row--column-none c-row--ty-404 siteorigin-panels-stretch panel-row-style panel-row-style-for-1481-0\" data-stretch-type=\"full-stretched\" ><div id=\"pgc-1481-0-0\"  class=\"panel-grid-cell\" ><div id=\"panel-1481-0-0-0\" class=\"so-panel widget widget_cn-core-hero-widget panel-first-child panel-last-child\" data-index=\"0\" ><div\n\t\t\t\n\t\t\tclass=\"so-widget-cn-core-hero-widget so-widget-cn-core-hero-widget-base\"\n\t\t\t\n\t\t><section class=\"c-hero c-hero--illustration\">\n    <div class=\"c-hero__inner\">\n        \n        <div class=\"c-hero__content\">\n\n                            <h1 class=\"c-hero__heading\">\n                    Dados pessoais enviados                <\/h1>\n            \n                            <p class=\"c-hero__subheading\">\n                    Agradecemos-lhe pela sua subscri\u00e7\u00e3o                <\/p>\n                            <div class=\"s-entry \/ c-hero__text\">\n                    <p>\n                        Os seus dados pessoais foram enviados com sucesso. A equipa que constitui o Four Seasons Vilamoura Resort ir\u00e1 atualizar a sua base de dados. Mantenha-se atento \u00e0 caixa de entrada do seu correio eletr\u00f3nico para ficar a par das novidades.                    <\/p>\n                <\/div>\n                    <\/div>\n\n        \n        <div class=\"c-hero__buttons\">\n\n            <a  class=\"c-button  c-button--hollow\" href=\"https:\/\/fourseasons-vilamoura.com\/front-page-3\/\">\n    Regressar \u00e0 p\u00e1gina de entrada<\/a>\n\n\n\n        <\/div>\n\n        \n    <\/div>\n\n\n\n    \n    \n    \n    \n    <\/section>\n<\/div><\/div><\/div><\/div><\/div><\/div>","protected":false},"excerpt":{"rendered":"<p>Dados pessoais enviados Agradecemos-lhe pela sua subscri\u00e7\u00e3o Os seus dados pessoais foram enviados com sucesso. A equipa que constitui o Four Seasons Vilamoura Resort ir\u00e1 atualizar a sua base de dados. Mantenha-se atento \u00e0 caixa de entrada do seu correio eletr\u00f3nico para ficar a par das novidades. Regressar \u00e0 p\u00e1gina de entrada<\/p>\n","protected":false},"author":1,"featured_media":0,"parent":1480,"menu_order":0,"comment_status":"closed","ping_status":"closed","template":"","meta":{"_acf_changed":false,"footnotes":""},"class_list":["post--1481","post--page","post--type-page","post--status-publish","post--hentry"],"acf":[],"_links":{"self":[{"href":"https:\/\/fourseasons-vilamoura.com\/pt-pt\/wp-json\/wp\/v2\/pages\/1481","targetHints":{"allow":["GET"]}}],"collection":[{"href":"https:\/\/fourseasons-vilamoura.com\/pt-pt\/wp-json\/wp\/v2\/pages"}],"about":[{"href":"https:\/\/fourseasons-vilamoura.com\/pt-pt\/wp-json\/wp\/v2\/types\/page"}],"author":[{"embeddable":true,"href":"https:\/\/fourseasons-vilamoura.com\/pt-pt\/wp-json\/wp\/v2\/users\/1"}],"replies":[{"embeddable":true,"href":"https:\/\/fourseasons-vilamoura.com\/pt-pt\/wp-json\/wp\/v2\/comments?post=1481"}],"version-history":[{"count":3,"href":"https:\/\/fourseasons-vilamoura.com\/pt-pt\/wp-json\/wp\/v2\/pages\/1481\/revisions"}],"predecessor-version":[{"id":1505,"href":"https:\/\/fourseasons-vilamoura.com\/pt-pt\/wp-json\/wp\/v2\/pages\/1481\/revisions\/1505"}],"up":[{"embeddable":true,"href":"https:\/\/fourseasons-vilamoura.com\/pt-pt\/wp-json\/wp\/v2\/pages\/1480"}],"wp:attachment":[{"href":"https:\/\/fourseasons-vilamoura.com\/pt-pt\/wp-json\/wp\/v2\/media?parent=1481"}],"curies":[{"name":"wp","href":"https:\/\/api.w.org\/{rel}","templated":true}]}}