{"id":1479,"date":"2023-05-22T15:08:09","date_gmt":"2023-05-22T14:08:09","guid":{"rendered":"https:\/\/fourseasons-villamoura.testingcreative.co.uk\/disputes\/"},"modified":"2023-08-03T16:33:48","modified_gmt":"2023-08-03T15:33:48","slug":"disputes","status":"publish","type":"page","link":"https:\/\/fourseasons-vilamoura.com\/pt-pt\/disputes\/","title":{"rendered":"Disputes"},"content":{"rendered":"<div id=\"pl-1479\"  class=\"panel-layout\" ><div id=\"pg-1479-0\"  class=\"panel-grid panel-has-style\" ><div class=\"c-row--valign-default c-row--widget-default c-row--margin-default c-row--column-none siteorigin-panels-stretch panel-row-style panel-row-style-for-1479-0\" data-stretch-type=\"full-stretched\" ><div id=\"pgc-1479-0-0\"  class=\"panel-grid-cell\" ><div id=\"panel-1479-0-0-0\" class=\"so-panel widget widget_cn-core-hero-widget panel-first-child panel-last-child\" data-index=\"0\" ><div\n\t\t\t\n\t\t\tclass=\"so-widget-cn-core-hero-widget so-widget-cn-core-hero-widget-base\"\n\t\t\t\n\t\t><section class=\"c-hero c-hero--illustration\">\n    <div class=\"c-hero__inner\">\n        \n        <div class=\"c-hero__content\">\n\n                            <h1 class=\"c-hero__heading\">\n                    Lit\u00edgios de consumo                <\/h1>\n            \n                            <p class=\"c-hero__subheading\">\n                    Resolu\u00e7\u00e3o Alternativa de Lit\u00edgios de Consumo (RAL)                <\/p>\n                    <\/div>\n\n        \n    <\/div>\n\n\n\n    \n    \n    \n    \n    <\/section>\n<\/div><\/div><\/div><\/div><\/div><div id=\"pg-1479-1\"  class=\"panel-grid panel-has-style\" ><div class=\"c-row--valign-default c-row--widget-default c-row--margin-none c-row--column-mobile panel-row-style panel-row-style-for-1479-1\" ><div id=\"pgc-1479-1-0\"  class=\"panel-grid-cell\" ><div id=\"panel-1479-1-0-0\" class=\"so-panel widget widget_cn-core-media-widget panel-first-child panel-last-child\" data-index=\"1\" ><div\n\t\t\t\n\t\t\tclass=\"so-widget-cn-core-media-widget so-widget-cn-core-media-widget-base\"\n\t\t\t\n\t\t>\n<section\n    class=\"c-media no-layout no-variation stack-media-first\"\n    data-module-options='{\"actionImageBehaviour\":\"replace_on_hover\"}'\n>\n    <article class=\"c-media__content\">\n        <div class=\"c-media__inner\">\n\n            \n            \n                            <div class=\"c-media__text  s-entry\">\n                    <p>Em caso de lit\u00edgio de consumo, pode o consumidor recorrer ao Centro de Informa\u00e7\u00e3o, Media\u00e7\u00e3o e Arbitragem de Conflitos de Consumo do Algarve (CIMAAL), atrav\u00e9s dos seguintes meios:<\/p>\n<p>Endere\u00e7o: Avenida 5 de Outubro, 55, r\u00e9s-do-ch\u00e3o direito, 8000-075 Faro, Portugal<br \/>\nTelefone: <a href=\"tel:+351289823135\" target=\"_blank\" rel=\"noopener\">+351 289 823 135<\/a><br \/>\nS\u00edtio: <a href=\"http:\/\/www.consumidoronline.pt\" target=\"_blank\" rel=\"noopener\">www.consumidoronline.pt<\/a><br \/>\nCorreio eletr\u00f3nico: <a href=\"mailto:info@consumoalgarve.pt\" target=\"_blank\" rel=\"noopener\">info@consumoalgarve.pt<\/a><\/p>\n<p>N\u00famero de registo do Four Seasons Vilamoura Resort: 7331<\/p>\n                <\/div>\n            \n            \n            \n            \n            \n        <\/div>\n    <\/article>\n\n    \n    \n    <\/section>\n<\/div><\/div><\/div><\/div><\/div><div id=\"pg-1479-2\"  class=\"panel-grid panel-has-style\" ><div class=\"c-row--valign-default c-row--widget-default c-row--margin-default c-row--column-mobile panel-row-style panel-row-style-for-1479-2\" ><div id=\"pgc-1479-2-0\"  class=\"panel-grid-cell\" ><div id=\"panel-1479-2-0-0\" class=\"so-panel widget widget_cn-core-media-widget panel-first-child panel-last-child\" data-index=\"2\" ><div\n\t\t\t\n\t\t\tclass=\"so-widget-cn-core-media-widget so-widget-cn-core-media-widget-base\"\n\t\t\t\n\t\t>\n<section\n    class=\"c-media no-layout no-variation stack-media-first\"\n    data-module-options='{\"actionImageBehaviour\":\"replace_on_hover\"}'\n>\n    <article class=\"c-media__content\">\n        <div class=\"c-media__inner\">\n\n            \n            \n            \n            \n            \n                            <div class=\"c-media__buttons\">\n                    <a class=\"c-button  c-media__button c-button--underline\" href=\"https:\/\/fourseasons-vilamoura.com\/front-page-3\/\">\n    Regressar \u00e0 p\u00e1gina de entrada<\/a>\n\n\n                <\/div>\n            \n            \n        <\/div>\n    <\/article>\n\n    \n    \n            <a href=\"https:\/\/fourseasons-vilamoura.com\/front-page-3\/\" class=\"c-media__anchor\" aria-hidden=\"true\"><\/a>\n    <\/section>\n<\/div><\/div><\/div><\/div><\/div><\/div>","protected":false},"excerpt":{"rendered":"<p>Lit\u00edgios de consumo Resolu\u00e7\u00e3o Alternativa de Lit\u00edgios de Consumo (RAL) Em caso de lit\u00edgio de consumo, pode o consumidor recorrer ao Centro de Informa\u00e7\u00e3o, Media\u00e7\u00e3o e Arbitragem de Conflitos de Consumo do Algarve (CIMAAL), atrav\u00e9s dos seguintes meios: Endere\u00e7o: Avenida 5 de Outubro, 55, r\u00e9s-do-ch\u00e3o direito, 8000-075 Faro, Portugal Telefone: +351 289 823 135 S\u00edtio: &hellip;<\/p>\n","protected":false},"author":1,"featured_media":0,"parent":0,"menu_order":15,"comment_status":"closed","ping_status":"closed","template":"","meta":{"_acf_changed":false,"footnotes":""},"class_list":["post--1479","post--page","post--type-page","post--status-publish","post--hentry"],"acf":[],"_links":{"self":[{"href":"https:\/\/fourseasons-vilamoura.com\/pt-pt\/wp-json\/wp\/v2\/pages\/1479","targetHints":{"allow":["GET"]}}],"collection":[{"href":"https:\/\/fourseasons-vilamoura.com\/pt-pt\/wp-json\/wp\/v2\/pages"}],"about":[{"href":"https:\/\/fourseasons-vilamoura.com\/pt-pt\/wp-json\/wp\/v2\/types\/page"}],"author":[{"embeddable":true,"href":"https:\/\/fourseasons-vilamoura.com\/pt-pt\/wp-json\/wp\/v2\/users\/1"}],"replies":[{"embeddable":true,"href":"https:\/\/fourseasons-vilamoura.com\/pt-pt\/wp-json\/wp\/v2\/comments?post=1479"}],"version-history":[{"count":3,"href":"https:\/\/fourseasons-vilamoura.com\/pt-pt\/wp-json\/wp\/v2\/pages\/1479\/revisions"}],"predecessor-version":[{"id":1500,"href":"https:\/\/fourseasons-vilamoura.com\/pt-pt\/wp-json\/wp\/v2\/pages\/1479\/revisions\/1500"}],"wp:attachment":[{"href":"https:\/\/fourseasons-vilamoura.com\/pt-pt\/wp-json\/wp\/v2\/media?parent=1479"}],"curies":[{"name":"wp","href":"https:\/\/api.w.org\/{rel}","templated":true}]}}