{"id":1478,"date":"2023-05-22T15:08:08","date_gmt":"2023-05-22T14:08:08","guid":{"rendered":"https:\/\/fourseasons-villamoura.testingcreative.co.uk\/privacy-policy\/"},"modified":"2023-08-31T17:17:17","modified_gmt":"2023-08-31T16:17:17","slug":"privacy-policy","status":"publish","type":"page","link":"https:\/\/fourseasons-vilamoura.com\/pt-pt\/privacy-policy\/","title":{"rendered":"Privacy Policy"},"content":{"rendered":"<div id=\"pl-1478\"  class=\"panel-layout\" ><div id=\"pg-1478-0\"  class=\"panel-grid panel-has-style\" ><div class=\"c-row--valign-default c-row--widget-default c-row--margin-default c-row--column-none siteorigin-panels-stretch panel-row-style panel-row-style-for-1478-0\" data-stretch-type=\"full-stretched\" ><div id=\"pgc-1478-0-0\"  class=\"panel-grid-cell\" ><div id=\"panel-1478-0-0-0\" class=\"so-panel widget widget_cn-core-hero-widget panel-first-child panel-last-child\" data-index=\"0\" ><div\n\t\t\t\n\t\t\tclass=\"so-widget-cn-core-hero-widget so-widget-cn-core-hero-widget-base\"\n\t\t\t\n\t\t><section class=\"c-hero c-hero--illustration\">\n    <div class=\"c-hero__inner\">\n        \n        <div class=\"c-hero__content\">\n\n                            <h1 class=\"c-hero__heading\">\n                    Como utilizamos os seus dados pessoais                <\/h1>\n            \n                            <p class=\"c-hero__subheading\">\n                    Pol\u00edtica de privacidade                <\/p>\n                    <\/div>\n\n        \n    <\/div>\n\n\n\n    \n    \n    \n    \n    <\/section>\n<\/div><\/div><\/div><\/div><\/div><div id=\"pg-1478-1\"  class=\"panel-grid panel-has-style\" ><div class=\"c-row--valign-default c-row--widget-default c-row--margin-none c-row--column-mobile panel-row-style panel-row-style-for-1478-1\" ><div id=\"pgc-1478-1-0\"  class=\"panel-grid-cell\" ><div id=\"panel-1478-1-0-0\" class=\"so-panel widget widget_cn-core-media-widget panel-first-child panel-last-child\" data-index=\"1\" ><div\n\t\t\t\n\t\t\tclass=\"so-widget-cn-core-media-widget so-widget-cn-core-media-widget-base\"\n\t\t\t\n\t\t>\n<section\n    class=\"c-media no-layout no-variation stack-media-first\"\n    data-module-options='{\"actionImageBehaviour\":\"replace_on_hover\"}'\n>\n    <article class=\"c-media__content\">\n        <div class=\"c-media__inner\">\n\n            \n                            <div class=\"c-media__headings\">\n                    \n                    \n                                            <h3 class=\"c-media__subheading\">\n                            Introdu\u00e7\u00e3o                        <\/h3>\n                                    <\/div>\n            \n                            <div class=\"c-media__text  s-entry\">\n                    <p>Esta pol\u00edtica de privacidade (\u00abPol\u00edtica\u00bb) descreve a forma como o Four Seasons Vilamoura Resort e a Vilamouragest \u2014 Gest\u00e3o de Empreendimentos Tur\u00edsticos, Sociedade Unipessoal, L.\u1d48\u1d43 (\u00abFour Seasons Vilamoura Resort\u00bb, \u00abVilamouragest \u2014 Gest\u00e3o de Empreendimentos Tur\u00edsticos, Sociedade Unipessoal, L.\u1d48\u1d43\u00bb, \u00abn\u00f3s\u00bb, \u00abnos\u00bb ou \u00abnosso[s]\u00bb) recolhe, protege e utiliza a informa\u00e7\u00e3o pessoalmente identific\u00e1vel (\u00abInforma\u00e7\u00e3o Pessoal\u00bb) que o Utilizador (\u00abUtilizador\u00bb, \u00abvoc\u00ea\u00bb ou \u00abseu[s]\u00bb) nos possa disponibilizar no s\u00edtio www.fourseasons-vilamoura.com e em qualquer dos seus produtos ou servi\u00e7os (coletivamente, \u00abS\u00edtio\u00bb ou \u00abServi\u00e7os\u00bb).<\/p>\n<p>Descreve tamb\u00e9m as op\u00e7\u00f5es dispon\u00edveis para si relativamente \u00e0 nossa utiliza\u00e7\u00e3o da sua Informa\u00e7\u00e3o Pessoal e a forma como pode aceder e atualizar esta informa\u00e7\u00e3o. Esta Pol\u00edtica n\u00e3o se aplica \u00e0s pr\u00e1ticas de empresas que n\u00e3o detenhamos ou controlemos ou a pessoas que n\u00e3o empreguemos ou dirijamos.<\/p>\n                <\/div>\n            \n            \n            \n            \n            \n        <\/div>\n    <\/article>\n\n    \n    \n    <\/section>\n<\/div><\/div><\/div><\/div><\/div><div id=\"pg-1478-2\"  class=\"panel-grid panel-has-style\" ><div class=\"c-row--valign-default c-row--widget-default c-row--margin-default c-row--column-mobile panel-row-style panel-row-style-for-1478-2\" ><div id=\"pgc-1478-2-0\"  class=\"panel-grid-cell\" ><div id=\"panel-1478-2-0-0\" class=\"so-panel widget widget_cn-core-media-widget panel-first-child panel-last-child\" data-index=\"2\" ><div\n\t\t\t\n\t\t\tclass=\"so-widget-cn-core-media-widget so-widget-cn-core-media-widget-base\"\n\t\t\t\n\t\t>\n<section\n    class=\"c-media no-layout no-variation stack-media-first\"\n    data-module-options='{\"actionImageBehaviour\":\"replace_on_hover\"}'\n>\n    <article class=\"c-media__content\">\n        <div class=\"c-media__inner\">\n\n            \n            \n                            <div class=\"c-media__text  s-entry\">\n                    <h3>Recolha autom\u00e1tica de informa\u00e7\u00e3o<\/h3>\n<p>Quando visita o S\u00edtio, os nossos servidores registam automaticamente informa\u00e7\u00e3o enviada pelo seu navegador. Estes dados podem incluir informa\u00e7\u00e3o como o endere\u00e7o IP do seu dispositivo, o tipo e vers\u00e3o do seu navegador, o tipo e vers\u00e3o do seu sistema operativo, as suas prefer\u00eancias lingu\u00edsticas ou a p\u00e1gina que visitou antes de entrar no nosso S\u00edtio, as p\u00e1ginas do nosso S\u00edtio que visitou, o tempo que passou nessas p\u00e1ginas, a informa\u00e7\u00e3o que pesquisou no nosso S\u00edtio, horas e datas de acesso e outras estat\u00edsticas.<\/p>\n<h3>Recolha de informa\u00e7\u00e3o pessoal<\/h3>\n<p>Pode visitar o S\u00edtio sem nos dizer quem \u00e9 ou revelar qualquer informa\u00e7\u00e3o atrav\u00e9s da qual algu\u00e9m o possa identificar como uma pessoa espec\u00edfica identific\u00e1vel. Se, contudo, pretender utilizar algumas das funcionalidades do S\u00edtio, ser-lhe-\u00e1 solicitado que disponibilize determinada Informa\u00e7\u00e3o Pessoal (por exemplo, o seu nome e endere\u00e7o de correio eletr\u00f3nico).<\/p>\n<p>N\u00f3s recebemos e armazenamos qualquer informa\u00e7\u00e3o que nos disponibilize conscientemente quando faz uma compra ou preenche qualquer dos formul\u00e1rios em linha no nosso S\u00edtio. Pode escolher n\u00e3o nos fornecer a sua Informa\u00e7\u00e3o Pessoal mas n\u00e3o poder\u00e1 beneficiar de algumas funcionalidades do S\u00edtio. Os Utilizadores que tenham d\u00favidas sobre qual a informa\u00e7\u00e3o obrigat\u00f3ria podem <a href=\"\/pt-pt\/contact\/\">contactar-nos<\/a>.<\/p>\n<h3>Utiliza\u00e7\u00e3o e tratamento da informa\u00e7\u00e3o recolhida<\/h3>\n<p>Qualquer informa\u00e7\u00e3o que recolhamos sobre si pode ser utilizada para personalizar a sua experi\u00eancia; otimizar o nosso S\u00edtio; otimizar o servi\u00e7o de apoio ao cliente e responder a quest\u00f5es e mensagens recebidas por correio eletr\u00f3nico dos nossos clientes; processar transa\u00e7\u00f5es; enviar boletins informativos; enviar mensagens por correio eletr\u00f3nico de notifica\u00e7\u00e3o como lembretes de palavras-passe, atualiza\u00e7\u00f5es, etc.; executar e operar o nosso S\u00edtio e Servi\u00e7os.<\/p>\n<p>A informa\u00e7\u00e3o recolhida automaticamente \u00e9 utilizada apenas para identificar potenciais casos de abuso e estabelecer informa\u00e7\u00e3o estat\u00edstica sobre a utiliza\u00e7\u00e3o do S\u00edtio. Esta informa\u00e7\u00e3o estat\u00edstica n\u00e3o \u00e9 de outra maneira agregada de forma a identificar qualquer utilizador espec\u00edfico do sistema.<\/p>\n<p>Podemos tratar Informa\u00e7\u00e3o Pessoal relativa a si no caso de se aplicar uma das seguintes situa\u00e7\u00f5es: (i) se tiver dado o seu consentimento para um ou mais objetivos espec\u00edficos. De real\u00e7ar que ao abrigo de determinadas legisla\u00e7\u00f5es podemos tratar a informa\u00e7\u00e3o at\u00e9 o Utilizador se opor a tal tratamento (mediante autoexclus\u00e3o), independentemente do consentimento ou de quaisquer dos seguintes fundamentos jur\u00eddicos.<\/p>\n<p>Contudo, tal n\u00e3o se aplica sempre que a Informa\u00e7\u00e3o Pessoal esteja sujeita \u00e0 legisla\u00e7\u00e3o europeia de prote\u00e7\u00e3o de dados; (ii) se a disponibiliza\u00e7\u00e3o da informa\u00e7\u00e3o for necess\u00e1ria para a execu\u00e7\u00e3o de um contrato consigo e\/ou por quaisquer obriga\u00e7\u00f5es pr\u00e9-contratuais do mesmo; (iii) se o tratamento da informa\u00e7\u00e3o for necess\u00e1rio para cumprimento de uma obriga\u00e7\u00e3o legal \u00e0 qual voc\u00ea esteja sujeito; (iv) se o tratamento estiver relacionado com uma fun\u00e7\u00e3o que seja realizada no interesse p\u00fablico ou no exerc\u00edcio de uma autoridade oficial que nos seja conferida; (v) se o tratamento for necess\u00e1rio para efeitos dos interesses leg\u00edtimos prosseguidos por n\u00f3s ou por terceiros. Em qualquer dos casos, temos gosto em esclarecer os fundamentos jur\u00eddicos espec\u00edficos que se aplicam ao tratamento e, em particular, quando a disponibiliza\u00e7\u00e3o da Informa\u00e7\u00e3o Pessoal for um requisito obrigat\u00f3rio ou contratual, ou um requisito necess\u00e1rio para celebrar um contrato.<\/p>\n<h3>Transfer\u00eancia e armazenamento de informa\u00e7\u00e3o<\/h3>\n<p>Dependendo da sua localiza\u00e7\u00e3o, as transfer\u00eancias de dados podem envolver transferir e armazenar a sua informa\u00e7\u00e3o num pa\u00eds diferente do seu. Tem direito a ser informado sobre o fundamento jur\u00eddico para as transfer\u00eancias para um pa\u00eds fora da Uni\u00e3o Europeia ou para qualquer organiza\u00e7\u00e3o internacional regulada pelo direito internacional p\u00fablico ou estabelecida por dois ou mais pa\u00edses, como as Na\u00e7\u00f5es Unidas, e sobre as medidas de seguran\u00e7a tomadas por n\u00f3s para prote\u00e7\u00e3o da sua informa\u00e7\u00e3o.<\/p>\n<p>Se ocorrer qualquer dessas transfer\u00eancias, pode obter mais informa\u00e7\u00f5es verificando as sec\u00e7\u00f5es pertinentes deste documento ou questionando-nos utilizando a informa\u00e7\u00e3o disponibilizada na sec\u00e7\u00e3o de contactos.<\/p>\n<h3>Os direitos dos utilizadores<\/h3>\n<p>O Utilizador pode exercer determinados direitos relativos \u00e0 sua informa\u00e7\u00e3o tratada por n\u00f3s. Em particular, tem direito ao seguinte: (i) tem o direito a retirar o seu consentimento ao tratamento da sua informa\u00e7\u00e3o; (ii) tem o direito de oposi\u00e7\u00e3o ao tratamento da sua informa\u00e7\u00e3o se o tratamento for realizado com um fundamento jur\u00eddico diferente do consentimento; (iii) tem o direito a ser informado se a informa\u00e7\u00e3o for tratada por n\u00f3s, \u00e0 revela\u00e7\u00e3o sobre determinados aspetos do tratamento e a obter uma c\u00f3pia da informa\u00e7\u00e3o sujeita a tratamento; (iv) tem o direito a verificar a exatid\u00e3o da sua informa\u00e7\u00e3o e a solicitar a sua atualiza\u00e7\u00e3o ou corre\u00e7\u00e3o; (v) tem o direito, sob determinadas circunst\u00e2ncias, a restringir o tratamento da sua informa\u00e7\u00e3o, caso em que n\u00e3o trataremos a sua informa\u00e7\u00e3o para qualquer finalidade diferente do armazenamento da mesma; (vi) tem o direito, sob determinadas circunst\u00e2ncias, a obter o apagamento da sua Informa\u00e7\u00e3o Pessoal por n\u00f3s; (vii) tem o direito a receber a sua informa\u00e7\u00e3o num formato estruturado, vulgarmente utilizado e de leitura \u00f3tica e, se tecnicamente exequ\u00edvel, a que a mesma seja transmitida a outro respons\u00e1vel pelo tratamento sem qualquer impedimento.<\/p>\n<p>Esta disposi\u00e7\u00e3o \u00e9 aplic\u00e1vel sob reserva de a sua informa\u00e7\u00e3o ser tratada por meios automatizados e o tratamento se basear no seu consentimento, num contrato do qual seja parte ou em obriga\u00e7\u00f5es pr\u00e9-contratuais do mesmo.<\/p>\n<h3>O direito \u00e0 oposi\u00e7\u00e3o ao tratamento<\/h3>\n<p>Quando a Informa\u00e7\u00e3o Pessoal \u00e9 tratada para o interesse p\u00fablico, no exerc\u00edcio de uma autoridade oficial que nos \u00e9 conferida ou para efeitos dos interesses leg\u00edtimos prosseguidos por n\u00f3s, o Utilizador pode exercer a oposi\u00e7\u00e3o a esse tratamento apresentando um fundamento relacionado com a sua situa\u00e7\u00e3o particular para justificar a oposi\u00e7\u00e3o.<\/p>\n<p>Contudo, deve ter conhecimento de que, se a sua Informa\u00e7\u00e3o Pessoal for tratada para efeitos de mercadologia direta, pode exercer a oposi\u00e7\u00e3o a esse tratamento a qualquer momento sem apresentar qualquer justifica\u00e7\u00e3o. Para saber se tratamos Informa\u00e7\u00e3o Pessoal para efeitos de mercadologia direta, pode consultar as sec\u00e7\u00f5es pertinentes deste documento.<\/p>\n<h3>Como exercer estes direitos<\/h3>\n<p>Quaisquer pedidos para exerc\u00edcio de direitos do Utilizador podem ser dirigidos ao Propriet\u00e1rio atrav\u00e9s dos dados para contacto fornecidos neste documento. Estes pedidos podem ser exercidos gratuitamente e ser\u00e3o tratados pelo Propriet\u00e1rio com a maior brevidade poss\u00edvel.<\/p>\n<h3>Fatura\u00e7\u00e3o e pagamentos<\/h3>\n<p>Utilizamos processadores de pagamentos de terceiros para nos apoiarem no tratamento da sua informa\u00e7\u00e3o de pagamento de forma segura. Essa utiliza\u00e7\u00e3o por processadores de terceiros da sua Informa\u00e7\u00e3o Pessoal \u00e9 regulada pelas respetivas pol\u00edticas de privacidade que podem ou n\u00e3o conter prote\u00e7\u00f5es de privacidade t\u00e3o protetoras como esta Pol\u00edtica de Privacidade. Sugerimos que consulte as respetivas pol\u00edticas de privacidade.<\/p>\n<h3>Privacidade das crian\u00e7as<\/h3>\n<p>N\u00e3o recolhemos conscientemente qualquer Informa\u00e7\u00e3o Pessoal de crian\u00e7as com idade inferior a 13 anos. Se tiver menos de 13 anos, por favor n\u00e3o apresente qualquer Informa\u00e7\u00e3o Pessoal atrav\u00e9s do nossos S\u00edtio ou Servi\u00e7o. Incentivamos os pais e os tutores legais a monitorizarem a utiliza\u00e7\u00e3o da Internet pelas crian\u00e7as e a promoverem o cumprimento desta Pol\u00edtica instruindo as crian\u00e7as no sentido de nunca fornecerem Informa\u00e7\u00e3o Pessoal atrav\u00e9s do nosso S\u00edtio ou Servi\u00e7o sem a sua autoriza\u00e7\u00e3o.<\/p>\n<p>Se tem raz\u00f5es para acreditar que uma crian\u00e7a com idade inferior a 13 anos nos forneceu Informa\u00e7\u00e3o Pessoal atrav\u00e9s do nosso S\u00edtio ou Servi\u00e7o, por favor contacte-nos. \u00c9 tamb\u00e9m obrigat\u00f3rio ter pelo menos 16 anos de idade para autorizar o tratamento da sua Informa\u00e7\u00e3o Pessoal no seu pa\u00eds (em alguns pa\u00edses, podemos permitir que os seus pais ou tutores o fa\u00e7am em sua representa\u00e7\u00e3o).<\/p>\n<h3>Boletins informativos<\/h3>\n<p>Disponibilizamos boletins informativos eletr\u00f3nicos que pode subscrever voluntariamente a qualquer momento. Pode decidir parar de receber o nosso boletim informativo ou mensagens por correio eletr\u00f3nico de mercadologia seguindo as instru\u00e7\u00f5es de cancelamento inclu\u00eddas nestas mensagens de correio eletr\u00f3nico ou contactando-nos. Contudo, continuar\u00e1 a receber mensagens de correio eletr\u00f3nico essenciais sobre transa\u00e7\u00f5es.<\/p>\n<h3>Cookies<\/h3>\n<p>O S\u00edtio utiliza cookies para ajudar a personalizar a sua experi\u00eancia em linha. Um cookie \u00e9 um ficheiro de texto que \u00e9 colocado no seu disco r\u00edgido por um servidor de uma p\u00e1gina. Os cookies n\u00e3o podem ser utilizados para executar programas ou inserir v\u00edrus no seu computador. Os cookies s\u00e3o atribu\u00eddos exclusivamente a si e s\u00f3 podem ser lidos por uma p\u00e1gina no dom\u00ednio que emitiu o cookie para si. Podemos utilizar cookies para recolher, armazenar e monitorizar informa\u00e7\u00e3o para fins estat\u00edsticos para operar o nosso S\u00edtio e Servi\u00e7os.<\/p>\n<p>Tem a possibilidade de aceitar ou recusar cookies. A maioria dos navegadores de Internet aceita cookies automaticamente mas geralmente pode alterar as defini\u00e7\u00f5es do seu navegador para recusar cookies, se preferir. Para mais informa\u00e7\u00f5es sobre cookies e sobre a forma de os gerir, visite <a href=\"http:\/\/www.internetcookies.org\" target=\"_blank\" rel=\"noopener\">www.internetcookies.org<\/a>.<\/p>\n<p>A acrescer \u00e0 utiliza\u00e7\u00e3o de cookies e das tecnologias relacionadas conforme acima descrito, podemos tamb\u00e9m permitir que determinadas empresas externas nos apoiem na personaliza\u00e7\u00e3o da publicidade que consideremos poder ser do interesse dos utilizadores e para recolher e utilizar outros dados sobre as atividades do utilizador no S\u00edtio. Estas empresas podem fornecer publicidade que tamb\u00e9m pode colocar cookies e de outra forma monitorizar o comportamento dos utilizadores.<\/p>\n<h3>Sinais Do Not Track (n\u00e3o monitorizar)<\/h3>\n<p>Alguns navegadores incluem uma funcionalidade Do Not Track (n\u00e3o monitorizar) que assinalam aos s\u00edtios que visita que n\u00e3o pretende que a sua atividade em linha seja monitorizada. Monitorizar n\u00e3o significa o mesmo que utilizar ou recolher informa\u00e7\u00e3o em conex\u00e3o com um s\u00edtio. Para estes efeitos, monitorizar significa recolher informa\u00e7\u00e3o pessoalmente identific\u00e1vel dos consumidores que utilizam ou visitam um s\u00edtio ou um servi\u00e7o em linha enquanto se deslocam em diferentes s\u00edtios ao longo do tempo.<\/p>\n<p>O nosso S\u00edtio n\u00e3o monitoriza os seus visitantes ao longo do tempo e em s\u00edtios de terceiros. Contudo, alguns s\u00edtios de terceiros podem manter a monitoriza\u00e7\u00e3o das suas atividades de navega\u00e7\u00e3o quando lhe apresentam conte\u00fados, permitindo-lhes personalizar a informa\u00e7\u00e3o que lhe apresentam.<\/p>\n<h3>Hiperliga\u00e7\u00f5es para outros s\u00edtios<\/h3>\n<p>O nosso S\u00edtio cont\u00e9m hiperliga\u00e7\u00f5es para outros s\u00edtios que n\u00e3o s\u00e3o detidos ou controlados por n\u00f3s. Por favor, esteja consciente de que n\u00e3o somos respons\u00e1veis pelas pr\u00e1ticas de privacidade desses outros s\u00edtios ou terceiros. Aconselhamos que esteja atento quando sair do nosso S\u00edtio e que leia as declara\u00e7\u00f5es de privacidade de todos os s\u00edtios que possam recolher Informa\u00e7\u00e3o Pessoal.<\/p>\n<h3>Seguran\u00e7a da informa\u00e7\u00e3o<\/h3>\n<p>Protegemos a informa\u00e7\u00e3o que nos disponibiliza em servidores inform\u00e1ticos em ambiente seguro e controlado, protegidos contra o acesso, utiliza\u00e7\u00e3o ou divulga\u00e7\u00e3o n\u00e3o autorizados. Mantemos as salvaguardas administrativas, t\u00e9cnicas e f\u00edsicas razo\u00e1veis num esfor\u00e7o de prote\u00e7\u00e3o contra o acesso, utiliza\u00e7\u00e3o, altera\u00e7\u00e3o e divulga\u00e7\u00e3o n\u00e3o autorizados de Informa\u00e7\u00e3o Pessoal sob o nosso controlo e cust\u00f3dia. Todavia, as transmiss\u00f5es de dados pela Internet ou rede sem fios n\u00e3o podem ser garantidas.<\/p>\n<p>Assim, apesar de procurarmos proteger a sua Informa\u00e7\u00e3o Pessoal, o Utilizador reconhece que (i) existem limita\u00e7\u00f5es de seguran\u00e7a e privacidade na Internet que ultrapassam o nosso controlo; (ii) a seguran\u00e7a, integridade e privacidade de toda e qualquer informa\u00e7\u00e3o e dados partilhados entre si e o nosso S\u00edtio n\u00e3o podem ser garantidos; e (iii) quaisquer dessas informa\u00e7\u00f5es e dados podem ser visualizados ou adulterados no tr\u00e2nsito por terceiros, apesar dos nossos maiores esfor\u00e7os.<\/p>\n<h3>Viola\u00e7\u00e3o de dados<\/h3>\n<p>Na eventualidade de termos conhecimento de que a seguran\u00e7a do S\u00edtio tenha sido comprometida ou que a Informa\u00e7\u00e3o Pessoal dos utilizadores tenha sido revelada a terceiros n\u00e3o relacionados como resultado de atividades externas, incluindo, sem car\u00e1ter taxativo, ataques de seguran\u00e7a ou fraude, reservamo-nos o direito a tomar as medidas razoavelmente adequadas, incluindo, sem car\u00e1ter taxativo, a investiga\u00e7\u00e3o e a comunica\u00e7\u00e3o, assim como a notifica\u00e7\u00e3o e a coopera\u00e7\u00e3o com autoridades competentes para aplica\u00e7\u00e3o da lei.<\/p>\n<p>Na eventualidade de uma viola\u00e7\u00e3o de dados, envidaremos os nossos maiores esfor\u00e7os para notificar as pessoas afetadas se considerarmos que existe um risco razo\u00e1vel de prejudicar o utilizador como resultado de um incumprimento ou se a notifica\u00e7\u00e3o for exigida por lei. Nesse caso, colocaremos uma notifica\u00e7\u00e3o no S\u00edtio e enviaremos uma mensagem por correio eletr\u00f3nico.<\/p>\n<h3>Divulga\u00e7\u00e3o legal<\/h3>\n<p>Divulgaremos qualquer informa\u00e7\u00e3o que recolhamos, utilizemos ou recebamos se exigido ou permitido por lei, como para cumprimento de uma intima\u00e7\u00e3o, ou processo jur\u00eddico similar, e quando acreditemos em boa-f\u00e9 que a divulga\u00e7\u00e3o \u00e9 necess\u00e1ria para a prote\u00e7\u00e3o dos nossos direitos, a prote\u00e7\u00e3o da nossa seguran\u00e7a ou da seguran\u00e7a de outros, a investiga\u00e7\u00e3o de fraudes ou a resposta a um pedido de uma autoridade.<\/p>\n<p>Na eventualidade de sofrermos uma transi\u00e7\u00e3o comercial, como uma fus\u00e3o ou aquisi\u00e7\u00e3o por outra empresa, ou a venda de todos ou parte dos ativos, a sua conta de utilizador e a sua Informa\u00e7\u00e3o Pessoal constar\u00e3o provavelmente dos ativos transmitidos.<\/p>\n<h3>Modifica\u00e7\u00f5es e altera\u00e7\u00f5es<\/h3>\n<p>Podemos atualizar esta Pol\u00edtica de Privacidade periodicamente, segundo o nosso crit\u00e9rio, e notific\u00e1-lo-emos de quaisquer altera\u00e7\u00f5es significativas \u00e0 forma como tratamos a Informa\u00e7\u00e3o Pessoal. Quando sejam efetuadas altera\u00e7\u00f5es, a data de atualiza\u00e7\u00e3o no fim desta p\u00e1gina ser\u00e1 corrigida. Podemos tamb\u00e9m notific\u00e1-lo de outras formas segundo o nosso crit\u00e9rio, tal como atrav\u00e9s da informa\u00e7\u00e3o para contacto que nos forneceu. Qualquer vers\u00e3o atualizada desta Pol\u00edtica de Privacidade entrar\u00e1 em vigor imediatamente ap\u00f3s a publica\u00e7\u00e3o da Pol\u00edtica de Privacidade revista, salvo especifica\u00e7\u00e3o em contr\u00e1rio.; A sua utiliza\u00e7\u00e3o continuada do S\u00edtio ou dos Servi\u00e7os ap\u00f3s a data de entrada em vigor da Pol\u00edtica de Privacidade revista (ou qualquer outro ato especificado nesse momento) constituir\u00e1 o seu consentimento para essas altera\u00e7\u00f5es. Contudo, sem o seu consentimento, n\u00e3o utilizaremos os seus Dados Pessoais de forma significativa diferente da indicada no momento em que os seus Dados Pessoais foram recolhidos.<\/p>\n<h3>Aceita\u00e7\u00e3o desta pol\u00edtica<\/h3>\n<p>O Utilizador reconhece que leu esta Pol\u00edtica e concorda com todos os seus termos e condi\u00e7\u00f5es. Ao utilizar o S\u00edtio ou os seus Servi\u00e7os, o Utilizador aceita ser vinculado por esta Pol\u00edtica. Se n\u00e3o aceitar cumprir os termos desta Pol\u00edtica, n\u00e3o est\u00e1 autorizado a utilizar ou aceder ao S\u00edtio e aos seus Servi\u00e7os.<\/p>\n<h3>Contactar-nos<\/h3>\n<p>Se quiser contactar-nos para compreender melhor esta Pol\u00edtica ou relativamente a outra mat\u00e9ria relacionada com direitos individuais e a sua Informa\u00e7\u00e3o Pessoal, pode faz\u00ea-lo atrav\u00e9s do formul\u00e1rio de contacto, enviando uma mensagem por correio eletr\u00f3nico para <a href=\"mailto:reservas@fourseasons-vilamoura.com\" target=\"_blank\" rel=\"noopener\">reservas@fourseasons-vilamoura.com<\/a> ou uma carta para Vilamouragest, L.\u1d48\u1d43 \u2014 Apartado 507, 8125-907 Vilamoura, Portugal.<\/p>\n<p>Este documento foi atualizado pela \u00faltima vez em 19 de dezembro de 2019<\/p>\n                <\/div>\n            \n            \n            \n                            <div class=\"c-media__buttons\">\n                    <a class=\"c-button  c-media__button c-button--underline\" href=\"https:\/\/fourseasons-vilamoura.com\/front-page-3\/\">\n    Regressar \u00e0 p\u00e1gina de entrada<\/a>\n\n\n                <\/div>\n            \n            \n        <\/div>\n    <\/article>\n\n    \n    \n            <a href=\"https:\/\/fourseasons-vilamoura.com\/front-page-3\/\" class=\"c-media__anchor\" aria-hidden=\"true\"><\/a>\n    <\/section>\n<\/div><\/div><\/div><\/div><\/div><\/div>","protected":false},"excerpt":{"rendered":"<p>Como utilizamos os seus dados pessoais Pol\u00edtica de privacidade Introdu\u00e7\u00e3o Esta pol\u00edtica de privacidade (\u00abPol\u00edtica\u00bb) descreve a forma como o Four Seasons Vilamoura Resort e a Vilamouragest \u2014 Gest\u00e3o de Empreendimentos Tur\u00edsticos, Sociedade Unipessoal, L.\u1d48\u1d43 (\u00abFour Seasons Vilamoura Resort\u00bb, \u00abVilamouragest \u2014 Gest\u00e3o de Empreendimentos Tur\u00edsticos, Sociedade Unipessoal, L.\u1d48\u1d43\u00bb, \u00abn\u00f3s\u00bb, \u00abnos\u00bb ou \u00abnosso[s]\u00bb) recolhe, protege e &hellip;<\/p>\n","protected":false},"author":1,"featured_media":0,"parent":0,"menu_order":14,"comment_status":"closed","ping_status":"closed","template":"","meta":{"_acf_changed":false,"footnotes":""},"class_list":["post--1478","post--page","post--type-page","post--status-publish","post--hentry"],"acf":[],"_links":{"self":[{"href":"https:\/\/fourseasons-vilamoura.com\/pt-pt\/wp-json\/wp\/v2\/pages\/1478","targetHints":{"allow":["GET"]}}],"collection":[{"href":"https:\/\/fourseasons-vilamoura.com\/pt-pt\/wp-json\/wp\/v2\/pages"}],"about":[{"href":"https:\/\/fourseasons-vilamoura.com\/pt-pt\/wp-json\/wp\/v2\/types\/page"}],"author":[{"embeddable":true,"href":"https:\/\/fourseasons-vilamoura.com\/pt-pt\/wp-json\/wp\/v2\/users\/1"}],"replies":[{"embeddable":true,"href":"https:\/\/fourseasons-vilamoura.com\/pt-pt\/wp-json\/wp\/v2\/comments?post=1478"}],"version-history":[{"count":6,"href":"https:\/\/fourseasons-vilamoura.com\/pt-pt\/wp-json\/wp\/v2\/pages\/1478\/revisions"}],"predecessor-version":[{"id":2077,"href":"https:\/\/fourseasons-vilamoura.com\/pt-pt\/wp-json\/wp\/v2\/pages\/1478\/revisions\/2077"}],"wp:attachment":[{"href":"https:\/\/fourseasons-vilamoura.com\/pt-pt\/wp-json\/wp\/v2\/media?parent=1478"}],"curies":[{"name":"wp","href":"https:\/\/api.w.org\/{rel}","templated":true}]}}