{"id":1468,"date":"2023-05-22T15:04:37","date_gmt":"2023-05-22T14:04:37","guid":{"rendered":"https:\/\/fourseasons-villamoura.testingcreative.co.uk\/about\/location\/"},"modified":"2025-10-03T14:55:50","modified_gmt":"2025-10-03T13:55:50","slug":"location","status":"publish","type":"page","link":"https:\/\/fourseasons-vilamoura.com\/pt-pt\/about\/location\/","title":{"rendered":"Localiza\u00e7\u00e3o"},"content":{"rendered":"<div id=\"pl-1468\"  class=\"panel-layout\" ><div id=\"pg-1468-0\"  class=\"panel-grid panel-has-style\" ><div class=\"c-row--valign-default c-row--widget-default c-row--margin-default c-row--column-none c-row--booking-form-hero-short siteorigin-panels-stretch panel-row-style panel-row-style-for-1468-0\" data-stretch-type=\"full-width-stretch\" ><div id=\"pgc-1468-0-0\"  class=\"panel-grid-cell\" ><div id=\"panel-1468-0-0-0\" class=\"so-panel widget widget_cn-core-hero-widget panel-first-child\" data-index=\"0\" ><div\n\t\t\t\n\t\t\tclass=\"so-widget-cn-core-hero-widget so-widget-cn-core-hero-widget-base\"\n\t\t\t\n\t\t><section class=\"c-hero c-hero--short\">\n    <div class=\"c-hero__inner\">\n        \n        <div class=\"c-hero__content\">\n\n                            <h1 class=\"c-hero__heading\">\n                    Visite o Four Seasons Vilamoura Resort, uma luxuosa est\u00e2ncia tur\u00edstica familiar sita em Vilamoura, na grandiosa Regi\u00e3o do Algarve                <\/h1>\n            \n                            <p class=\"c-hero__subheading\">\n                    Onde est\u00e1 situado o Four Seasons Vilamoura Resort                <\/p>\n                    <\/div>\n\n        \n    <\/div>\n\n\n\n    \n    \n    <div data-src=\"https:\/\/hotelcms-production.imgix.net\/fourseasons-vilamoura.com\/wp-content\/uploads\/2023\/05\/Four-Seasons-Vilamoura-019.jpg\" data-crop=\"\" class=\"imgix-fluid  crop \/ c-hero__background\"><\/div><noscript><div style=\"background-image: url(https:\/\/hotelcms-production.imgix.net\/fourseasons-vilamoura.com\/wp-content\/uploads\/2023\/05\/Four-Seasons-Vilamoura-019.jpg);\" class=\"crop \/ c-hero__background\" ><\/div><\/noscript>\n    \n    <\/section>\n<\/div><\/div><div id=\"panel-1468-0-0-1\" class=\"so-panel widget widget_cn-booking-form-widget panel-last-child\" data-index=\"1\" ><div\n\t\t\t\n\t\t\tclass=\"so-widget-cn-booking-form-widget so-widget-cn-booking-form-widget-base\"\n\t\t\t\n\t\t>\n<form\n    method=\"GET\"\n    action=\"https:\/\/booking.profitroom.com\/en\/fourseasonsvilamoura\/pricelist\/rooms\/\"\n    class=\"c-booking-form  js-booking-form \"\n    data-module=\"classic-booking-form\"\n    data-module-options='{\"datepickerContainer\":\"input\"}'\n    data-adapter=\"profitroom\"\n>\n    <div class=\"c-booking-form__inner\">\n        \n        \n        <div class=\"c-booking-form__fields\">\n            \n            <label for=\"\" class=\"c-booking-form__field c-booking-form__field--check-in\">\n                <span class=\"c-booking-form__label\">Check-in<\/span>\n\n                <input\n                    type=\"date\"\n                    name=\"checkInDate\"\n                    class=\"c-booking-form__input  js-booking-form-check-in\"\n                    placeholder= \"Check-in\">\n            <\/label>\n\n            <label for=\"\" class=\"c-booking-form__field c-booking-form__field--check-out\">\n                <span class=\"c-booking-form__label\">Check-out<\/span>\n\n                <input\n                    type=\"date\"\n                    name=\"checkOutDate\"\n                    class=\"c-booking-form__input  js-booking-form-check-out\"\n                    placeholder=\"Check-out\"\n                >\n            <\/label>\n\n            \n            \n                            <label class=\"c-booking-form__field c-booking-form__field--adults  js-booking-form-stepper\">\n                    <span class=\"c-booking-form__label\">Adultos<\/span>\n\n                    <select\n                        class=\"c-booking-form__input  js-booking-form-input\"\n                        name=\"adults\"\n                        min=\"1\"\n                        max=\"10\"\n                    >\n                                                    <option value=\"1\" selected>\n                                1 adult                            <\/option>\n                                                    <option value=\"2\">\n                                2 adults                            <\/option>\n                                                    <option value=\"3\">\n                                3 adults                            <\/option>\n                                                    <option value=\"4\">\n                                4 adults                            <\/option>\n                                                    <option value=\"5\">\n                                5 adults                            <\/option>\n                                                    <option value=\"6\">\n                                6 adults                            <\/option>\n                                                    <option value=\"7\">\n                                7 adults                            <\/option>\n                                                    <option value=\"8\">\n                                8 adults                            <\/option>\n                                                    <option value=\"9\">\n                                9 adults                            <\/option>\n                                                    <option value=\"10\">\n                                10 adults                            <\/option>\n                                            <\/select>\n\n                    <button\n                        type=\"button\"\n                        class=\"c-booking-form__step c-booking-form__step--decrement  js-booking-form-step-decrement\"\n                    >\n                        <svg width=\"15\" height=\"15\" viewBox=\"0 0 15 15\" xmlns=\"http:\/\/www.w3.org\/2000\/svg\"><path fill=\"none\" stroke=\"#000\" stroke-miterlimit=\"10\" d=\"M15 7.5H0\"\/><\/svg>\n                    <\/button>\n\n                    <span class=\"c-booking-form__value  js-booking-form-value\">1<\/span>\n\n                    <button\n                        type=\"button\"\n                        class=\"c-booking-form__step c-booking-form__step--increment  js-booking-form-step-increment\"\n                    >\n                        <svg width=\"15\" height=\"15\" viewBox=\"0 0 15 15\" xmlns=\"http:\/\/www.w3.org\/2000\/svg\"><path d=\"M7.5 7.5H15 7.5v-7 7zm0 0v7.225V7.5H0h7.5z\" fill-rule=\"nonzero\" fill=\"none\" stroke=\"#000\" stroke-linecap=\"square\"\/><\/svg>\n                    <\/button>\n                <\/label>\n            \n                            <label class=\"c-booking-form__field c-booking-form__field--children  js-booking-form-stepper\">\n                    <span class=\"c-booking-form__label\">Crian\u00e7as<\/span>\n\n                    <select\n                        class=\"c-booking-form__input  js-booking-form-input\"\n                        name=\"children\"\n                        min=\"0\"\n                        max=\"4\"\n                    >\n                                                    <option value=\"0\" selected>\n                                0 children                            <\/option>\n                                                    <option value=\"1\">\n                                1 child                            <\/option>\n                                                    <option value=\"2\">\n                                2 children                            <\/option>\n                                                    <option value=\"3\">\n                                3 children                            <\/option>\n                                                    <option value=\"4\">\n                                4 children                            <\/option>\n                                            <\/select>\n\n                    <button\n                        type=\"button\"\n                        class=\"c-booking-form__step c-booking-form__step--decrement  js-booking-form-step-decrement\"\n                    >\n                        <svg width=\"15\" height=\"15\" viewBox=\"0 0 15 15\" xmlns=\"http:\/\/www.w3.org\/2000\/svg\"><path fill=\"none\" stroke=\"#000\" stroke-miterlimit=\"10\" d=\"M15 7.5H0\"\/><\/svg>\n                    <\/button>\n\n                    <span class=\"c-booking-form__value  js-booking-form-value\">0<\/span>\n\n                    <button\n                        type=\"button\"\n                        class=\"c-booking-form__step c-booking-form__step--increment  js-booking-form-step-increment\"\n                    >\n                        <svg width=\"15\" height=\"15\" viewBox=\"0 0 15 15\" xmlns=\"http:\/\/www.w3.org\/2000\/svg\"><path d=\"M7.5 7.5H15 7.5v-7 7zm0 0v7.225V7.5H0h7.5z\" fill-rule=\"nonzero\" fill=\"none\" stroke=\"#000\" stroke-linecap=\"square\"\/><\/svg>\n                    <\/button>\n                <\/label>\n                    <\/div>\n\n        <div class=\"c-booking-form__submit\">\n            <button type=\"submit\" class=\"c-button  c-booking-form__button  js-booking-form-button\">\n                Reservar            <\/button>\n        <\/div>\n    <\/div>\n\n    \n    \n    <\/form>\n<\/div><\/div><\/div><\/div><\/div><div id=\"pg-1468-1\"  class=\"panel-grid panel-has-style\" ><div class=\"c-row--valign-default c-row--two-column-content-divider c-row--margin-default c-row--column-small c-row--leaf-background-left siteorigin-panels-stretch panel-row-style panel-row-style-for-1468-1\" data-stretch-type=\"full-width-stretch\" ><div id=\"pgc-1468-1-0\"  class=\"panel-grid-cell\" ><div id=\"panel-1468-1-0-0\" class=\"so-panel widget widget_cn-core-media-widget panel-first-child panel-last-child\" data-index=\"2\" ><div\n\t\t\t\n\t\t\tclass=\"so-widget-cn-core-media-widget so-widget-cn-core-media-widget-base\"\n\t\t\t\n\t\t>\n<section\n    class=\"c-media no-layout no-variation stack-media-first\"\n    data-module-options='{\"actionImageBehaviour\":\"replace_on_hover\"}'\n>\n    <article class=\"c-media__content\">\n        <div class=\"c-media__inner\">\n\n            \n                            <div class=\"c-media__headings\">\n                    \n                    \n                                            <h3 class=\"c-media__subheading\">\n                            Um apreci\u00e1vel e ilustre complexo tur\u00edstico                        <\/h3>\n                                    <\/div>\n            \n                            <div class=\"c-media__text  s-entry\">\n                    <p>O Four Seasons Vilamoura Resort encontra-se situado a apenas alguns minutos dos areais dourados e dos mais disputados campos de golfe, padel e t\u00e9nis, que fazem da regi\u00e3o algarvia um dos melhores e mais cobi\u00e7ados destinos tur\u00edsticos europeus da atualidade.<\/p>\n                <\/div>\n            \n            \n            \n                            <div class=\"c-media__buttons\">\n                    <a class=\"c-button  c-media__button no-variation\" target=\"_blank\" href=\"https:\/\/www.google.com\/maps\/dir\/\/Four+Seasons+Vilamoura,+R.+da+Holanda,+8125-907+Quarteira,+Portugal\/@37.0892639,-8.1139609,17z\/data=!4m9!4m8!1m0!1m5!1m1!1s0xd1ab5c1636ada19:0xfcbc3c478a596574!2m2!1d-8.10909!2d37.089264!3e0?entry=ttu\" rel=\"noopener\">\n    Obter dire\u00e7\u00f5es<\/a>\n\n\n                <\/div>\n            \n            \n        <\/div>\n    <\/article>\n\n    \n    \n            <a href=\"https:\/\/www.google.com\/maps\/dir\/\/Four+Seasons+Vilamoura,+R.+da+Holanda,+8125-907+Quarteira,+Portugal\/@37.0892639,-8.1139609,17z\/data=!4m9!4m8!1m0!1m5!1m1!1s0xd1ab5c1636ada19:0xfcbc3c478a596574!2m2!1d-8.10909!2d37.089264!3e0?entry=ttu\" class=\"c-media__anchor\" aria-hidden=\"true\" target=\"_blank\" rel=\"noopener\"><\/a>\n    <\/section>\n<\/div><\/div><\/div><div id=\"pgc-1468-1-1\"  class=\"panel-grid-cell\" ><div id=\"panel-1468-1-1-0\" class=\"so-panel widget widget_cn-core-map-widget panel-first-child\" data-index=\"3\" ><div\n\t\t\t\n\t\t\tclass=\"so-widget-cn-core-map-widget so-widget-cn-core-map-widget-base\"\n\t\t\t\n\t\t>\n<div class=\"c-map c-map--tall  \">\n\n    <iframe loading=\"lazy\"\n        class=\"c-map__iframe\"\n        width=\"600\"\n        height=\"450\"\n        frameborder=\"0\" style=\"border:0\"\n        src=\"https:\/\/www.google.com\/maps\/embed\/v1\/place?key=AIzaSyAfMifd1m0_iCbERIGYMhBEREygWhvqzsw&q=Four+Seasons+Villamoura%2C+R.+da+Holanda+19%2C+8125-406+Quarteira%2C+Portugal&zoom=14\">\n    <\/iframe>\n\n    \n<\/div>\n<\/div><\/div><div id=\"panel-1468-1-1-1\" class=\"so-panel widget widget_cn-core-media-widget panel-last-child\" data-index=\"4\" ><div\n\t\t\t\n\t\t\tclass=\"so-widget-cn-core-media-widget so-widget-cn-core-media-widget-base\"\n\t\t\t\n\t\t>\n<section\n    class=\"c-media no-layout no-variation stack-media-first\"\n    data-module-options='{\"actionImageBehaviour\":\"replace_on_hover\"}'\n>\n    <article class=\"c-media__content\">\n        <div class=\"c-media__inner\">\n\n            \n            \n                            <div class=\"c-media__text  s-entry\">\n                    <p>O aeroporto mais pr\u00f3ximo \u00e9 o Aeroporto de Faro e estamos a apenas 25 km de dist\u00e2ncia - cerca de 30 minutos de carro.<\/p>\n<p>&nbsp;<\/p>\n                <\/div>\n            \n            \n            \n            \n            \n        <\/div>\n    <\/article>\n\n    \n    \n    <\/section>\n<\/div><\/div><\/div><\/div><\/div><div id=\"pg-1468-2\"  class=\"panel-grid panel-has-style\" ><div class=\"c-row--valign-default c-row--widget-default c-row--margin-none c-row--column-default c-row--secondary-tint siteorigin-panels-stretch panel-row-style panel-row-style-for-1468-2\" data-stretch-type=\"full\" ><div id=\"pgc-1468-2-0\"  class=\"panel-grid-cell\" ><div id=\"panel-1468-2-0-0\" class=\"so-panel widget widget_cn-core-instagram-posts-widget panel-first-child panel-last-child\" data-index=\"5\" ><div\n\t\t\t\n\t\t\tclass=\"so-widget-cn-core-instagram-posts-widget so-widget-cn-core-instagram-posts-widget-base\"\n\t\t\t\n\t\t><\/div><\/div><\/div><\/div><\/div><\/div>","protected":false},"excerpt":{"rendered":"<p>Visite o Four Seasons Vilamoura Resort, uma luxuosa est\u00e2ncia tur\u00edstica familiar sita em Vilamoura, na grandiosa Regi\u00e3o do Algarve Onde est\u00e1 situado o Four Seasons Vilamoura Resort Check-in Check-out Adultos 1 adult 2 adults 3 adults 4 adults 5 adults 6 adults 7 adults 8 adults 9 adults 10 adults 1 Crian\u00e7as 0 children 1 &hellip;<\/p>\n","protected":false},"author":1,"featured_media":0,"parent":1466,"menu_order":1,"comment_status":"closed","ping_status":"closed","template":"","meta":{"_acf_changed":false,"footnotes":""},"class_list":["post--1468","post--page","post--type-page","post--status-publish","post--hentry"],"acf":[],"_links":{"self":[{"href":"https:\/\/fourseasons-vilamoura.com\/pt-pt\/wp-json\/wp\/v2\/pages\/1468","targetHints":{"allow":["GET"]}}],"collection":[{"href":"https:\/\/fourseasons-vilamoura.com\/pt-pt\/wp-json\/wp\/v2\/pages"}],"about":[{"href":"https:\/\/fourseasons-vilamoura.com\/pt-pt\/wp-json\/wp\/v2\/types\/page"}],"author":[{"embeddable":true,"href":"https:\/\/fourseasons-vilamoura.com\/pt-pt\/wp-json\/wp\/v2\/users\/1"}],"replies":[{"embeddable":true,"href":"https:\/\/fourseasons-vilamoura.com\/pt-pt\/wp-json\/wp\/v2\/comments?post=1468"}],"version-history":[{"count":7,"href":"https:\/\/fourseasons-vilamoura.com\/pt-pt\/wp-json\/wp\/v2\/pages\/1468\/revisions"}],"predecessor-version":[{"id":4645,"href":"https:\/\/fourseasons-vilamoura.com\/pt-pt\/wp-json\/wp\/v2\/pages\/1468\/revisions\/4645"}],"up":[{"embeddable":true,"href":"https:\/\/fourseasons-vilamoura.com\/pt-pt\/wp-json\/wp\/v2\/pages\/1466"}],"wp:attachment":[{"href":"https:\/\/fourseasons-vilamoura.com\/pt-pt\/wp-json\/wp\/v2\/media?parent=1468"}],"curies":[{"name":"wp","href":"https:\/\/api.w.org\/{rel}","templated":true}]}}