{"id":1466,"date":"2023-05-22T14:42:54","date_gmt":"2023-05-22T13:42:54","guid":{"rendered":"https:\/\/fourseasons-villamoura.testingcreative.co.uk\/about\/"},"modified":"2023-09-13T12:35:41","modified_gmt":"2023-09-13T11:35:41","slug":"about","status":"publish","type":"page","link":"https:\/\/fourseasons-vilamoura.com\/pt-pt\/about\/","title":{"rendered":"About"},"content":{"rendered":"<div id=\"pl-1466\"  class=\"panel-layout\" ><div id=\"pg-1466-0\"  class=\"panel-grid panel-has-style\" ><div class=\"c-row--valign-default c-row--widget-default c-row--margin-default c-row--column-none c-row--booking-form-hero-large siteorigin-panels-stretch panel-row-style panel-row-style-for-1466-0\" data-stretch-type=\"full-stretched\" ><div id=\"pgc-1466-0-0\"  class=\"panel-grid-cell\" ><div id=\"panel-1466-0-0-0\" class=\"so-panel widget widget_cn-core-hero-widget panel-first-child\" data-index=\"0\" ><div\n\t\t\t\n\t\t\tclass=\"so-widget-cn-core-hero-widget so-widget-cn-core-hero-widget-base\"\n\t\t\t\n\t\t><section class=\"c-hero no-variation\">\n    <div class=\"c-hero__inner\">\n        \n        <div class=\"c-hero__content\">\n\n            \n                            <p class=\"c-hero__subheading\">\n                    A respeito do Four Seasons Vilamoura Resort                <\/p>\n                    <\/div>\n\n        \n    <\/div>\n\n\n\n    \n    \n    <div data-src=\"https:\/\/hotelcms-production.imgix.net\/fourseasons-vilamoura.com\/wp-content\/uploads\/2023\/05\/Four-Seasons-Vilamoura-206.jpg\" data-crop=\"\" class=\"imgix-fluid  crop \/ c-hero__background\"><\/div><noscript><div style=\"background-image: url(https:\/\/hotelcms-production.imgix.net\/fourseasons-vilamoura.com\/wp-content\/uploads\/2023\/05\/Four-Seasons-Vilamoura-206.jpg);\" class=\"crop \/ c-hero__background\" ><\/div><\/noscript>\n    \n    <\/section>\n<\/div><\/div><div id=\"panel-1466-0-0-1\" class=\"so-panel widget widget_cn-booking-form-widget panel-last-child\" data-index=\"1\" ><div\n\t\t\t\n\t\t\tclass=\"so-widget-cn-booking-form-widget so-widget-cn-booking-form-widget-base\"\n\t\t\t\n\t\t>\n<form\n    method=\"GET\"\n    action=\"https:\/\/booking.profitroom.com\/en\/fourseasonsvilamoura\/pricelist\/rooms\/\"\n    class=\"c-booking-form  js-booking-form \"\n    data-module=\"classic-booking-form\"\n    data-module-options='{\"datepickerContainer\":\"input\"}'\n    data-adapter=\"profitroom\"\n>\n    <div class=\"c-booking-form__inner\">\n        \n        \n        <div class=\"c-booking-form__fields\">\n            \n            <label for=\"\" class=\"c-booking-form__field c-booking-form__field--check-in\">\n                <span class=\"c-booking-form__label\">Check-in<\/span>\n\n                <input\n                    type=\"date\"\n                    name=\"checkInDate\"\n                    class=\"c-booking-form__input  js-booking-form-check-in\"\n                    placeholder= \"Check-in\">\n            <\/label>\n\n            <label for=\"\" class=\"c-booking-form__field c-booking-form__field--check-out\">\n                <span class=\"c-booking-form__label\">Check-out<\/span>\n\n                <input\n                    type=\"date\"\n                    name=\"checkOutDate\"\n                    class=\"c-booking-form__input  js-booking-form-check-out\"\n                    placeholder=\"Check-out\"\n                >\n            <\/label>\n\n            \n            \n                            <label class=\"c-booking-form__field c-booking-form__field--adults  js-booking-form-stepper\">\n                    <span class=\"c-booking-form__label\">Adultos<\/span>\n\n                    <select\n                        class=\"c-booking-form__input  js-booking-form-input\"\n                        name=\"adults\"\n                        min=\"1\"\n                        max=\"10\"\n                    >\n                                                    <option value=\"1\" selected>\n                                1 adult                            <\/option>\n                                                    <option value=\"2\">\n                                2 adults                            <\/option>\n                                                    <option value=\"3\">\n                                3 adults                            <\/option>\n                                                    <option value=\"4\">\n                                4 adults                            <\/option>\n                                                    <option value=\"5\">\n                                5 adults                            <\/option>\n                                                    <option value=\"6\">\n                                6 adults                            <\/option>\n                                                    <option value=\"7\">\n                                7 adults                            <\/option>\n                                                    <option value=\"8\">\n                                8 adults                            <\/option>\n                                                    <option value=\"9\">\n                                9 adults                            <\/option>\n                                                    <option value=\"10\">\n                                10 adults                            <\/option>\n                                            <\/select>\n\n                    <button\n                        type=\"button\"\n                        class=\"c-booking-form__step c-booking-form__step--decrement  js-booking-form-step-decrement\"\n                    >\n                        <svg width=\"15\" height=\"15\" viewBox=\"0 0 15 15\" xmlns=\"http:\/\/www.w3.org\/2000\/svg\"><path fill=\"none\" stroke=\"#000\" stroke-miterlimit=\"10\" d=\"M15 7.5H0\"\/><\/svg>\n                    <\/button>\n\n                    <span class=\"c-booking-form__value  js-booking-form-value\">1<\/span>\n\n                    <button\n                        type=\"button\"\n                        class=\"c-booking-form__step c-booking-form__step--increment  js-booking-form-step-increment\"\n                    >\n                        <svg width=\"15\" height=\"15\" viewBox=\"0 0 15 15\" xmlns=\"http:\/\/www.w3.org\/2000\/svg\"><path d=\"M7.5 7.5H15 7.5v-7 7zm0 0v7.225V7.5H0h7.5z\" fill-rule=\"nonzero\" fill=\"none\" stroke=\"#000\" stroke-linecap=\"square\"\/><\/svg>\n                    <\/button>\n                <\/label>\n            \n                            <label class=\"c-booking-form__field c-booking-form__field--children  js-booking-form-stepper\">\n                    <span class=\"c-booking-form__label\">Crian\u00e7as<\/span>\n\n                    <select\n                        class=\"c-booking-form__input  js-booking-form-input\"\n                        name=\"children\"\n                        min=\"0\"\n                        max=\"4\"\n                    >\n                                                    <option value=\"0\" selected>\n                                0 children                            <\/option>\n                                                    <option value=\"1\">\n                                1 child                            <\/option>\n                                                    <option value=\"2\">\n                                2 children                            <\/option>\n                                                    <option value=\"3\">\n                                3 children                            <\/option>\n                                                    <option value=\"4\">\n                                4 children                            <\/option>\n                                            <\/select>\n\n                    <button\n                        type=\"button\"\n                        class=\"c-booking-form__step c-booking-form__step--decrement  js-booking-form-step-decrement\"\n                    >\n                        <svg width=\"15\" height=\"15\" viewBox=\"0 0 15 15\" xmlns=\"http:\/\/www.w3.org\/2000\/svg\"><path fill=\"none\" stroke=\"#000\" stroke-miterlimit=\"10\" d=\"M15 7.5H0\"\/><\/svg>\n                    <\/button>\n\n                    <span class=\"c-booking-form__value  js-booking-form-value\">0<\/span>\n\n                    <button\n                        type=\"button\"\n                        class=\"c-booking-form__step c-booking-form__step--increment  js-booking-form-step-increment\"\n                    >\n                        <svg width=\"15\" height=\"15\" viewBox=\"0 0 15 15\" xmlns=\"http:\/\/www.w3.org\/2000\/svg\"><path d=\"M7.5 7.5H15 7.5v-7 7zm0 0v7.225V7.5H0h7.5z\" fill-rule=\"nonzero\" fill=\"none\" stroke=\"#000\" stroke-linecap=\"square\"\/><\/svg>\n                    <\/button>\n                <\/label>\n                    <\/div>\n\n        <div class=\"c-booking-form__submit\">\n            <button type=\"submit\" class=\"c-button  c-booking-form__button  js-booking-form-button\">\n                Reservar            <\/button>\n        <\/div>\n    <\/div>\n\n    \n    \n    <\/form>\n<\/div><\/div><\/div><\/div><\/div><div id=\"pg-1466-1\"  class=\"panel-grid panel-has-style\" ><div class=\"c-row--valign-default c-row--widget-default c-row--margin-default c-row--column-default c-row--leaf-background-left siteorigin-panels-stretch panel-row-style panel-row-style-for-1466-1\" data-stretch-type=\"full-stretched\" ><div id=\"pgc-1466-1-0\"  class=\"panel-grid-cell\" ><div id=\"panel-1466-1-0-0\" class=\"so-panel widget widget_cn-core-cta-widget panel-first-child panel-last-child\" data-index=\"2\" ><div\n\t\t\t\n\t\t\tclass=\"so-widget-cn-core-cta-widget so-widget-cn-core-cta-widget-base\"\n\t\t\t\n\t\t><div class=\"c-cta no-layout c-cta--lead\">\n\n    <div class=\"c-cta__content\">\n\n        <div class=\"c-cta__inner\">\n\n            \n            \n                          <div class=\"img-fit\">\n                <img decoding=\"async\" data-src=\"https:\/\/hotelcms-production.imgix.net\/fourseasons-vilamoura.com\/wp-content\/uploads\/2023\/04\/Group-12753.svg\" data-crop=\"\" src=\"data:image\/gif;base64,R0lGODlhBAADAIAAAAAAAAAAACH5BAEAAAAALAAAAAAEAAMAAAIDhI9WADs=\" class=\"imgix-fluid \/ c-cta__image\" alt=\"\"  \/><noscript><img decoding=\"async\" src=\"https:\/\/hotelcms-production.imgix.net\/fourseasons-vilamoura.com\/wp-content\/uploads\/2023\/04\/Group-12753.svg\" class=\"c-cta__image\" alt=\"\"  \/><\/noscript>              <\/div>\n            \n            \n                <div class=\"c-cta__headings\">\n\n                \n                                    <h2 class=\"c-cta__heading\">\n                        O Four Seasons Vilamoura Resort \u00e9 o retiro perfeito para mi\u00fados e gra\u00fados.                    <\/h2>\n                \n                \n                <\/div>\n\n            \n            \n            \n            \n            \n            \n                    <\/div>\n\n    <\/div>\n\n    \n    \n    \n<\/div>\n\n<\/div><\/div><\/div><\/div><\/div><div id=\"pg-1466-2\"  class=\"panel-grid panel-has-style\" ><div class=\"c-row--valign-default c-row--widget-default c-row--margin-none c-row--column-small siteorigin-panels-stretch panel-row-style panel-row-style-for-1466-2\" data-stretch-type=\"full-stretched\" ><div id=\"pgc-1466-2-0\"  class=\"panel-grid-cell\" ><div id=\"panel-1466-2-0-0\" class=\"so-panel widget widget_cn-core-cta-widget panel-first-child panel-last-child\" data-index=\"3\" ><div\n\t\t\t\n\t\t\tclass=\"so-widget-cn-core-cta-widget so-widget-cn-core-cta-widget-base\"\n\t\t\t\n\t\t><div class=\"c-cta c-cta--layout-tile no-variation\">\n\n    <div class=\"c-cta__content\">\n\n        <div class=\"c-cta__inner\">\n\n                            <a href=\"https:\/\/fourseasons-vilamoura.com\/about\/gallery\/\" class=\"c-cta__anchor\">\n            \n            \n                          <div class=\"crop\">\n                <div data-src=\"https:\/\/hotelcms-production.imgix.net\/fourseasons-vilamoura.com\/wp-content\/uploads\/2023\/05\/Four-Seasons-Vilamoura-29.jpg\" data-crop=\"\" class=\"imgix-fluid  c-image c-cta__image\"><\/div><noscript><div style=\"background-image: url(https:\/\/hotelcms-production.imgix.net\/fourseasons-vilamoura.com\/wp-content\/uploads\/2023\/05\/Four-Seasons-Vilamoura-29.jpg);\" class=\"c-image c-cta__image\" ><\/div><\/noscript>              <\/div>\n            \n            \n                <div class=\"c-cta__headings\">\n\n                \n                                    <h2 class=\"c-cta__heading\">\n                        Galeria                    <\/h2>\n                \n                \n                <\/div>\n\n            \n            \n                            <\/a>\n            \n                            <div class=\"c-cta__text \/ s-entry\">\n                    <p>Est\u00e1 a planear fazer uma viagem at\u00e9 \u00e0 grandiosa Regi\u00e3o do Algarve, mas ainda n\u00e3o decidiu onde vai ficar hospedado? Escrutine a galeria de fotografias do Four Seasons Vilamoura Resort para ficar a conhecer as suas comodidades.<\/p>\n                <\/div>\n            \n            \n                            <div class=\"c-cta__buttons\">\n                    <a  class=\"c-button button \/ c-cta__button  c-button--hollow\" href=\"https:\/\/fourseasons-vilamoura.com\/about\/gallery\/\">\n    Fotografias<\/a>\n\n\n                <\/div>\n            \n                    <\/div>\n\n    <\/div>\n\n    \n    \n            <a href=\"https:\/\/fourseasons-vilamoura.com\/about\/gallery\/\" class=\"c-cta__detached-anchor\" href=\"https:\/\/fourseasons-vilamoura.com\/about\/gallery\/\"><\/a>\n    \n<\/div>\n\n<\/div><\/div><\/div><div id=\"pgc-1466-2-1\"  class=\"panel-grid-cell\" ><div id=\"panel-1466-2-1-0\" class=\"so-panel widget widget_cn-core-cta-widget panel-first-child panel-last-child\" data-index=\"4\" ><div\n\t\t\t\n\t\t\tclass=\"so-widget-cn-core-cta-widget so-widget-cn-core-cta-widget-base\"\n\t\t\t\n\t\t><div class=\"c-cta c-cta--layout-tile no-variation\">\n\n    <div class=\"c-cta__content\">\n\n        <div class=\"c-cta__inner\">\n\n                            <a href=\"https:\/\/fourseasons-vilamoura.com\/about\/location\/\" class=\"c-cta__anchor\">\n            \n            \n                          <div class=\"crop\">\n                <div data-src=\"https:\/\/hotelcms-production.imgix.net\/fourseasons-vilamoura.com\/wp-content\/uploads\/2023\/05\/Four-Seasons-Vilamoura-155.jpg\" data-crop=\"\" class=\"imgix-fluid  c-image c-cta__image\"><\/div><noscript><div style=\"background-image: url(https:\/\/hotelcms-production.imgix.net\/fourseasons-vilamoura.com\/wp-content\/uploads\/2023\/05\/Four-Seasons-Vilamoura-155.jpg);\" class=\"c-image c-cta__image\" ><\/div><\/noscript>              <\/div>\n            \n            \n                <div class=\"c-cta__headings\">\n\n                \n                                    <h2 class=\"c-cta__heading\">\n                        Localiza\u00e7\u00e3o                    <\/h2>\n                \n                \n                <\/div>\n\n            \n            \n                            <\/a>\n            \n                            <div class=\"c-cta__text \/ s-entry\">\n                    <p>O Four Seasons Vilamoura encontra-se situado a apenas alguns minutos dos areais dourados e dos mais disputados campos de golfe, padel e t\u00e9nis, que fazem da regi\u00e3o algarvia um dos melhores e mais cobi\u00e7ados destinos tur\u00edsticos europeus da atualidade.<\/p>\n                <\/div>\n            \n            \n                            <div class=\"c-cta__buttons\">\n                    <a  class=\"c-button button \/ c-cta__button  c-button--hollow\" href=\"https:\/\/fourseasons-vilamoura.com\/about\/location\/\">\n    Mais informa\u00e7\u00f5es<\/a>\n\n\n                <\/div>\n            \n                    <\/div>\n\n    <\/div>\n\n    \n    \n            <a href=\"https:\/\/fourseasons-vilamoura.com\/about\/location\/\" class=\"c-cta__detached-anchor\" href=\"https:\/\/fourseasons-vilamoura.com\/about\/location\/\"><\/a>\n    \n<\/div>\n\n<\/div><\/div><\/div><\/div><\/div><div id=\"pg-1466-3\"  class=\"panel-grid panel-has-style\" ><div class=\"c-row--valign-default c-row--widget-default c-row--margin-none c-row--column-small siteorigin-panels-stretch panel-row-style panel-row-style-for-1466-3\" data-stretch-type=\"full-stretched\" ><div id=\"pgc-1466-3-0\"  class=\"panel-grid-cell\" ><div id=\"panel-1466-3-0-0\" class=\"so-panel widget widget_cn-core-cta-widget panel-first-child panel-last-child\" data-index=\"5\" ><div\n\t\t\t\n\t\t\tclass=\"so-widget-cn-core-cta-widget so-widget-cn-core-cta-widget-base\"\n\t\t\t\n\t\t><div class=\"c-cta c-cta--layout-tile no-variation\">\n\n    <div class=\"c-cta__content\">\n\n        <div class=\"c-cta__inner\">\n\n                            <a href=\"https:\/\/fourseasons-vilamoura.com\/about\/facilities\/\" class=\"c-cta__anchor\">\n            \n            \n                          <div class=\"crop\">\n                <div data-src=\"https:\/\/hotelcms-production.imgix.net\/fourseasons-vilamoura.com\/wp-content\/uploads\/2023\/05\/Four-Seasons-Vilamoura-297.jpg\" data-crop=\"\" class=\"imgix-fluid  c-image c-cta__image\"><\/div><noscript><div style=\"background-image: url(https:\/\/hotelcms-production.imgix.net\/fourseasons-vilamoura.com\/wp-content\/uploads\/2023\/05\/Four-Seasons-Vilamoura-297.jpg);\" class=\"c-image c-cta__image\" ><\/div><\/noscript>              <\/div>\n            \n            \n                <div class=\"c-cta__headings\">\n\n                \n                                    <h2 class=\"c-cta__heading\">\n                        Comodidades                    <\/h2>\n                \n                \n                <\/div>\n\n            \n            \n                            <\/a>\n            \n                            <div class=\"c-cta__text \/ s-entry\">\n                    <p>Das instala\u00e7\u00f5es do Four Seasons Vilamoura Resort, fazem parte um gin\u00e1sio, destinado \u00e0 pr\u00e1tica de exerc\u00edcio f\u00edsico, uma sala de jogos, reservada aos mais novos, e um recanto de leitura, para quem procura alguma tranquilidade no sil\u00eancio das palavras.<\/p>\n                <\/div>\n            \n            \n                            <div class=\"c-cta__buttons\">\n                    <a  class=\"c-button button \/ c-cta__button  c-button--hollow\" href=\"https:\/\/fourseasons-vilamoura.com\/about\/facilities\/\">\n    Mais informa\u00e7\u00f5es<\/a>\n\n\n                <\/div>\n            \n                    <\/div>\n\n    <\/div>\n\n    \n    \n            <a href=\"https:\/\/fourseasons-vilamoura.com\/about\/facilities\/\" class=\"c-cta__detached-anchor\" href=\"https:\/\/fourseasons-vilamoura.com\/about\/facilities\/\"><\/a>\n    \n<\/div>\n\n<\/div><\/div><\/div><div id=\"pgc-1466-3-1\"  class=\"panel-grid-cell\" ><div id=\"panel-1466-3-1-0\" class=\"so-panel widget widget_cn-core-cta-widget panel-first-child panel-last-child\" data-index=\"6\" ><div\n\t\t\t\n\t\t\tclass=\"so-widget-cn-core-cta-widget so-widget-cn-core-cta-widget-base\"\n\t\t\t\n\t\t><div class=\"c-cta c-cta--layout-tile no-variation\">\n\n    <div class=\"c-cta__content\">\n\n        <div class=\"c-cta__inner\">\n\n                            <a href=\"https:\/\/fourseasons-vilamoura.com\/about\/blog\/\" class=\"c-cta__anchor\">\n            \n            \n                          <div class=\"crop\">\n                <div data-src=\"https:\/\/hotelcms-production.imgix.net\/fourseasons-vilamoura.com\/wp-content\/uploads\/2023\/06\/Four-Seasons-Vilamoura-277.jpg\" data-crop=\"\" class=\"imgix-fluid  c-image c-cta__image\"><\/div><noscript><div style=\"background-image: url(https:\/\/hotelcms-production.imgix.net\/fourseasons-vilamoura.com\/wp-content\/uploads\/2023\/06\/Four-Seasons-Vilamoura-277.jpg);\" class=\"c-image c-cta__image\" ><\/div><\/noscript>              <\/div>\n            \n            \n                <div class=\"c-cta__headings\">\n\n                \n                                    <h2 class=\"c-cta__heading\">\n                        Blogue                    <\/h2>\n                \n                \n                <\/div>\n\n            \n            \n                            <\/a>\n            \n                            <div class=\"c-cta__text \/ s-entry\">\n                    <p>Mantenha-se a par das novidades acerca do Four Seasons Vilamoura Resort.<\/p>\n                <\/div>\n            \n            \n                            <div class=\"c-cta__buttons\">\n                    <a  class=\"c-button button \/ c-cta__button  c-button--hollow\" href=\"https:\/\/fourseasons-vilamoura.com\/about\/blog\/\">\n    Mais informa\u00e7\u00f5es<\/a>\n\n\n                <\/div>\n            \n                    <\/div>\n\n    <\/div>\n\n    \n    \n            <a href=\"https:\/\/fourseasons-vilamoura.com\/about\/blog\/\" class=\"c-cta__detached-anchor\" href=\"https:\/\/fourseasons-vilamoura.com\/about\/blog\/\"><\/a>\n    \n<\/div>\n\n<\/div><\/div><\/div><\/div><\/div><div id=\"pg-1466-4\"  class=\"panel-grid panel-has-style\" ><div class=\"c-row--valign-default c-row--widget-default c-row--margin-default c-row--column-small siteorigin-panels-stretch panel-row-style panel-row-style-for-1466-4\" data-stretch-type=\"full-stretched\" ><div id=\"pgc-1466-4-0\"  class=\"panel-grid-cell panel-grid-cell-mobile-last\" ><div id=\"panel-1466-4-0-0\" class=\"so-panel widget widget_cn-core-cta-widget panel-first-child panel-last-child\" data-index=\"7\" ><div\n\t\t\t\n\t\t\tclass=\"so-widget-cn-core-cta-widget so-widget-cn-core-cta-widget-base\"\n\t\t\t\n\t\t><div class=\"c-cta c-cta--layout-tile no-variation\">\n\n    <div class=\"c-cta__content\">\n\n        <div class=\"c-cta__inner\">\n\n                            <a href=\"https:\/\/fourseasons-vilamoura.com\/about\/faqs\/\" class=\"c-cta__anchor\">\n            \n            \n                          <div class=\"crop\">\n                <div data-src=\"https:\/\/hotelcms-production.imgix.net\/fourseasons-vilamoura.com\/wp-content\/uploads\/2023\/06\/Four-Seasons-Vilamoura-272.jpg\" data-crop=\"manual\" class=\"imgix-fluid  c-image c-cta__image\" data-focus-horizontal=\"50\" data-focus-vertical=\"75\"><\/div><noscript><div style=\"background-image: url(https:\/\/hotelcms-production.imgix.net\/fourseasons-vilamoura.com\/wp-content\/uploads\/2023\/06\/Four-Seasons-Vilamoura-272.jpg);\" class=\"c-image c-cta__image\" ><\/div><\/noscript>              <\/div>\n            \n            \n                <div class=\"c-cta__headings\">\n\n                \n                                    <h2 class=\"c-cta__heading\">\n                        Perguntas feitas frequentemente                    <\/h2>\n                \n                \n                <\/div>\n\n            \n            \n                            <\/a>\n            \n                            <div class=\"c-cta__text \/ s-entry\">\n                    <p>Pretende alguma informa\u00e7\u00e3o?<\/p>\n                <\/div>\n            \n            \n                            <div class=\"c-cta__buttons\">\n                    <a  class=\"c-button button \/ c-cta__button  c-button--hollow\" href=\"https:\/\/fourseasons-vilamoura.com\/about\/faqs\/\">\n    Mais informa\u00e7\u00f5es<\/a>\n\n\n                <\/div>\n            \n                    <\/div>\n\n    <\/div>\n\n    \n    \n            <a href=\"https:\/\/fourseasons-vilamoura.com\/about\/faqs\/\" class=\"c-cta__detached-anchor\" href=\"https:\/\/fourseasons-vilamoura.com\/about\/faqs\/\"><\/a>\n    \n<\/div>\n\n<\/div><\/div><\/div><div id=\"pgc-1466-4-1\"  class=\"panel-grid-cell panel-grid-cell-empty\" ><\/div><\/div><\/div><div id=\"pg-1466-5\"  class=\"panel-grid panel-has-style\" ><div class=\"c-row--valign-default c-row--widget-default c-row--margin-none c-row--column-default c-row--secondary-tint siteorigin-panels-stretch panel-row-style panel-row-style-for-1466-5\" data-stretch-type=\"full\" ><div id=\"pgc-1466-5-0\"  class=\"panel-grid-cell\" ><div id=\"panel-1466-5-0-0\" class=\"so-panel widget widget_cn-core-instagram-posts-widget panel-first-child panel-last-child\" data-index=\"8\" ><div\n\t\t\t\n\t\t\tclass=\"so-widget-cn-core-instagram-posts-widget so-widget-cn-core-instagram-posts-widget-base\"\n\t\t\t\n\t\t><\/div><\/div><\/div><\/div><\/div><\/div>","protected":false},"excerpt":{"rendered":"<p>A respeito do Four Seasons Vilamoura Resort Check-in Check-out Adultos 1 adult 2 adults 3 adults 4 adults 5 adults 6 adults 7 adults 8 adults 9 adults 10 adults 1 Crian\u00e7as 0 children 1 child 2 children 3 children 4 children 0 Reservar O Four Seasons Vilamoura Resort \u00e9 o retiro perfeito para mi\u00fados &hellip;<\/p>\n","protected":false},"author":1,"featured_media":0,"parent":0,"menu_order":11,"comment_status":"closed","ping_status":"closed","template":"","meta":{"_acf_changed":false,"footnotes":""},"class_list":["post--1466","post--page","post--type-page","post--status-publish","post--hentry"],"acf":[],"_links":{"self":[{"href":"https:\/\/fourseasons-vilamoura.com\/pt-pt\/wp-json\/wp\/v2\/pages\/1466","targetHints":{"allow":["GET"]}}],"collection":[{"href":"https:\/\/fourseasons-vilamoura.com\/pt-pt\/wp-json\/wp\/v2\/pages"}],"about":[{"href":"https:\/\/fourseasons-vilamoura.com\/pt-pt\/wp-json\/wp\/v2\/types\/page"}],"author":[{"embeddable":true,"href":"https:\/\/fourseasons-vilamoura.com\/pt-pt\/wp-json\/wp\/v2\/users\/1"}],"replies":[{"embeddable":true,"href":"https:\/\/fourseasons-vilamoura.com\/pt-pt\/wp-json\/wp\/v2\/comments?post=1466"}],"version-history":[{"count":6,"href":"https:\/\/fourseasons-vilamoura.com\/pt-pt\/wp-json\/wp\/v2\/pages\/1466\/revisions"}],"predecessor-version":[{"id":2218,"href":"https:\/\/fourseasons-vilamoura.com\/pt-pt\/wp-json\/wp\/v2\/pages\/1466\/revisions\/2218"}],"wp:attachment":[{"href":"https:\/\/fourseasons-vilamoura.com\/pt-pt\/wp-json\/wp\/v2\/media?parent=1466"}],"curies":[{"name":"wp","href":"https:\/\/api.w.org\/{rel}","templated":true}]}}