{"id":1465,"date":"2023-05-22T14:23:53","date_gmt":"2023-05-22T13:23:53","guid":{"rendered":"https:\/\/fourseasons-villamoura.testingcreative.co.uk\/activities\/kids-zone\/"},"modified":"2026-03-26T15:26:00","modified_gmt":"2026-03-26T15:26:00","slug":"kids-zone","status":"publish","type":"page","link":"https:\/\/fourseasons-vilamoura.com\/pt-pt\/activities\/kids-zone\/","title":{"rendered":"Kids Zone"},"content":{"rendered":"<div id=\"pl-1465\"  class=\"panel-layout\" ><div id=\"pg-1465-0\"  class=\"panel-grid panel-has-style\" ><div class=\"c-row--valign-default c-row--widget-default c-row--margin-default c-row--column-none c-row--booking-form-hero-large siteorigin-panels-stretch panel-row-style panel-row-style-for-1465-0\" data-stretch-type=\"full-width-stretch\" ><div id=\"pgc-1465-0-0\"  class=\"panel-grid-cell\" ><div id=\"panel-1465-0-0-0\" class=\"so-panel widget widget_cn-core-hero-widget panel-first-child\" data-index=\"0\" ><div\n\t\t\t\n\t\t\tclass=\"so-widget-cn-core-hero-widget so-widget-cn-core-hero-widget-base\"\n\t\t\t\n\t\t><section class=\"c-hero no-variation\">\n    <div class=\"c-hero__inner\">\n        \n        <div class=\"c-hero__content\">\n\n                            <h1 class=\"c-hero__heading\">\n                    Espa\u00e7o infantil do Four Seasons Vilamoura Resort                <\/h1>\n            \n                            <p class=\"c-hero__subheading\">\n                    Kids Zone                <\/p>\n                    <\/div>\n\n        \n    <\/div>\n\n\n\n    \n    \n    <div data-src=\"https:\/\/hotelcms-production.imgix.net\/fourseasons-vilamoura.com\/wp-content\/uploads\/2023\/05\/Four-Seasons-Vilamoura-074.jpg\" data-crop=\"\" class=\"imgix-fluid  crop \/ c-hero__background\"><\/div><noscript><div style=\"background-image: url(https:\/\/hotelcms-production.imgix.net\/fourseasons-vilamoura.com\/wp-content\/uploads\/2023\/05\/Four-Seasons-Vilamoura-074.jpg);\" class=\"crop \/ c-hero__background\" ><\/div><\/noscript>\n    \n    <\/section>\n<\/div><\/div><div id=\"panel-1465-0-0-1\" class=\"so-panel widget widget_cn-booking-form-widget panel-last-child\" data-index=\"1\" ><div\n\t\t\t\n\t\t\tclass=\"so-widget-cn-booking-form-widget so-widget-cn-booking-form-widget-base\"\n\t\t\t\n\t\t>\n<form\n    method=\"GET\"\n    action=\"https:\/\/booking.profitroom.com\/en\/fourseasonsvilamoura\/pricelist\/rooms\/\"\n    class=\"c-booking-form  js-booking-form \"\n    data-module=\"classic-booking-form\"\n    data-module-options='{\"datepickerContainer\":\"input\"}'\n    data-adapter=\"profitroom\"\n>\n    <div class=\"c-booking-form__inner\">\n        \n        \n        <div class=\"c-booking-form__fields\">\n            \n            <label for=\"\" class=\"c-booking-form__field c-booking-form__field--check-in\">\n                <span class=\"c-booking-form__label\">Check-in<\/span>\n\n                <input\n                    type=\"date\"\n                    name=\"checkInDate\"\n                    class=\"c-booking-form__input  js-booking-form-check-in\"\n                    placeholder= \"Check-in\">\n            <\/label>\n\n            <label for=\"\" class=\"c-booking-form__field c-booking-form__field--check-out\">\n                <span class=\"c-booking-form__label\">Check-out<\/span>\n\n                <input\n                    type=\"date\"\n                    name=\"checkOutDate\"\n                    class=\"c-booking-form__input  js-booking-form-check-out\"\n                    placeholder=\"Check-out\"\n                >\n            <\/label>\n\n            \n            \n                            <label class=\"c-booking-form__field c-booking-form__field--adults  js-booking-form-stepper\">\n                    <span class=\"c-booking-form__label\">Adultos<\/span>\n\n                    <select\n                        class=\"c-booking-form__input  js-booking-form-input\"\n                        name=\"adults\"\n                        min=\"1\"\n                        max=\"10\"\n                    >\n                                                    <option value=\"1\" selected>\n                                1 adult                            <\/option>\n                                                    <option value=\"2\">\n                                2 adults                            <\/option>\n                                                    <option value=\"3\">\n                                3 adults                            <\/option>\n                                                    <option value=\"4\">\n                                4 adults                            <\/option>\n                                                    <option value=\"5\">\n                                5 adults                            <\/option>\n                                                    <option value=\"6\">\n                                6 adults                            <\/option>\n                                                    <option value=\"7\">\n                                7 adults                            <\/option>\n                                                    <option value=\"8\">\n                                8 adults                            <\/option>\n                                                    <option value=\"9\">\n                                9 adults                            <\/option>\n                                                    <option value=\"10\">\n                                10 adults                            <\/option>\n                                            <\/select>\n\n                    <button\n                        type=\"button\"\n                        class=\"c-booking-form__step c-booking-form__step--decrement  js-booking-form-step-decrement\"\n                    >\n                        <svg width=\"15\" height=\"15\" viewBox=\"0 0 15 15\" xmlns=\"http:\/\/www.w3.org\/2000\/svg\"><path fill=\"none\" stroke=\"#000\" stroke-miterlimit=\"10\" d=\"M15 7.5H0\"\/><\/svg>\n                    <\/button>\n\n                    <span class=\"c-booking-form__value  js-booking-form-value\">1<\/span>\n\n                    <button\n                        type=\"button\"\n                        class=\"c-booking-form__step c-booking-form__step--increment  js-booking-form-step-increment\"\n                    >\n                        <svg width=\"15\" height=\"15\" viewBox=\"0 0 15 15\" xmlns=\"http:\/\/www.w3.org\/2000\/svg\"><path d=\"M7.5 7.5H15 7.5v-7 7zm0 0v7.225V7.5H0h7.5z\" fill-rule=\"nonzero\" fill=\"none\" stroke=\"#000\" stroke-linecap=\"square\"\/><\/svg>\n                    <\/button>\n                <\/label>\n            \n                            <label class=\"c-booking-form__field c-booking-form__field--children  js-booking-form-stepper\">\n                    <span class=\"c-booking-form__label\">Crian\u00e7as<\/span>\n\n                    <select\n                        class=\"c-booking-form__input  js-booking-form-input\"\n                        name=\"children\"\n                        min=\"0\"\n                        max=\"4\"\n                    >\n                                                    <option value=\"0\" selected>\n                                0 children                            <\/option>\n                                                    <option value=\"1\">\n                                1 child                            <\/option>\n                                                    <option value=\"2\">\n                                2 children                            <\/option>\n                                                    <option value=\"3\">\n                                3 children                            <\/option>\n                                                    <option value=\"4\">\n                                4 children                            <\/option>\n                                            <\/select>\n\n                    <button\n                        type=\"button\"\n                        class=\"c-booking-form__step c-booking-form__step--decrement  js-booking-form-step-decrement\"\n                    >\n                        <svg width=\"15\" height=\"15\" viewBox=\"0 0 15 15\" xmlns=\"http:\/\/www.w3.org\/2000\/svg\"><path fill=\"none\" stroke=\"#000\" stroke-miterlimit=\"10\" d=\"M15 7.5H0\"\/><\/svg>\n                    <\/button>\n\n                    <span class=\"c-booking-form__value  js-booking-form-value\">0<\/span>\n\n                    <button\n                        type=\"button\"\n                        class=\"c-booking-form__step c-booking-form__step--increment  js-booking-form-step-increment\"\n                    >\n                        <svg width=\"15\" height=\"15\" viewBox=\"0 0 15 15\" xmlns=\"http:\/\/www.w3.org\/2000\/svg\"><path d=\"M7.5 7.5H15 7.5v-7 7zm0 0v7.225V7.5H0h7.5z\" fill-rule=\"nonzero\" fill=\"none\" stroke=\"#000\" stroke-linecap=\"square\"\/><\/svg>\n                    <\/button>\n                <\/label>\n                    <\/div>\n\n        <div class=\"c-booking-form__submit\">\n            <button type=\"submit\" class=\"c-button  c-booking-form__button  js-booking-form-button\">\n                Reservar            <\/button>\n        <\/div>\n    <\/div>\n\n    \n    \n    <\/form>\n<\/div><\/div><\/div><\/div><\/div><div id=\"pg-1465-1\"  class=\"panel-grid panel-has-style\" ><div class=\"c-row--sticky c-row--widget-default c-row--margin-large c-row--column-default c-row--leaf-background-left siteorigin-panels-stretch panel-row-style panel-row-style-for-1465-1\" data-stretch-type=\"full-width-stretch\" ><div id=\"pgc-1465-1-0\"  class=\"panel-grid-cell\" ><div id=\"panel-1465-1-0-0\" class=\"so-panel widget widget_cn-core-cta-widget panel-first-child\" data-index=\"2\" ><div\n\t\t\t\n\t\t\tclass=\"so-widget-cn-core-cta-widget so-widget-cn-core-cta-widget-base\"\n\t\t\t\n\t\t><div class=\"c-cta no-layout c-cta--left-align\">\n\n    <div class=\"c-cta__content\">\n\n        <div class=\"c-cta__inner\">\n\n            \n            \n            \n            \n                <div class=\"c-cta__headings\">\n\n                \n                                    <h2 class=\"c-cta__heading\">\n                        O lugar que mantem os pequenotes ocupados                    <\/h2>\n                \n                \n                <\/div>\n\n            \n            \n            \n            \n            \n            \n                    <\/div>\n\n    <\/div>\n\n    \n    \n    \n<\/div>\n\n<\/div><\/div><div id=\"panel-1465-1-0-1\" class=\"so-panel widget widget_cn-core-media-widget\" data-index=\"3\" ><div\n\t\t\t\n\t\t\tclass=\"so-widget-cn-core-media-widget so-widget-cn-core-media-widget-base\"\n\t\t\t\n\t\t>\n<section\n    class=\"c-media no-layout no-variation stack-media-first\"\n    data-module-options='{\"actionImageBehaviour\":\"replace_on_hover\"}'\n>\n    <article class=\"c-media__content\">\n        <div class=\"c-media__inner\">\n\n            \n                            <div class=\"c-media__headings\">\n                    \n                                            <h2 class=\"c-media__heading\">\n                            \u00c9 dada \u00eanfase \u00e0 amizade                        <\/h2>\n                    \n                                    <\/div>\n            \n                            <div class=\"c-media__text  s-entry\">\n                    <p>Sob a supervis\u00e3o da cuidadosa equipa de anima\u00e7\u00e3o do Four Seasons Vilamoura Resort, as crian\u00e7as divertem-se imenso, enquanto os tutores repousam.<\/p>\n<p>Did\u00e1tico e l\u00fadico, \u00e9 o local pr\u00f3prio para fazer novas amizades, enquanto se esquadrinha o pr\u00f3ximo manual a colorir. O Programa requer agendamento pr\u00e9vio obrigat\u00f3rio; para crian\u00e7as dos 4 aos 12 anos de idade; sujeito a altera\u00e7\u00f5es semanais<\/p>\n                <\/div>\n            \n            \n            <ol class=\"c-media__actions\">\n        \n            <li\n            class=\"c-media__action\"\n            data-image-id=\"\"\n            data-action-label=\"\"\n        >\n            <a  class=\"c-button  c-media__button c-button--download\" target=\"_blank\" href=\"https:\/\/hotelcms-production.imgix.net\/fourseasons-vilamoura.com\/wp-content\/uploads\/2026\/03\/2026.03.30-2026.04.17.pdf?fm=pdf\">\n    Programa de atividades<\/a>\n\n\n        <\/li>\n            <li\n            class=\"c-media__action\"\n            data-image-id=\"\"\n            data-action-label=\"\"\n        >\n            <a class=\"c-button  c-media__button c-button--download\" target=\"_blank\" href=\"https:\/\/acrobat.adobe.com\/id\/urn:aaid:sc:EU:0d54de63-3d80-489d-bd33-f24c2719b4bd?fbclid=IwY2xjawJbN21leHRuA2FlbQIxMAABHSw-llD_oDBn9dl09lJA9CXLAt-rqOLLYF4Rf0NUSbjV-ZAfzjzjts_Kvg_aem_6g9_M43cmCLuASAxplwUGQ\" rel=\"noopener\">\n    Ler as \u201cAventuras da Froggy &amp; Foxy\u201d, as nossas mascotes<\/a>\n\n\n        <\/li>\n            <li\n            class=\"c-media__action\"\n            data-image-id=\"\"\n            data-action-label=\"\"\n        >\n            <a class=\"c-button  c-media__button c-button--download\" target=\"_blank\" href=\"https:\/\/hotelcms-production.imgix.net\/fourseasons-vilamoura.com\/wp-content\/uploads\/2026\/03\/O-Misterio-do-Mapa-Magico-PT1.pdf?fm=pdf\">\n    Ler as \u201cO Miste\u0301rio do Mapa Ma\u0301gico\u201d<\/a>\n\n\n        <\/li>\n    <\/ol>\n\n            \n            \n        <\/div>\n    <\/article>\n\n            <aside class=\"c-media__item\">\n                    <\/aside>\n    \n    \n    <\/section>\n<\/div><\/div><div id=\"panel-1465-1-0-2\" class=\"so-panel widget widget_cn-core-media-widget panel-last-child\" data-index=\"4\" ><div\n\t\t\t\n\t\t\tclass=\"so-widget-cn-core-media-widget so-widget-cn-core-media-widget-base\"\n\t\t\t\n\t\t>\n<section\n    class=\"c-media no-layout no-variation stack-media-first\"\n    data-module-options='{\"actionImageBehaviour\":\"replace_on_hover\"}'\n>\n    <article class=\"c-media__content\">\n        <div class=\"c-media__inner\">\n\n            \n                            <div class=\"c-media__headings\">\n                    \n                                            <h2 class=\"c-media__heading\">\n                            Um complexo seguro                        <\/h2>\n                    \n                                    <\/div>\n            \n                            <div class=\"c-media__text  s-entry\">\n                    <p>Atrav\u00e9s de um fidedigno sistema de videovigil\u00e2ncia, a equipa de profissionais que constitui o Four Seasons Vilamoura Resort controla em tempo real, de uma forma discreta e permanente, todos os acontecimentos.<\/p>\n                <\/div>\n            \n            \n            \n                            <div class=\"c-media__buttons\">\n                    <a class=\"c-button  c-media__button c-button--conversion\" href=\"https:\/\/fourseasons-vilamoura.com\/contact\/\">\n    Reservar<\/a>\n\n\n                <\/div>\n            \n            \n        <\/div>\n    <\/article>\n\n    \n    \n            <a href=\"https:\/\/fourseasons-vilamoura.com\/contact\/\" class=\"c-media__anchor\" aria-hidden=\"true\"><\/a>\n    <\/section>\n<\/div><\/div><\/div><div id=\"pgc-1465-1-1\"  class=\"panel-grid-cell\" ><div id=\"panel-1465-1-1-0\" class=\"so-panel widget widget_cn-core-image-widget panel-first-child panel-last-child\" data-index=\"5\" ><div\n\t\t\t\n\t\t\tclass=\"so-widget-cn-core-image-widget so-widget-cn-core-image-widget-base\"\n\t\t\t\n\t\t>\n<div class=\"c-image-container  c-image--pattern-bottom-right\">\n    \n    <figure class=\"crop\">\n                    <div data-src=\"https:\/\/hotelcms-production.imgix.net\/fourseasons-vilamoura.com\/wp-content\/uploads\/2023\/05\/Four_Seasons_Vilamoura_a_0029.jpg\" data-crop=\"\" class=\"imgix-fluid  c-image\" data-caption=\"Portrait of smiling little girl working with plasticine in art and craft class of development school\"><\/div><noscript><div style=\"background-image: url(https:\/\/hotelcms-production.imgix.net\/fourseasons-vilamoura.com\/wp-content\/uploads\/2023\/05\/Four_Seasons_Vilamoura_a_0029.jpg);\" class=\"c-image\" ><\/div><\/noscript>            <\/figure>\n\n    <\/div>\n<\/div><\/div><\/div><\/div><\/div><div id=\"pg-1465-2\"  class=\"panel-grid panel-has-style\" ><div class=\"c-row--valign-default c-row--widget-default c-row--margin-none c-row--column-default siteorigin-panels-stretch panel-row-style panel-row-style-for-1465-2\" data-stretch-type=\"full-width-stretch\" ><div id=\"pgc-1465-2-0\"  class=\"panel-grid-cell\" ><div id=\"panel-1465-2-0-0\" class=\"so-panel widget widget_cn-core-heading-widget panel-first-child panel-last-child\" data-index=\"6\" ><div\n\t\t\t\n\t\t\tclass=\"so-widget-cn-core-heading-widget so-widget-cn-core-heading-widget-base\"\n\t\t\t\n\t\t><div class=\"c-heading  c-heading--left\">\n    \n            <h2 class=\"c-heading__heading \">\n            N\u00e3o deixe de consultar        <\/h2>\n    \n    <\/div>\n<\/div><\/div><\/div><\/div><\/div><div id=\"pg-1465-3\"  class=\"panel-grid panel-has-style\" ><div class=\"c-row--valign-default c-row--widget-default c-row--margin-default c-row--column-small siteorigin-panels-stretch panel-row-style panel-row-style-for-1465-3\" data-stretch-type=\"full-width-stretch\" ><div id=\"pgc-1465-3-0\"  class=\"panel-grid-cell\" ><div id=\"panel-1465-3-0-0\" class=\"so-panel widget widget_cn-core-cta-widget panel-first-child panel-last-child\" data-index=\"7\" ><div\n\t\t\t\n\t\t\tclass=\"so-widget-cn-core-cta-widget so-widget-cn-core-cta-widget-base\"\n\t\t\t\n\t\t><div class=\"c-cta c-cta--layout-tile no-variation\">\n\n    <div class=\"c-cta__content\">\n\n        <div class=\"c-cta__inner\">\n\n                            <a href=\"https:\/\/fourseasons-vilamoura.com\/family\/\" class=\"c-cta__anchor\">\n            \n            \n                          <div class=\"crop\">\n                <div data-src=\"https:\/\/hotelcms-production.imgix.net\/fourseasons-vilamoura.com\/wp-content\/uploads\/2023\/05\/Four-Seasons-Vilamoura-063.jpg\" data-crop=\"manual\" class=\"imgix-fluid  c-image c-cta__image\" data-focus-horizontal=\"25\" data-focus-vertical=\"50\"><\/div><noscript><div style=\"background-image: url(https:\/\/hotelcms-production.imgix.net\/fourseasons-vilamoura.com\/wp-content\/uploads\/2023\/05\/Four-Seasons-Vilamoura-063.jpg);\" class=\"c-image c-cta__image\" ><\/div><\/noscript>              <\/div>\n            \n            \n                <div class=\"c-cta__headings\">\n\n                \n                                    <h2 class=\"c-cta__heading\">\n                        Satisfa\u00e7\u00e3o garantida                    <\/h2>\n                \n                \n                <\/div>\n\n            \n            \n                            <\/a>\n            \n                            <div class=\"c-cta__text \/ s-entry\">\n                    <p>O Four Seasons Vilamoura Resort \u00e9 uma est\u00e2ncia tur\u00edstica familiar plena, dotada de instala\u00e7\u00f5es e de servi\u00e7os que agradam a gregos e troianos.<\/p>\n                <\/div>\n            \n            \n                            <div class=\"c-cta__buttons\">\n                    <a class=\"c-button button \/ c-cta__button  c-button--hollow\" href=\"https:\/\/fourseasons-vilamoura.com\/family\/\">\n    Mais informa\u00e7\u00f5es<\/a>\n\n\n                <\/div>\n            \n                    <\/div>\n\n    <\/div>\n\n    \n    \n            <a href=\"https:\/\/fourseasons-vilamoura.com\/family\/\" class=\"c-cta__detached-anchor\"><\/a>\n    \n<\/div>\n\n<\/div><\/div><\/div><div id=\"pgc-1465-3-1\"  class=\"panel-grid-cell\" ><div id=\"panel-1465-3-1-0\" class=\"so-panel widget widget_cn-core-cta-widget panel-first-child panel-last-child\" data-index=\"8\" ><div\n\t\t\t\n\t\t\tclass=\"so-widget-cn-core-cta-widget so-widget-cn-core-cta-widget-base\"\n\t\t\t\n\t\t><div class=\"c-cta c-cta--layout-tile no-variation\">\n\n    <div class=\"c-cta__content\">\n\n        <div class=\"c-cta__inner\">\n\n                            <a href=\"https:\/\/fourseasons-vilamoura.com\/offers\/\" class=\"c-cta__anchor\">\n            \n            \n                          <div class=\"crop\">\n                <div data-src=\"https:\/\/hotelcms-production.imgix.net\/fourseasons-vilamoura.com\/wp-content\/uploads\/2023\/05\/Four-Seasons-Vilamoura-206.jpg\" data-crop=\"\" class=\"imgix-fluid  c-image c-cta__image\"><\/div><noscript><div style=\"background-image: url(https:\/\/hotelcms-production.imgix.net\/fourseasons-vilamoura.com\/wp-content\/uploads\/2023\/05\/Four-Seasons-Vilamoura-206.jpg);\" class=\"c-image c-cta__image\" ><\/div><\/noscript>              <\/div>\n            \n            \n                <div class=\"c-cta__headings\">\n\n                \n                                    <h2 class=\"c-cta__heading\">\n                        Pacotes                    <\/h2>\n                \n                \n                <\/div>\n\n            \n            \n                            <\/a>\n            \n                            <div class=\"c-cta__text \/ s-entry\">\n                    <p>O Four Seasons Vilamoura Resort tem \u00e0 disposi\u00e7\u00e3o pacotes especiais para todos os gostos.<\/p>\n                <\/div>\n            \n            \n                            <div class=\"c-cta__buttons\">\n                    <a class=\"c-button button \/ c-cta__button  c-button--hollow\" href=\"https:\/\/fourseasons-vilamoura.com\/offers\/\">\n    Mais informa\u00e7\u00f5es<\/a>\n\n\n                <\/div>\n            \n                    <\/div>\n\n    <\/div>\n\n    \n    \n            <a href=\"https:\/\/fourseasons-vilamoura.com\/offers\/\" class=\"c-cta__detached-anchor\"><\/a>\n    \n<\/div>\n\n<\/div><\/div><\/div><\/div><\/div><\/div>","protected":false},"excerpt":{"rendered":"<p>Espa\u00e7o infantil do Four Seasons Vilamoura Resort Kids Zone Check-in Check-out Adultos 1 adult 2 adults 3 adults 4 adults 5 adults 6 adults 7 adults 8 adults 9 adults 10 adults 1 Crian\u00e7as 0 children 1 child 2 children 3 children 4 children 0 Reservar O lugar que mantem os pequenotes ocupados \u00c9 dada &hellip;<\/p>\n","protected":false},"author":1,"featured_media":0,"parent":1461,"menu_order":3,"comment_status":"closed","ping_status":"closed","template":"","meta":{"_acf_changed":false,"footnotes":""},"class_list":["post--1465","post--page","post--type-page","post--status-publish","post--hentry"],"acf":[],"_links":{"self":[{"href":"https:\/\/fourseasons-vilamoura.com\/pt-pt\/wp-json\/wp\/v2\/pages\/1465","targetHints":{"allow":["GET"]}}],"collection":[{"href":"https:\/\/fourseasons-vilamoura.com\/pt-pt\/wp-json\/wp\/v2\/pages"}],"about":[{"href":"https:\/\/fourseasons-vilamoura.com\/pt-pt\/wp-json\/wp\/v2\/types\/page"}],"author":[{"embeddable":true,"href":"https:\/\/fourseasons-vilamoura.com\/pt-pt\/wp-json\/wp\/v2\/users\/1"}],"replies":[{"embeddable":true,"href":"https:\/\/fourseasons-vilamoura.com\/pt-pt\/wp-json\/wp\/v2\/comments?post=1465"}],"version-history":[{"count":7,"href":"https:\/\/fourseasons-vilamoura.com\/pt-pt\/wp-json\/wp\/v2\/pages\/1465\/revisions"}],"predecessor-version":[{"id":5197,"href":"https:\/\/fourseasons-vilamoura.com\/pt-pt\/wp-json\/wp\/v2\/pages\/1465\/revisions\/5197"}],"up":[{"embeddable":true,"href":"https:\/\/fourseasons-vilamoura.com\/pt-pt\/wp-json\/wp\/v2\/pages\/1461"}],"wp:attachment":[{"href":"https:\/\/fourseasons-vilamoura.com\/pt-pt\/wp-json\/wp\/v2\/media?parent=1465"}],"curies":[{"name":"wp","href":"https:\/\/api.w.org\/{rel}","templated":true}]}}