{"id":1460,"date":"2023-05-22T14:40:01","date_gmt":"2023-05-22T13:40:01","guid":{"rendered":"https:\/\/fourseasons-villamoura.testingcreative.co.uk\/pampers-spa\/"},"modified":"2025-10-20T15:08:21","modified_gmt":"2025-10-20T14:08:21","slug":"pampers-spa","status":"publish","type":"page","link":"https:\/\/fourseasons-vilamoura.com\/pt-pt\/pampers-spa\/","title":{"rendered":"Pampers Centro de Est\u00e9tica e Spa"},"content":{"rendered":"<div id=\"pl-1460\"  class=\"panel-layout\" ><div id=\"pg-1460-0\"  class=\"panel-grid panel-has-style\" ><div class=\"c-row--valign-default c-row--widget-default c-row--margin-default c-row--column-none c-row--booking-form-hero-short siteorigin-panels-stretch panel-row-style panel-row-style-for-1460-0\" data-stretch-type=\"full-width-stretch\" ><div id=\"pgc-1460-0-0\"  class=\"panel-grid-cell\" ><div id=\"panel-1460-0-0-0\" class=\"so-panel widget widget_cn-core-hero-widget panel-first-child\" data-index=\"0\" ><div\n\t\t\t\n\t\t\tclass=\"so-widget-cn-core-hero-widget so-widget-cn-core-hero-widget-base\"\n\t\t\t\n\t\t><section class=\"c-hero c-hero--short has-video\">\n    <div class=\"c-hero__inner\">\n        \n        <div class=\"c-hero__content\">\n\n                            <h1 class=\"c-hero__heading\">\n                    Atividades de bem-estar e tratamentos de beleza no Four Seasons Vilamoura Resort                <\/h1>\n            \n                            <p class=\"c-hero__subheading\">\n                    Centro de Est\u00e9tica e Spa                <\/p>\n                    <\/div>\n\n        \n        <div class=\"c-hero__buttons\">\n\n            <a  class=\"c-button  c-button--play\" data-module=\"ajax-modal\" href=\"https:\/\/fourseasons-vilamoura.com\/pt-pt\/video\/homepage-testing\/\">\n    Ver v\u00eddeo<\/a>\n\n\n\n        <\/div>\n\n        \n    <\/div>\n\n\n\n    \n            <div class=\"c-hero__video-container\">\n            <video\n                class=\"js-hero-video\"\n                data-plyr-config='{\"controls\":[],\"autoplay\":true,\"muted\":true,\"loop\":{\"active\":true}}'\n                autoplay\n                muted\n                playsinline\n            >\n                <source src=\"https:\/\/cdn1.cinema8.com\/mp4\/12400\/153\/153755\/153755_853_1080_0.mp4\" type=\"video\/mp4\">\n            <\/video>\n        <\/div>\n    \n    <div data-src=\"https:\/\/hotelcms-production.imgix.net\/fourseasons-vilamoura.com\/wp-content\/uploads\/2023\/05\/Four-Seasons-Vilamoura-369.jpg\" data-crop=\"\" class=\"imgix-fluid  crop \/ c-hero__background\" data-caption=\"Spa\"><\/div><noscript><div style=\"background-image: url(https:\/\/hotelcms-production.imgix.net\/fourseasons-vilamoura.com\/wp-content\/uploads\/2023\/05\/Four-Seasons-Vilamoura-369.jpg);\" class=\"crop \/ c-hero__background\" ><\/div><\/noscript>\n    \n    <\/section>\n<\/div><\/div><div id=\"panel-1460-0-0-1\" class=\"so-panel widget widget_cn-booking-form-widget panel-last-child\" data-index=\"1\" ><div\n\t\t\t\n\t\t\tclass=\"so-widget-cn-booking-form-widget so-widget-cn-booking-form-widget-base\"\n\t\t\t\n\t\t>\n<form\n    method=\"GET\"\n    action=\"https:\/\/booking.profitroom.com\/en\/fourseasonsvilamoura\/pricelist\/rooms\/\"\n    class=\"c-booking-form  js-booking-form \"\n    data-module=\"classic-booking-form\"\n    data-module-options='{\"datepickerContainer\":\"input\"}'\n    data-adapter=\"profitroom\"\n>\n    <div class=\"c-booking-form__inner\">\n        \n        \n        <div class=\"c-booking-form__fields\">\n            \n            <label for=\"\" class=\"c-booking-form__field c-booking-form__field--check-in\">\n                <span class=\"c-booking-form__label\">Check-in<\/span>\n\n                <input\n                    type=\"date\"\n                    name=\"checkInDate\"\n                    class=\"c-booking-form__input  js-booking-form-check-in\"\n                    placeholder= \"Check-in\">\n            <\/label>\n\n            <label for=\"\" class=\"c-booking-form__field c-booking-form__field--check-out\">\n                <span class=\"c-booking-form__label\">Check-out<\/span>\n\n                <input\n                    type=\"date\"\n                    name=\"checkOutDate\"\n                    class=\"c-booking-form__input  js-booking-form-check-out\"\n                    placeholder=\"Check-out\"\n                >\n            <\/label>\n\n            \n            \n                            <label class=\"c-booking-form__field c-booking-form__field--adults  js-booking-form-stepper\">\n                    <span class=\"c-booking-form__label\">Adultos<\/span>\n\n                    <select\n                        class=\"c-booking-form__input  js-booking-form-input\"\n                        name=\"adults\"\n                        min=\"1\"\n                        max=\"10\"\n                    >\n                                                    <option value=\"1\" selected>\n                                1 adult                            <\/option>\n                                                    <option value=\"2\">\n                                2 adults                            <\/option>\n                                                    <option value=\"3\">\n                                3 adults                            <\/option>\n                                                    <option value=\"4\">\n                                4 adults                            <\/option>\n                                                    <option value=\"5\">\n                                5 adults                            <\/option>\n                                                    <option value=\"6\">\n                                6 adults                            <\/option>\n                                                    <option value=\"7\">\n                                7 adults                            <\/option>\n                                                    <option value=\"8\">\n                                8 adults                            <\/option>\n                                                    <option value=\"9\">\n                                9 adults                            <\/option>\n                                                    <option value=\"10\">\n                                10 adults                            <\/option>\n                                            <\/select>\n\n                    <button\n                        type=\"button\"\n                        class=\"c-booking-form__step c-booking-form__step--decrement  js-booking-form-step-decrement\"\n                    >\n                        <svg width=\"15\" height=\"15\" viewBox=\"0 0 15 15\" xmlns=\"http:\/\/www.w3.org\/2000\/svg\"><path fill=\"none\" stroke=\"#000\" stroke-miterlimit=\"10\" d=\"M15 7.5H0\"\/><\/svg>\n                    <\/button>\n\n                    <span class=\"c-booking-form__value  js-booking-form-value\">1<\/span>\n\n                    <button\n                        type=\"button\"\n                        class=\"c-booking-form__step c-booking-form__step--increment  js-booking-form-step-increment\"\n                    >\n                        <svg width=\"15\" height=\"15\" viewBox=\"0 0 15 15\" xmlns=\"http:\/\/www.w3.org\/2000\/svg\"><path d=\"M7.5 7.5H15 7.5v-7 7zm0 0v7.225V7.5H0h7.5z\" fill-rule=\"nonzero\" fill=\"none\" stroke=\"#000\" stroke-linecap=\"square\"\/><\/svg>\n                    <\/button>\n                <\/label>\n            \n                            <label class=\"c-booking-form__field c-booking-form__field--children  js-booking-form-stepper\">\n                    <span class=\"c-booking-form__label\">Crian\u00e7as<\/span>\n\n                    <select\n                        class=\"c-booking-form__input  js-booking-form-input\"\n                        name=\"children\"\n                        min=\"0\"\n                        max=\"4\"\n                    >\n                                                    <option value=\"0\" selected>\n                                0 children                            <\/option>\n                                                    <option value=\"1\">\n                                1 child                            <\/option>\n                                                    <option value=\"2\">\n                                2 children                            <\/option>\n                                                    <option value=\"3\">\n                                3 children                            <\/option>\n                                                    <option value=\"4\">\n                                4 children                            <\/option>\n                                            <\/select>\n\n                    <button\n                        type=\"button\"\n                        class=\"c-booking-form__step c-booking-form__step--decrement  js-booking-form-step-decrement\"\n                    >\n                        <svg width=\"15\" height=\"15\" viewBox=\"0 0 15 15\" xmlns=\"http:\/\/www.w3.org\/2000\/svg\"><path fill=\"none\" stroke=\"#000\" stroke-miterlimit=\"10\" d=\"M15 7.5H0\"\/><\/svg>\n                    <\/button>\n\n                    <span class=\"c-booking-form__value  js-booking-form-value\">0<\/span>\n\n                    <button\n                        type=\"button\"\n                        class=\"c-booking-form__step c-booking-form__step--increment  js-booking-form-step-increment\"\n                    >\n                        <svg width=\"15\" height=\"15\" viewBox=\"0 0 15 15\" xmlns=\"http:\/\/www.w3.org\/2000\/svg\"><path d=\"M7.5 7.5H15 7.5v-7 7zm0 0v7.225V7.5H0h7.5z\" fill-rule=\"nonzero\" fill=\"none\" stroke=\"#000\" stroke-linecap=\"square\"\/><\/svg>\n                    <\/button>\n                <\/label>\n                    <\/div>\n\n        <div class=\"c-booking-form__submit\">\n            <button type=\"submit\" class=\"c-button  c-booking-form__button  js-booking-form-button\">\n                Reservar            <\/button>\n        <\/div>\n    <\/div>\n\n    \n    \n    <\/form>\n<\/div><\/div><\/div><\/div><\/div><div id=\"pg-1460-1\"  class=\"panel-grid panel-has-style\" ><div class=\"c-row--valign-default c-row--widget-default c-row--margin-small c-row--column-default c-row--leaf-background-left siteorigin-panels-stretch panel-row-style panel-row-style-for-1460-1\" data-stretch-type=\"full-width-stretch\" ><div id=\"pgc-1460-1-0\"  class=\"panel-grid-cell\" ><div id=\"panel-1460-1-0-0\" class=\"so-panel widget widget_cn-core-media-widget panel-first-child panel-last-child\" data-index=\"2\" ><div\n\t\t\t\n\t\t\tclass=\"so-widget-cn-core-media-widget so-widget-cn-core-media-widget-base\"\n\t\t\t\n\t\t>\n<section\n    class=\"c-media c-media--layout-content-right c-media--light-pattern-bottom-right stack-media-first\"\n    data-module-options='{\"actionImageBehaviour\":\"replace_on_hover\"}'\n>\n    <article class=\"c-media__content\">\n        <div class=\"c-media__inner\">\n\n            \n                            <div class=\"c-media__headings\">\n                                            <p class=\"c-media__preheading\">\n                            Spa                        <\/p>\n                    \n                                            <h1 class=\"c-media__heading\">\n                            Mens sana in corpore sano                        <\/h1>\n                    \n                                    <\/div>\n            \n                            <div class=\"c-media__text  s-entry\">\n                    <p>Os massoterapeutas que integram a equipa que constitui o Four Seasons Vilamoura Resort ter\u00e3o muito gosto em marcar a diferen\u00e7a. Tem prefer\u00eancia por uma massagem com pedras quentes ou por uma hol\u00edstica?<\/p>\n<p>Cuide de si e dos seus.<\/p>\n                <\/div>\n            \n            \n            <ol class=\"c-media__actions\">\n        \n            <li\n            class=\"c-media__action\"\n            data-image-id=\"\"\n            data-action-label=\"See more\"\n        >\n            <a  class=\"c-button  c-media__button c-button--download\" target=\"_blank\" href=\"https:\/\/hotelcms-production.imgix.net\/fourseasons-vilamoura.com\/wp-content\/uploads\/2025\/10\/SPA-MENU-October-2025.pdf?fm=pdf\">\n    Pre\u00e7\u00e1rio<span>Baixar<\/span><\/a>\n\n\n        <\/li>\n    <\/ol>\n\n                            <div class=\"c-media__buttons\">\n                    <a  class=\"c-button  c-media__button c-button--conversion\" href=\"https:\/\/fourseasons-vilamoura.com\/contact\/\">\n    Reservar<\/a>\n\n\n                <\/div>\n            \n            \n        <\/div>\n    <\/article>\n\n            <aside class=\"c-media__item\">\n            <div data-src=\"https:\/\/hotelcms-production.imgix.net\/fourseasons-vilamoura.com\/wp-content\/uploads\/2023\/06\/Four-Seasons-Vilamoura-185.jpg\" data-crop=\"\" class=\"imgix-fluid  crop  c-media__image\"><\/div><noscript><div style=\"background-image: url(https:\/\/hotelcms-production.imgix.net\/fourseasons-vilamoura.com\/wp-content\/uploads\/2023\/06\/Four-Seasons-Vilamoura-185.jpg);\" class=\"crop  c-media__image\" ><\/div><\/noscript>        <\/aside>\n    \n    \n            <a\n            href=\"https:\/\/fourseasons-vilamoura.com\/contact\/\"\n            class=\"c-media__anchor\"\n            aria-hidden=\"true\"\n\n                    ><\/a>\n    <\/section>\n<\/div><\/div><\/div><\/div><\/div><div id=\"pg-1460-2\"  class=\"panel-grid panel-has-style\" ><div class=\"c-row--valign-default c-row--widget-default c-row--margin-small c-row--column-default siteorigin-panels-stretch panel-row-style panel-row-style-for-1460-2\" data-stretch-type=\"full-width-stretch\" ><div id=\"pgc-1460-2-0\"  class=\"panel-grid-cell\" ><div id=\"panel-1460-2-0-0\" class=\"so-panel widget widget_cn-core-media-widget panel-first-child panel-last-child\" data-index=\"3\" ><div\n\t\t\t\n\t\t\tclass=\"so-widget-cn-core-media-widget so-widget-cn-core-media-widget-base\"\n\t\t\t\n\t\t>\n<section\n    class=\"c-media c-media--layout-content-right c-media--light-pattern-bottom-right stack-media-first\"\n    data-module-options='{\"actionImageBehaviour\":\"replace_on_hover\"}'\n>\n    <article class=\"c-media__content\">\n        <div class=\"c-media__inner\">\n\n            \n                            <div class=\"c-media__headings\">\n                                            <p class=\"c-media__preheading\">\n                            Cabeleireiro &amp; Est\u00e9tica                        <\/p>\n                    \n                                            <h1 class=\"c-media__heading\">\n                            Cabeleireiro                        <\/h1>\n                    \n                                    <\/div>\n            \n                            <div class=\"c-media__text  s-entry\">\n                    <p>Dado que o conceito de beleza varia de pessoa para pessoa, poder\u00e1 obter aconselhamento personalizado se estiver indeciso quanto \u00e0 escolha da colora\u00e7\u00e3o ou do corte - a nossa equipa de profissionais ir\u00e1 ajud\u00e1-lo a estar e a sentir-se no seu melhor.<\/p>\n                <\/div>\n            \n            \n            <ol class=\"c-media__actions\">\n        \n            <li\n            class=\"c-media__action\"\n            data-image-id=\"\"\n            data-action-label=\"See more\"\n        >\n            <a  class=\"c-button  c-media__button c-button--download\" target=\"_blank\" href=\"https:\/\/hotelcms-production.imgix.net\/fourseasons-vilamoura.com\/wp-content\/uploads\/2025\/10\/SPA-MENU-October-2025.pdf?fm=pdf\">\n    Pre\u00e7\u00e1rio<\/a>\n\n\n        <\/li>\n    <\/ol>\n\n                            <div class=\"c-media__buttons\">\n                    <a  class=\"c-button  c-media__button c-button--conversion\" href=\"https:\/\/fourseasons-vilamoura.com\/contact\/\">\n    Contact us<\/a>\n\n\n                <\/div>\n            \n            \n        <\/div>\n    <\/article>\n\n            <aside class=\"c-media__item\">\n            <div data-src=\"https:\/\/hotelcms-production.imgix.net\/fourseasons-vilamoura.com\/wp-content\/uploads\/2023\/05\/Four-Seasons-Vilamoura-193.jpg\" data-crop=\"manual\" class=\"imgix-fluid  crop  c-media__image\" data-focus-horizontal=\"25\" data-focus-vertical=\"50\"><\/div><noscript><div style=\"background-image: url(https:\/\/hotelcms-production.imgix.net\/fourseasons-vilamoura.com\/wp-content\/uploads\/2023\/05\/Four-Seasons-Vilamoura-193.jpg);\" class=\"crop  c-media__image\" ><\/div><\/noscript>        <\/aside>\n    \n    \n            <a\n            href=\"https:\/\/fourseasons-vilamoura.com\/contact\/\"\n            class=\"c-media__anchor\"\n            aria-hidden=\"true\"\n\n                    ><\/a>\n    <\/section>\n<\/div><\/div><\/div><\/div><\/div><div id=\"pg-1460-3\"  class=\"panel-grid panel-has-style\" ><div class=\"c-row--valign-default c-row--widget-default c-row--margin-none c-row--column-default c-row--userflow siteorigin-panels-stretch panel-row-style panel-row-style-for-1460-3\" data-stretch-type=\"full\" ><div id=\"pgc-1460-3-0\"  class=\"panel-grid-cell\" ><div id=\"panel-1460-3-0-0\" class=\"so-panel widget widget_cn-core-media-group-widget panel-first-child panel-last-child\" data-index=\"4\" ><div\n\t\t\t\n\t\t\tclass=\"so-widget-cn-core-media-group-widget so-widget-cn-core-media-group-widget-base\"\n\t\t\t\n\t\t>\n<div\n    class=\"c-media-group\"\n    data-module=\"media-group\"\n    data-module-options='{\"toggleLabel\":{\"active\":\"\",\"inactive\":\"\"}}'\n>\n            <div class=\"c-media-group__header\">\n            \n                            <h2 class=\"c-media-group__heading\">N\u00e3o deixe de consultar<\/h2>\n            \n                    <\/div>\n    \n    \n    \n    <div class=\"c-media-group__items  js-media-group-items\">\n                    <div class=\"c-media-group__item  js-media-group-item\">\n                \n<section\n    class=\"c-media no-variation no-layout stack-media-first\"\n    data-module-options='{\"actionImageBehaviour\":\"replace_on_hover\"}'\n>\n    <article class=\"c-media__content\">\n        <div class=\"c-media__inner\">\n\n            \n                            <div class=\"c-media__headings\">\n                    \n                                            <h2 class=\"c-media__heading\">\n                            Satisfa\u00e7\u00e3o garantida                        <\/h2>\n                    \n                                    <\/div>\n            \n                            <div class=\"c-media__text  s-entry\">\n                    <p>O Four Seasons Vilamoura Resort \u00e9 uma est\u00e2ncia tur\u00edstica familiar plena, dotada de instala\u00e7\u00f5es e de servi\u00e7os que agradam a gregos e troianos.<\/p>\n                <\/div>\n            \n            \n            \n                            <div class=\"c-media__buttons\">\n                    <a  class=\"c-button  c-media__button no-variation\" href=\"https:\/\/fourseasons-vilamoura.com\/family\/\">\n    Mais informa\u00e7\u00f5es<\/a>\n\n\n                <\/div>\n            \n            \n        <\/div>\n    <\/article>\n\n            <aside class=\"c-media__item\">\n            <div data-src=\"https:\/\/hotelcms-production.imgix.net\/fourseasons-vilamoura.com\/wp-content\/uploads\/2023\/05\/Four-Seasons-Vilamoura-027.jpg\" data-crop=\"\" class=\"imgix-fluid  crop  c-media__image\"><\/div><noscript><div style=\"background-image: url(https:\/\/hotelcms-production.imgix.net\/fourseasons-vilamoura.com\/wp-content\/uploads\/2023\/05\/Four-Seasons-Vilamoura-027.jpg);\" class=\"crop  c-media__image\" ><\/div><\/noscript>        <\/aside>\n    \n    \n            <a\n            href=\"https:\/\/fourseasons-vilamoura.com\/family\/\"\n            class=\"c-media__anchor\"\n            aria-hidden=\"true\"\n\n                    ><\/a>\n    <\/section>\n\n                            <\/div>\n                    <div class=\"c-media-group__item  js-media-group-item\">\n                \n<section\n    class=\"c-media no-variation no-layout stack-media-first\"\n    data-module-options='{\"actionImageBehaviour\":\"replace_on_hover\"}'\n>\n    <article class=\"c-media__content\">\n        <div class=\"c-media__inner\">\n\n            \n                            <div class=\"c-media__headings\">\n                    \n                                            <h2 class=\"c-media__heading\">\n                            Atividades                        <\/h2>\n                    \n                                    <\/div>\n            \n                            <div class=\"c-media__text  s-entry\">\n                    <p>O Four Seasons Vilamoura Resort tem \u00e0 disposi\u00e7\u00e3o inumer\u00e1veis atividades para todos os gostos.<\/p>\n                <\/div>\n            \n            \n            \n                            <div class=\"c-media__buttons\">\n                    <a  class=\"c-button  c-media__button no-variation\" href=\"https:\/\/fourseasons-vilamoura.com\/activities\/\">\n    Mais informa\u00e7\u00f5es<\/a>\n\n\n                <\/div>\n            \n            \n        <\/div>\n    <\/article>\n\n            <aside class=\"c-media__item\">\n            <div data-src=\"https:\/\/hotelcms-production.imgix.net\/fourseasons-vilamoura.com\/wp-content\/uploads\/2023\/05\/Four-Seasons-Vilamoura-162.jpg\" data-crop=\"\" class=\"imgix-fluid  crop  c-media__image\"><\/div><noscript><div style=\"background-image: url(https:\/\/hotelcms-production.imgix.net\/fourseasons-vilamoura.com\/wp-content\/uploads\/2023\/05\/Four-Seasons-Vilamoura-162.jpg);\" class=\"crop  c-media__image\" ><\/div><\/noscript>        <\/aside>\n    \n    \n            <a\n            href=\"https:\/\/fourseasons-vilamoura.com\/activities\/\"\n            class=\"c-media__anchor\"\n            aria-hidden=\"true\"\n\n                    ><\/a>\n    <\/section>\n\n                            <\/div>\n            <\/div>\n<\/div>\n<\/div><\/div><\/div><\/div><\/div><div id=\"pg-1460-4\"  class=\"panel-grid panel-has-style\" ><div class=\"c-row--valign-default c-row--widget-default c-row--margin-none c-row--column-default c-row--secondary-tint siteorigin-panels-stretch panel-row-style panel-row-style-for-1460-4\" data-stretch-type=\"full\" ><div id=\"pgc-1460-4-0\"  class=\"panel-grid-cell\" ><div id=\"panel-1460-4-0-0\" class=\"so-panel widget widget_cn-core-instagram-posts-widget panel-first-child panel-last-child\" data-index=\"5\" ><div\n\t\t\t\n\t\t\tclass=\"so-widget-cn-core-instagram-posts-widget so-widget-cn-core-instagram-posts-widget-base\"\n\t\t\t\n\t\t><\/div><\/div><\/div><\/div><\/div><\/div>","protected":false},"excerpt":{"rendered":"<p>Atividades de bem-estar e tratamentos de beleza no Four Seasons Vilamoura Resort Centro de Est\u00e9tica e Spa Ver v\u00eddeo Check-in Check-out Adultos 1 adult 2 adults 3 adults 4 adults 5 adults 6 adults 7 adults 8 adults 9 adults 10 adults 1 Crian\u00e7as 0 children 1 child 2 children 3 children 4 children 0 &hellip;<\/p>\n","protected":false},"author":1,"featured_media":0,"parent":0,"menu_order":9,"comment_status":"closed","ping_status":"closed","template":"","meta":{"_acf_changed":false,"footnotes":""},"class_list":["post--1460","post--page","post--type-page","post--status-publish","post--hentry"],"acf":[],"_links":{"self":[{"href":"https:\/\/fourseasons-vilamoura.com\/pt-pt\/wp-json\/wp\/v2\/pages\/1460","targetHints":{"allow":["GET"]}}],"collection":[{"href":"https:\/\/fourseasons-vilamoura.com\/pt-pt\/wp-json\/wp\/v2\/pages"}],"about":[{"href":"https:\/\/fourseasons-vilamoura.com\/pt-pt\/wp-json\/wp\/v2\/types\/page"}],"author":[{"embeddable":true,"href":"https:\/\/fourseasons-vilamoura.com\/pt-pt\/wp-json\/wp\/v2\/users\/1"}],"replies":[{"embeddable":true,"href":"https:\/\/fourseasons-vilamoura.com\/pt-pt\/wp-json\/wp\/v2\/comments?post=1460"}],"version-history":[{"count":7,"href":"https:\/\/fourseasons-vilamoura.com\/pt-pt\/wp-json\/wp\/v2\/pages\/1460\/revisions"}],"predecessor-version":[{"id":4682,"href":"https:\/\/fourseasons-vilamoura.com\/pt-pt\/wp-json\/wp\/v2\/pages\/1460\/revisions\/4682"}],"wp:attachment":[{"href":"https:\/\/fourseasons-vilamoura.com\/pt-pt\/wp-json\/wp\/v2\/media?parent=1460"}],"curies":[{"name":"wp","href":"https:\/\/api.w.org\/{rel}","templated":true}]}}