{"id":1455,"date":"2023-05-22T14:22:50","date_gmt":"2023-05-22T13:22:50","guid":{"rendered":"https:\/\/fourseasons-villamoura.testingcreative.co.uk\/dining\/"},"modified":"2025-05-29T11:15:31","modified_gmt":"2025-05-29T10:15:31","slug":"dining","status":"publish","type":"page","link":"https:\/\/fourseasons-vilamoura.com\/pt-pt\/dining\/","title":{"rendered":"Gastronomia"},"content":{"rendered":"<div id=\"pl-1455\"  class=\"panel-layout\" ><div id=\"pg-1455-0\"  class=\"panel-grid panel-has-style\" ><div class=\"c-row--valign-default c-row--widget-default c-row--margin-default c-row--column-none c-row--booking-form-hero-large siteorigin-panels-stretch panel-row-style panel-row-style-for-1455-0\" data-stretch-type=\"full-width-stretch\" ><div id=\"pgc-1455-0-0\"  class=\"panel-grid-cell\" ><div id=\"panel-1455-0-0-0\" class=\"so-panel widget widget_cn-core-hero-widget panel-first-child\" data-index=\"0\" ><div\n\t\t\t\n\t\t\tclass=\"so-widget-cn-core-hero-widget so-widget-cn-core-hero-widget-base\"\n\t\t\t\n\t\t><section class=\"c-hero no-variation has-video\">\n    <div class=\"c-hero__inner\">\n        \n        <div class=\"c-hero__content\">\n\n                            <h1 class=\"c-hero__heading\">\n                    Gastronomia de elei\u00e7\u00e3o no Four Seasons Vilamoura Resort                <\/h1>\n            \n                            <p class=\"c-hero__subheading\">\n                    Experi\u00eancias raras at\u00e9 para gastr\u00f3nomos                <\/p>\n                    <\/div>\n\n        \n        <div class=\"c-hero__buttons\">\n\n            <a  class=\"c-button  c-button--play\" data-module=\"ajax-modal\" href=\"https:\/\/fourseasons-vilamoura.com\/pt-pt\/video\/homepage-testing\/\">\n    Ver v\u00eddeo<\/a>\n\n\n\n        <\/div>\n\n        \n    <\/div>\n\n\n\n    \n            <div class=\"c-hero__video-container\">\n            <video\n                class=\"js-hero-video\"\n                data-plyr-config='{\"controls\":[],\"autoplay\":true,\"muted\":true,\"loop\":{\"active\":true}}'\n                autoplay\n                muted\n                playsinline\n            >\n                <source src=\"https:\/\/cdn1.cinema8.com\/mp4\/12400\/153\/153758\/153758_853_1080_0.mp4\" type=\"video\/mp4\">\n            <\/video>\n        <\/div>\n    \n    <div data-src=\"https:\/\/hotelcms-production.imgix.net\/fourseasons-vilamoura.com\/wp-content\/uploads\/2023\/05\/Four_Seasons_Vilamoura_a_0023.jpg\" data-crop=\"\" class=\"imgix-fluid  crop \/ c-hero__background\"><\/div><noscript><div style=\"background-image: url(https:\/\/hotelcms-production.imgix.net\/fourseasons-vilamoura.com\/wp-content\/uploads\/2023\/05\/Four_Seasons_Vilamoura_a_0023.jpg);\" class=\"crop \/ c-hero__background\" ><\/div><\/noscript>\n    \n    <\/section>\n<\/div><\/div><div id=\"panel-1455-0-0-1\" class=\"so-panel widget widget_cn-booking-form-widget panel-last-child\" data-index=\"1\" ><div\n\t\t\t\n\t\t\tclass=\"so-widget-cn-booking-form-widget so-widget-cn-booking-form-widget-base\"\n\t\t\t\n\t\t>\n<form\n    method=\"GET\"\n    action=\"https:\/\/booking.profitroom.com\/en\/fourseasonsvilamoura\/pricelist\/rooms\/\"\n    class=\"c-booking-form  js-booking-form \"\n    data-module=\"classic-booking-form\"\n    data-module-options='{\"datepickerContainer\":\"input\"}'\n    data-adapter=\"profitroom\"\n>\n    <div class=\"c-booking-form__inner\">\n        \n        \n        <div class=\"c-booking-form__fields\">\n            \n            <label for=\"\" class=\"c-booking-form__field c-booking-form__field--check-in\">\n                <span class=\"c-booking-form__label\">Check-in<\/span>\n\n                <input\n                    type=\"date\"\n                    name=\"checkInDate\"\n                    class=\"c-booking-form__input  js-booking-form-check-in\"\n                    placeholder= \"Check-in\">\n            <\/label>\n\n            <label for=\"\" class=\"c-booking-form__field c-booking-form__field--check-out\">\n                <span class=\"c-booking-form__label\">Check-out<\/span>\n\n                <input\n                    type=\"date\"\n                    name=\"checkOutDate\"\n                    class=\"c-booking-form__input  js-booking-form-check-out\"\n                    placeholder=\"Check-out\"\n                >\n            <\/label>\n\n            \n            \n                            <label class=\"c-booking-form__field c-booking-form__field--adults  js-booking-form-stepper\">\n                    <span class=\"c-booking-form__label\">Adultos<\/span>\n\n                    <select\n                        class=\"c-booking-form__input  js-booking-form-input\"\n                        name=\"adults\"\n                        min=\"1\"\n                        max=\"10\"\n                    >\n                                                    <option value=\"1\" selected>\n                                1 adult                            <\/option>\n                                                    <option value=\"2\">\n                                2 adults                            <\/option>\n                                                    <option value=\"3\">\n                                3 adults                            <\/option>\n                                                    <option value=\"4\">\n                                4 adults                            <\/option>\n                                                    <option value=\"5\">\n                                5 adults                            <\/option>\n                                                    <option value=\"6\">\n                                6 adults                            <\/option>\n                                                    <option value=\"7\">\n                                7 adults                            <\/option>\n                                                    <option value=\"8\">\n                                8 adults                            <\/option>\n                                                    <option value=\"9\">\n                                9 adults                            <\/option>\n                                                    <option value=\"10\">\n                                10 adults                            <\/option>\n                                            <\/select>\n\n                    <button\n                        type=\"button\"\n                        class=\"c-booking-form__step c-booking-form__step--decrement  js-booking-form-step-decrement\"\n                    >\n                        <svg width=\"15\" height=\"15\" viewBox=\"0 0 15 15\" xmlns=\"http:\/\/www.w3.org\/2000\/svg\"><path fill=\"none\" stroke=\"#000\" stroke-miterlimit=\"10\" d=\"M15 7.5H0\"\/><\/svg>\n                    <\/button>\n\n                    <span class=\"c-booking-form__value  js-booking-form-value\">1<\/span>\n\n                    <button\n                        type=\"button\"\n                        class=\"c-booking-form__step c-booking-form__step--increment  js-booking-form-step-increment\"\n                    >\n                        <svg width=\"15\" height=\"15\" viewBox=\"0 0 15 15\" xmlns=\"http:\/\/www.w3.org\/2000\/svg\"><path d=\"M7.5 7.5H15 7.5v-7 7zm0 0v7.225V7.5H0h7.5z\" fill-rule=\"nonzero\" fill=\"none\" stroke=\"#000\" stroke-linecap=\"square\"\/><\/svg>\n                    <\/button>\n                <\/label>\n            \n                            <label class=\"c-booking-form__field c-booking-form__field--children  js-booking-form-stepper\">\n                    <span class=\"c-booking-form__label\">Crian\u00e7as<\/span>\n\n                    <select\n                        class=\"c-booking-form__input  js-booking-form-input\"\n                        name=\"children\"\n                        min=\"0\"\n                        max=\"4\"\n                    >\n                                                    <option value=\"0\" selected>\n                                0 children                            <\/option>\n                                                    <option value=\"1\">\n                                1 child                            <\/option>\n                                                    <option value=\"2\">\n                                2 children                            <\/option>\n                                                    <option value=\"3\">\n                                3 children                            <\/option>\n                                                    <option value=\"4\">\n                                4 children                            <\/option>\n                                            <\/select>\n\n                    <button\n                        type=\"button\"\n                        class=\"c-booking-form__step c-booking-form__step--decrement  js-booking-form-step-decrement\"\n                    >\n                        <svg width=\"15\" height=\"15\" viewBox=\"0 0 15 15\" xmlns=\"http:\/\/www.w3.org\/2000\/svg\"><path fill=\"none\" stroke=\"#000\" stroke-miterlimit=\"10\" d=\"M15 7.5H0\"\/><\/svg>\n                    <\/button>\n\n                    <span class=\"c-booking-form__value  js-booking-form-value\">0<\/span>\n\n                    <button\n                        type=\"button\"\n                        class=\"c-booking-form__step c-booking-form__step--increment  js-booking-form-step-increment\"\n                    >\n                        <svg width=\"15\" height=\"15\" viewBox=\"0 0 15 15\" xmlns=\"http:\/\/www.w3.org\/2000\/svg\"><path d=\"M7.5 7.5H15 7.5v-7 7zm0 0v7.225V7.5H0h7.5z\" fill-rule=\"nonzero\" fill=\"none\" stroke=\"#000\" stroke-linecap=\"square\"\/><\/svg>\n                    <\/button>\n                <\/label>\n                    <\/div>\n\n        <div class=\"c-booking-form__submit\">\n            <button type=\"submit\" class=\"c-button  c-booking-form__button  js-booking-form-button\">\n                Reservar            <\/button>\n        <\/div>\n    <\/div>\n\n    \n    \n    <\/form>\n<\/div><\/div><\/div><\/div><\/div><div id=\"pg-1455-1\"  class=\"panel-grid panel-has-style\" ><div class=\"c-row--valign-default c-row--widget-default c-row--margin-default c-row--column-default c-row--leaf-background-right siteorigin-panels-stretch panel-row-style panel-row-style-for-1455-1\" data-stretch-type=\"full-width-stretch\" ><div id=\"pgc-1455-1-0\"  class=\"panel-grid-cell\" ><div id=\"panel-1455-1-0-0\" class=\"so-panel widget widget_cn-core-cta-widget panel-first-child panel-last-child\" data-index=\"2\" ><div\n\t\t\t\n\t\t\tclass=\"so-widget-cn-core-cta-widget so-widget-cn-core-cta-widget-base\"\n\t\t\t\n\t\t><div class=\"c-cta no-layout c-cta--lead\">\n\n    <div class=\"c-cta__content\">\n\n        <div class=\"c-cta__inner\">\n\n            \n            \n                          <div class=\"img-fit\">\n                <img decoding=\"async\" data-src=\"https:\/\/hotelcms-production.imgix.net\/fourseasons-vilamoura.com\/wp-content\/uploads\/2023\/04\/Group-12753.svg\" data-crop=\"\" src=\"data:image\/gif;base64,R0lGODlhBAADAIAAAAAAAAAAACH5BAEAAAAALAAAAAAEAAMAAAIDhI9WADs=\" class=\"imgix-fluid \/ c-cta__image\" alt=\"\"  \/><noscript><img decoding=\"async\" src=\"https:\/\/hotelcms-production.imgix.net\/fourseasons-vilamoura.com\/wp-content\/uploads\/2023\/04\/Group-12753.svg\" class=\"c-cta__image\" alt=\"\"  \/><\/noscript>              <\/div>\n            \n            \n                <div class=\"c-cta__headings\">\n\n                \n                                    <h2 class=\"c-cta__heading\">\n                        Como a primeira refei\u00e7\u00e3o \u00e9 a mais importante, comece bem o dia com um pequeno-almo\u00e7o completo, equilibrado e variado, enquanto exerce o sentido da vista sobre as l\u00edmpidas piscinas exteriores. Ao almo\u00e7o, saboreio um cremoso Risotto de frutos do mar,acompanhado com uma deliciosa sangria feita na hora. Ao cair da tarde, deguste um cocktail refrescante enquanto se prepara para jantar num dos restaurantes que o complexo disponibiliza.                    <\/h2>\n                \n                \n                <\/div>\n\n            \n            \n            \n            \n            \n            \n                    <\/div>\n\n    <\/div>\n\n    \n    \n    \n<\/div>\n\n<\/div><\/div><\/div><\/div><\/div><div id=\"pg-1455-2\"  class=\"panel-grid panel-has-style\" ><div class=\"c-row--valign-default c-row--widget-default c-row--margin-small c-row--column-default siteorigin-panels-stretch panel-row-style panel-row-style-for-1455-2\" data-stretch-type=\"full-width-stretch\" ><div id=\"pgc-1455-2-0\"  class=\"panel-grid-cell\" ><div id=\"panel-1455-2-0-0\" class=\"so-panel widget widget_cn-core-media-widget panel-first-child panel-last-child\" data-index=\"3\" ><div\n\t\t\t\n\t\t\tclass=\"so-widget-cn-core-media-widget so-widget-cn-core-media-widget-base\"\n\t\t\t\n\t\t>\n<section\n    class=\"c-media c-media--layout-content-right c-media--short stack-media-first c-media--display-image-slider\"\n    data-module-options='{\"actionImageBehaviour\":\"replace_on_hover\"}'\n>\n    <article class=\"c-media__content\">\n        <div class=\"c-media__inner\">\n\n            \n                            <div class=\"c-media__headings\">\n                    \n                                            <h1 class=\"c-media__heading\">\n                            Restaurantes P\u00e1tio Al Fresco e The Brasserie                        <\/h1>\n                    \n                                            <h1 class=\"c-media__subheading\">\n                            Dieta mediterr\u00e2nica                        <\/h1>\n                                    <\/div>\n            \n                            <div class=\"c-media__text  s-entry\">\n                    <p>Apetece-lhe carne ou peixe? Que sobremesa deseja para finalizar a sua refei\u00e7\u00e3o? Qual \u00e9 o seu digestivo de elei\u00e7\u00e3o?<\/p>\n                <\/div>\n            \n            \n            <ol class=\"c-media__actions\">\n        \n            <li\n            class=\"c-media__action\"\n            data-image-id=\"\"\n            data-action-label=\"See more\"\n        >\n            <a  class=\"c-button  c-media__button no-variation\" href=\"https:\/\/fourseasons-vilamoura.com\/dining\/restaurants\/\">\n    Mais informa\u00e7\u00f5es<\/a>\n\n\n        <\/li>\n    <\/ol>\n\n            \n            \n        <\/div>\n    <\/article>\n\n            <aside class=\"c-media__item\">\n            \n<div\n    class=\"c-slider  c-media__slider  js-flickity\"\n    data-flickity-options='{\"pageDots\":\"\",\"prevNextButtons\":\"\",\"cellAlign\":\"center\",\"wrapAround\":true,\"imagesLoaded\":true,\"adaptiveHeight\":false,\"autoPlay\":\"\",\"pauseAutoPlayOnHover\":false}'\n>\n            <div class=\"c-slider__cell  js-flickity-cell\">\n            <div data-src=\"https:\/\/hotelcms-production.imgix.net\/fourseasons-vilamoura.com\/wp-content\/uploads\/2024\/06\/FM-165.jpg\" data-crop=\"\" class=\"imgix-fluid  crop  c-media__image\"><\/div><noscript><div style=\"background-image: url(https:\/\/hotelcms-production.imgix.net\/fourseasons-vilamoura.com\/wp-content\/uploads\/2024\/06\/FM-165.jpg);\" class=\"crop  c-media__image\" ><\/div><\/noscript>        <\/div>\n            <div class=\"c-slider__cell  js-flickity-cell\">\n            <div data-src=\"https:\/\/hotelcms-production.imgix.net\/fourseasons-vilamoura.com\/wp-content\/uploads\/2024\/06\/FM-211.jpg\" data-crop=\"\" class=\"imgix-fluid  crop  c-media__image\"><\/div><noscript><div style=\"background-image: url(https:\/\/hotelcms-production.imgix.net\/fourseasons-vilamoura.com\/wp-content\/uploads\/2024\/06\/FM-211.jpg);\" class=\"crop  c-media__image\" ><\/div><\/noscript>        <\/div>\n    <\/div>\n        <\/aside>\n    \n    \n    <\/section>\n<\/div><\/div><\/div><\/div><\/div><div id=\"pg-1455-3\"  class=\"panel-grid panel-has-style\" ><div class=\"c-row--valign-default c-row--widget-default c-row--margin-small c-row--column-default siteorigin-panels-stretch panel-row-style panel-row-style-for-1455-3\" data-stretch-type=\"full-width-stretch\" ><div id=\"pgc-1455-3-0\"  class=\"panel-grid-cell\" ><div id=\"panel-1455-3-0-0\" class=\"so-panel widget widget_cn-core-media-widget panel-first-child panel-last-child\" data-index=\"4\" ><div\n\t\t\t\n\t\t\tclass=\"so-widget-cn-core-media-widget so-widget-cn-core-media-widget-base\"\n\t\t\t\n\t\t>\n<section\n    class=\"c-media c-media--layout-content-right c-media--short stack-media-first\"\n    data-module-options='{\"actionImageBehaviour\":\"replace_on_hover\"}'\n>\n    <article class=\"c-media__content\">\n        <div class=\"c-media__inner\">\n\n            \n                            <div class=\"c-media__headings\">\n                    \n                                            <h1 class=\"c-media__heading\">\n                            Bar da Piscina e Cocktail Bar                        <\/h1>\n                    \n                                            <h1 class=\"c-media__subheading\">\n                            Bebidas que revitalizam                        <\/h1>\n                                    <\/div>\n            \n                            <div class=\"c-media__text  s-entry\">\n                    <p>De qual aperitivo gosta mais? Prefere um Cosmopolitan ou um Manhattan? Um c\u00e1lice de vinho da Madeira ou de vinho do Porto?<\/p>\n                <\/div>\n            \n            \n            <ol class=\"c-media__actions\">\n        \n            <li\n            class=\"c-media__action\"\n            data-image-id=\"0\"\n            data-action-label=\"See more\"\n        >\n            <a  class=\"c-button  c-media__button no-variation\" href=\"https:\/\/fourseasons-vilamoura.com\/dining\/bars\/\">\n    Mais informa\u00e7\u00f5es<\/a>\n\n\n        <\/li>\n    <\/ol>\n\n            \n            \n        <\/div>\n    <\/article>\n\n            <aside class=\"c-media__item\">\n            <div data-src=\"https:\/\/hotelcms-production.imgix.net\/fourseasons-vilamoura.com\/wp-content\/uploads\/2023\/05\/Four-Seasons-Vilamoura-259b.jpg\" data-crop=\"manual\" class=\"imgix-fluid  crop  c-media__image\" data-focus-horizontal=\"50\" data-focus-vertical=\"25\"><\/div><noscript><div style=\"background-image: url(https:\/\/hotelcms-production.imgix.net\/fourseasons-vilamoura.com\/wp-content\/uploads\/2023\/05\/Four-Seasons-Vilamoura-259b.jpg);\" class=\"crop  c-media__image\" ><\/div><\/noscript>        <\/aside>\n    \n    \n    <\/section>\n<\/div><\/div><\/div><\/div><\/div><div id=\"pg-1455-4\"  class=\"panel-grid panel-has-style\" ><div class=\"c-row--valign-default c-row--widget-default c-row--margin-small c-row--column-default siteorigin-panels-stretch panel-row-style panel-row-style-for-1455-4\" data-stretch-type=\"full-width-stretch\" ><div id=\"pgc-1455-4-0\"  class=\"panel-grid-cell\" ><div id=\"panel-1455-4-0-0\" class=\"so-panel widget widget_cn-core-media-widget panel-first-child panel-last-child\" data-index=\"5\" ><div\n\t\t\t\n\t\t\tclass=\"so-widget-cn-core-media-widget so-widget-cn-core-media-widget-base\"\n\t\t\t\n\t\t>\n<section\n    class=\"c-media c-media--layout-content-right c-media--short stack-media-first c-media--display-image-slider\"\n    data-module-options='{\"actionImageBehaviour\":\"replace_on_hover\"}'\n>\n    <article class=\"c-media__content\">\n        <div class=\"c-media__inner\">\n\n            \n                            <div class=\"c-media__headings\">\n                    \n                                            <h2 class=\"c-media__heading\">\n                            Jantares tem\u00e1ticos                        <\/h2>\n                    \n                                    <\/div>\n            \n                            <div class=\"c-media__text  s-entry\">\n                    <p>Os <em>Chefs<\/em> do Four Seasons Vilamoura Resort conhecem muito bem a cozinha internacional, dando ensejo a experi\u00eancias deliciosas.<\/p>\n                <\/div>\n            \n            \n            <ol class=\"c-media__actions\">\n        \n            <li\n            class=\"c-media__action\"\n            data-image-id=\"\"\n            data-action-label=\"See more\"\n        >\n            <a  class=\"c-button  c-media__button no-variation\" target=\"_blank\" href=\"https:\/\/fourseasons-vilamoura.com\/pt-pt\/dining\/themed-dining\/\">\n    Cozinha italiana<\/a>\n\n\n        <\/li>\n            <li\n            class=\"c-media__action\"\n            data-image-id=\"\"\n            data-action-label=\"See more\"\n        >\n            <a  class=\"c-button  c-media__button no-variation\" target=\"_blank\" href=\"https:\/\/fourseasons-vilamoura.com\/pt-pt\/dining\/themed-dining\/\">\n    Cozinha BBQ<\/a>\n\n\n        <\/li>\n            <li\n            class=\"c-media__action\"\n            data-image-id=\"\"\n            data-action-label=\"See more\"\n        >\n            <a  class=\"c-button  c-media__button no-variation\" target=\"_blank\" href=\"https:\/\/fourseasons-vilamoura.com\/pt-pt\/dining\/themed-dining\/\">\n    Sea Cozinha<\/a>\n\n\n        <\/li>\n            <li\n            class=\"c-media__action\"\n            data-image-id=\"\"\n            data-action-label=\"See more\"\n        >\n            <a  class=\"c-button  c-media__button no-variation\" target=\"_blank\" href=\"https:\/\/fourseasons-vilamoura.com\/pt-pt\/dining\/themed-dining\/\">\n    Cozinha brasileira<\/a>\n\n\n        <\/li>\n            <li\n            class=\"c-media__action\"\n            data-image-id=\"\"\n            data-action-label=\"See more\"\n        >\n            <a  class=\"c-button  c-media__button no-variation\" target=\"_blank\" href=\"https:\/\/fourseasons-vilamoura.com\/pt-pt\/dining\/themed-dining\/\">\n    Cozinha asi\u00e1tico<\/a>\n\n\n        <\/li>\n            <li\n            class=\"c-media__action\"\n            data-image-id=\"\"\n            data-action-label=\"See more\"\n        >\n            <a  class=\"c-button  c-media__button no-variation\" target=\"_blank\" href=\"https:\/\/fourseasons-vilamoura.com\/pt-pt\/dining\/themed-dining\/\">\n    Cozinha portuguesa<\/a>\n\n\n        <\/li>\n            <li\n            class=\"c-media__action\"\n            data-image-id=\"\"\n            data-action-label=\"See more\"\n        >\n            <a  class=\"c-button  c-media__button no-variation\" target=\"_blank\" href=\"https:\/\/fourseasons-vilamoura.com\/pt-pt\/dining\/themed-dining\/\">\n    Cozinha Sunday Roast<\/a>\n\n\n        <\/li>\n    <\/ol>\n\n                            <div class=\"c-media__buttons\">\n                    <a  class=\"c-button  c-media__button c-button--conversion\" href=\"https:\/\/fourseasons-vilamoura.com\/contact\/\">\n    Reservar<\/a>\n\n\n                <\/div>\n            \n            \n        <\/div>\n    <\/article>\n\n            <aside class=\"c-media__item\">\n            \n<div\n    class=\"c-slider  c-media__slider  js-flickity\"\n    data-flickity-options='{\"pageDots\":\"\",\"prevNextButtons\":\"\",\"cellAlign\":\"center\",\"wrapAround\":true,\"imagesLoaded\":true,\"adaptiveHeight\":false,\"autoPlay\":\"\",\"pauseAutoPlayOnHover\":false}'\n>\n            <div class=\"c-slider__cell  js-flickity-cell\">\n            <div data-src=\"https:\/\/hotelcms-production.imgix.net\/fourseasons-vilamoura.com\/wp-content\/uploads\/2024\/06\/FM-249.jpg\" data-crop=\"\" class=\"imgix-fluid  crop  c-media__image\"><\/div><noscript><div style=\"background-image: url(https:\/\/hotelcms-production.imgix.net\/fourseasons-vilamoura.com\/wp-content\/uploads\/2024\/06\/FM-249.jpg);\" class=\"crop  c-media__image\" ><\/div><\/noscript>        <\/div>\n            <div class=\"c-slider__cell  js-flickity-cell\">\n            <div data-src=\"https:\/\/hotelcms-production.imgix.net\/fourseasons-vilamoura.com\/wp-content\/uploads\/2023\/05\/Four-Seasons-Vilamoura-373.jpg\" data-crop=\"\" class=\"imgix-fluid  crop  c-media__image\" data-caption=\"Restaurants\"><\/div><noscript><div style=\"background-image: url(https:\/\/hotelcms-production.imgix.net\/fourseasons-vilamoura.com\/wp-content\/uploads\/2023\/05\/Four-Seasons-Vilamoura-373.jpg);\" class=\"crop  c-media__image\" ><\/div><\/noscript>        <\/div>\n            <div class=\"c-slider__cell  js-flickity-cell\">\n            <div data-src=\"https:\/\/hotelcms-production.imgix.net\/fourseasons-vilamoura.com\/wp-content\/uploads\/2024\/06\/FM-246.jpg\" data-crop=\"\" class=\"imgix-fluid  crop  c-media__image\"><\/div><noscript><div style=\"background-image: url(https:\/\/hotelcms-production.imgix.net\/fourseasons-vilamoura.com\/wp-content\/uploads\/2024\/06\/FM-246.jpg);\" class=\"crop  c-media__image\" ><\/div><\/noscript>        <\/div>\n    <\/div>\n        <\/aside>\n    \n    \n            <a\n            href=\"https:\/\/fourseasons-vilamoura.com\/contact\/\"\n            class=\"c-media__anchor\"\n            aria-hidden=\"true\"\n\n                    ><\/a>\n    <\/section>\n<\/div><\/div><\/div><\/div><\/div><div id=\"pg-1455-5\"  class=\"panel-grid panel-has-style\" ><div class=\"c-row--valign-default c-row--widget-default c-row--margin-none c-row--column-default c-row--secondary-tint siteorigin-panels-stretch panel-row-style panel-row-style-for-1455-5\" data-stretch-type=\"full\" ><div id=\"pgc-1455-5-0\"  class=\"panel-grid-cell\" ><div id=\"panel-1455-5-0-0\" class=\"so-panel widget widget_cn-core-instagram-posts-widget panel-first-child panel-last-child\" data-index=\"6\" ><div\n\t\t\t\n\t\t\tclass=\"so-widget-cn-core-instagram-posts-widget so-widget-cn-core-instagram-posts-widget-base\"\n\t\t\t\n\t\t><\/div><\/div><\/div><\/div><\/div><\/div>","protected":false},"excerpt":{"rendered":"<p>Gastronomia de elei\u00e7\u00e3o no Four Seasons Vilamoura Resort Experi\u00eancias raras at\u00e9 para gastr\u00f3nomos Ver v\u00eddeo Check-in Check-out Adultos 1 adult 2 adults 3 adults 4 adults 5 adults 6 adults 7 adults 8 adults 9 adults 10 adults 1 Crian\u00e7as 0 children 1 child 2 children 3 children 4 children 0 Reservar Como a primeira &hellip;<\/p>\n","protected":false},"author":1,"featured_media":0,"parent":0,"menu_order":7,"comment_status":"closed","ping_status":"closed","template":"","meta":{"_acf_changed":false,"footnotes":""},"class_list":["post--1455","post--page","post--type-page","post--status-publish","post--hentry"],"acf":[],"_links":{"self":[{"href":"https:\/\/fourseasons-vilamoura.com\/pt-pt\/wp-json\/wp\/v2\/pages\/1455","targetHints":{"allow":["GET"]}}],"collection":[{"href":"https:\/\/fourseasons-vilamoura.com\/pt-pt\/wp-json\/wp\/v2\/pages"}],"about":[{"href":"https:\/\/fourseasons-vilamoura.com\/pt-pt\/wp-json\/wp\/v2\/types\/page"}],"author":[{"embeddable":true,"href":"https:\/\/fourseasons-vilamoura.com\/pt-pt\/wp-json\/wp\/v2\/users\/1"}],"replies":[{"embeddable":true,"href":"https:\/\/fourseasons-vilamoura.com\/pt-pt\/wp-json\/wp\/v2\/comments?post=1455"}],"version-history":[{"count":7,"href":"https:\/\/fourseasons-vilamoura.com\/pt-pt\/wp-json\/wp\/v2\/pages\/1455\/revisions"}],"predecessor-version":[{"id":4292,"href":"https:\/\/fourseasons-vilamoura.com\/pt-pt\/wp-json\/wp\/v2\/pages\/1455\/revisions\/4292"}],"wp:attachment":[{"href":"https:\/\/fourseasons-vilamoura.com\/pt-pt\/wp-json\/wp\/v2\/media?parent=1455"}],"curies":[{"name":"wp","href":"https:\/\/api.w.org\/{rel}","templated":true}]}}